{"id":998,"date":"2020-04-06T09:28:37","date_gmt":"2020-04-06T09:28:37","guid":{"rendered":"https:\/\/biovegen.org\/?page_id=998"},"modified":"2020-05-11T17:24:08","modified_gmt":"2020-05-11T17:24:08","slug":"grupo-consultivo-veti","status":"publish","type":"page","link":"https:\/\/biovegen.org\/en\/actividades\/colaboraciones\/grupos-de-trabajo\/grupo-consultivo-veti\/","title":{"rendered":"Vet+I Consultative Group"},"content":{"rendered":"<div class=\"wp-block-image\"><figure class=\"aligncenter size-large\"><img decoding=\"async\" width=\"225\" height=\"124\" src=\"data:image\/gif;base64,R0lGODlhAQABAAAAACH5BAEKAAEALAAAAAABAAEAAAICTAEAOw==\" alt=\"\" class=\"wp-image-4958 lazyload\" data-src=\"https:\/\/biovegen.org\/wp-content\/uploads\/2020\/05\/VETI.jpg\"><\/figure><\/div>\n\n\n\n<p>This working group, organized by the Vet+i Foundation, is a forum for the exchange of information and coordination with the Administration, technological platforms and other related organizations. The group allows:<\/p>\n\n\n\n<ul class=\"wp-block-list\"><li>Communication and collaboration with the Departments responsible for livestock and animal health of the Autonomous Communities.<\/li><li>The exchange of information with the Ministries linked to the Vet+i Foundation.<\/li><li>The coordination and search for lines of collaboration with other technological platforms in the fields of health, agri-food, chemical sector, aquaculture, etc.<\/li><\/ul>\n\n\n\n<p>The following organizations are members of the Group:<\/p>\n\n\n\n<p><strong>Technological Platforms<\/strong><\/p>\n\n\n\n<div class=\"wp-block-image\"><figure class=\"aligncenter size-large\"><img fetchpriority=\"high\" decoding=\"async\" width=\"1024\" height=\"462\" src=\"data:image\/gif;base64,R0lGODlhAQABAAAAACH5BAEKAAEALAAAAAABAAEAAAICTAEAOw==\" alt=\"\" class=\"wp-image-999 lazyload\" sizes=\"(max-width: 1024px) 100vw, 1024px\" data-src=\"https:\/\/biovegen.org\/wp-content\/uploads\/2020\/04\/Logos_PTs_Veti-1024x462.jpg\" data-srcset=\"https:\/\/biovegen.org\/wp-content\/uploads\/2020\/04\/Logos_PTs_Veti-1024x462.jpg 1024w, https:\/\/biovegen.org\/wp-content\/uploads\/2020\/04\/Logos_PTs_Veti-600x271.jpg 600w, https:\/\/biovegen.org\/wp-content\/uploads\/2020\/04\/Logos_PTs_Veti-300x135.jpg 300w, https:\/\/biovegen.org\/wp-content\/uploads\/2020\/04\/Logos_PTs_Veti-768x347.jpg 768w, https:\/\/biovegen.org\/wp-content\/uploads\/2020\/04\/Logos_PTs_Veti.jpg 1035w\"><\/figure><\/div>\n\n\n\n<div style=\"height:50px\" aria-hidden=\"true\" class=\"wp-block-spacer\"><\/div>\n\n\n\n<p><strong>General State Administration<\/strong><\/p>\n\n\n\n<div class=\"wp-block-image\"><figure class=\"aligncenter size-large\"><img decoding=\"async\" width=\"1024\" height=\"251\" src=\"data:image\/gif;base64,R0lGODlhAQABAAAAACH5BAEKAAEALAAAAAABAAEAAAICTAEAOw==\" alt=\"\" class=\"wp-image-1000 lazyload\" sizes=\"(max-width: 1024px) 100vw, 1024px\" data-src=\"https:\/\/biovegen.org\/wp-content\/uploads\/2020\/04\/Logos_Ministerios_Veti-1024x251.jpg\" data-srcset=\"https:\/\/biovegen.org\/wp-content\/uploads\/2020\/04\/Logos_Ministerios_Veti-1024x251.jpg 1024w, https:\/\/biovegen.org\/wp-content\/uploads\/2020\/04\/Logos_Ministerios_Veti-600x147.jpg 600w, https:\/\/biovegen.org\/wp-content\/uploads\/2020\/04\/Logos_Ministerios_Veti-300x74.jpg 300w, https:\/\/biovegen.org\/wp-content\/uploads\/2020\/04\/Logos_Ministerios_Veti-768x188.jpg 768w, https:\/\/biovegen.org\/wp-content\/uploads\/2020\/04\/Logos_Ministerios_Veti.jpg 1065w\"><\/figure><\/div>\n\n\n\n<div style=\"height:50px\" aria-hidden=\"true\" class=\"wp-block-spacer\"><\/div>\n\n\n\n<p><strong>Autonomous Administration<\/strong><\/p>\n\n\n\n<div class=\"wp-block-image\"><figure class=\"aligncenter size-large\"><img loading=\"lazy\" decoding=\"async\" width=\"1024\" height=\"298\" src=\"data:image\/gif;base64,R0lGODlhAQABAAAAACH5BAEKAAEALAAAAAABAAEAAAICTAEAOw==\" alt=\"\" class=\"wp-image-1001 lazyload\" sizes=\"(max-width: 1024px) 100vw, 1024px\" data-src=\"https:\/\/biovegen.org\/wp-content\/uploads\/2020\/04\/Logos_autonomicos_Veti-1024x298.jpg\" data-srcset=\"https:\/\/biovegen.org\/wp-content\/uploads\/2020\/04\/Logos_autonomicos_Veti-1024x298.jpg 1024w, https:\/\/biovegen.org\/wp-content\/uploads\/2020\/04\/Logos_autonomicos_Veti-600x175.jpg 600w, https:\/\/biovegen.org\/wp-content\/uploads\/2020\/04\/Logos_autonomicos_Veti-300x87.jpg 300w, https:\/\/biovegen.org\/wp-content\/uploads\/2020\/04\/Logos_autonomicos_Veti-768x224.jpg 768w, https:\/\/biovegen.org\/wp-content\/uploads\/2020\/04\/Logos_autonomicos_Veti.jpg 1187w\"><\/figure><\/div>\n\n\n\n<div style=\"height:50px\" aria-hidden=\"true\" class=\"wp-block-spacer\"><\/div>\n\n\n\n<p><strong>Others<\/strong><\/p>\n\n\n\n<figure class=\"wp-block-image size-large\"><img loading=\"lazy\" decoding=\"async\" width=\"1024\" height=\"114\" src=\"data:image\/gif;base64,R0lGODlhAQABAAAAACH5BAEKAAEALAAAAAABAAEAAAICTAEAOw==\" alt=\"\" class=\"wp-image-1002 lazyload\" sizes=\"(max-width: 1024px) 100vw, 1024px\" data-src=\"https:\/\/biovegen.org\/wp-content\/uploads\/2020\/04\/Logos_otros_Veti-1024x114.jpg\" data-srcset=\"https:\/\/biovegen.org\/wp-content\/uploads\/2020\/04\/Logos_otros_Veti-1024x114.jpg 1024w, https:\/\/biovegen.org\/wp-content\/uploads\/2020\/04\/Logos_otros_Veti-600x67.jpg 600w, https:\/\/biovegen.org\/wp-content\/uploads\/2020\/04\/Logos_otros_Veti-300x33.jpg 300w, https:\/\/biovegen.org\/wp-content\/uploads\/2020\/04\/Logos_otros_Veti-768x85.jpg 768w, https:\/\/biovegen.org\/wp-content\/uploads\/2020\/04\/Logos_otros_Veti.jpg 1123w\"><\/figure>","protected":false},"excerpt":{"rendered":"<p>Este grupo de trabajo, organizado por la Fudaci\u00f3n Vet+i, es un foro de intercambio de informaci\u00f3n y coordinaci\u00f3n con la Administraci\u00f3n, las plataformas tecnol\u00f3gicas y otras organizaciones afines. El&nbsp;grupo permite: La comunicaci\u00f3n y colaboraci\u00f3n con los Departamentos responsables de la ganader\u00eda y de la sanidad animal de las CC.AA. El intercambio de informaci\u00f3n con los [&hellip;]<\/p>\n","protected":false},"author":1,"featured_media":0,"parent":317,"menu_order":4,"comment_status":"closed","ping_status":"closed","template":"","meta":{"_acf_changed":false,"inline_featured_image":false,"footnotes":""},"categories":[],"class_list":["post-998","page","type-page","status-publish","hentry"],"acf":[],"_links":{"self":[{"href":"https:\/\/biovegen.org\/en\/wp-json\/wp\/v2\/pages\/998","targetHints":{"allow":["GET"]}}],"collection":[{"href":"https:\/\/biovegen.org\/en\/wp-json\/wp\/v2\/pages"}],"about":[{"href":"https:\/\/biovegen.org\/en\/wp-json\/wp\/v2\/types\/page"}],"author":[{"embeddable":true,"href":"https:\/\/biovegen.org\/en\/wp-json\/wp\/v2\/users\/1"}],"replies":[{"embeddable":true,"href":"https:\/\/biovegen.org\/en\/wp-json\/wp\/v2\/comments?post=998"}],"version-history":[{"count":0,"href":"https:\/\/biovegen.org\/en\/wp-json\/wp\/v2\/pages\/998\/revisions"}],"up":[{"embeddable":true,"href":"https:\/\/biovegen.org\/en\/wp-json\/wp\/v2\/pages\/317"}],"wp:attachment":[{"href":"https:\/\/biovegen.org\/en\/wp-json\/wp\/v2\/media?parent=998"}],"wp:term":[{"taxonomy":"category","embeddable":true,"href":"https:\/\/biovegen.org\/en\/wp-json\/wp\/v2\/categories?post=998"}],"curies":[{"name":"wp","href":"https:\/\/api.w.org\/{rel}","templated":true}]}}