{"id":992,"date":"2020-04-03T11:42:59","date_gmt":"2020-04-03T11:42:59","guid":{"rendered":"https:\/\/biovegen.org\/?page_id=992"},"modified":"2020-07-30T07:07:07","modified_gmt":"2020-07-30T07:07:07","slug":"grupo-de-trabajo-sector-hortofruticola","status":"publish","type":"page","link":"https:\/\/biovegen.org\/en\/actividades\/colaboraciones\/grupos-de-trabajo\/grupo-de-trabajo-sector-hortofruticola\/","title":{"rendered":"Food for Life Spain Working Groups"},"content":{"rendered":"<h2 class=\"wp-block-heading\"><strong>Food for Life Spain Working Groups<\/strong><\/h2>\n\n\n\n<p>These Working Groups are spaces dedicated to boosting research, development and innovation (R+D+i) in the different industries represented in them, through the dissemination of knowledge and the generation of opportunities for collaborative projects. <\/p>\n\n\n\n<p>Participation in these Working Groups is framed<br>within the collaboration maintained between FOOD FOR LIFE and<br>BIOVEGEN with the objective of generating projects, activities<br>R&amp;D and boost public-private collaboration.<\/p>\n\n\n\n<figure class=\"wp-block-image size-large is-resized\"><a href=\"http:\/\/foodforlife-spain.es\/grupos-de-trabajo\/sector-hortofruticola\/\" target=\"_blank\" rel=\"noopener noreferrer\"><img fetchpriority=\"high\" decoding=\"async\" src=\"data:image\/gif;base64,R0lGODlhAQABAAAAACH5BAEKAAEALAAAAAABAAEAAAICTAEAOw==\" alt=\"\" class=\"wp-image-7129 lazyload\" width=\"512\" height=\"337\" sizes=\"(max-width: 512px) 100vw, 512px\" data-src=\"https:\/\/biovegen.org\/wp-content\/uploads\/2020\/07\/Captura-de-pantalla-2020-07-21-a-las-10.01.38-1-1024x674.png\" data-srcset=\"https:\/\/biovegen.org\/wp-content\/uploads\/2020\/07\/Captura-de-pantalla-2020-07-21-a-las-10.01.38-1-1024x674.png 1024w, https:\/\/biovegen.org\/wp-content\/uploads\/2020\/07\/Captura-de-pantalla-2020-07-21-a-las-10.01.38-1-600x395.png 600w, https:\/\/biovegen.org\/wp-content\/uploads\/2020\/07\/Captura-de-pantalla-2020-07-21-a-las-10.01.38-1-300x197.png 300w, https:\/\/biovegen.org\/wp-content\/uploads\/2020\/07\/Captura-de-pantalla-2020-07-21-a-las-10.01.38-1-768x505.png 768w, https:\/\/biovegen.org\/wp-content\/uploads\/2020\/07\/Captura-de-pantalla-2020-07-21-a-las-10.01.38-1.png 1258w\"><\/a><\/figure>\n\n\n\n<div style=\"height:20px\" aria-hidden=\"true\" class=\"wp-block-spacer\"><\/div>\n\n\n\n<figure class=\"wp-block-image size-large is-resized\"><a href=\"http:\/\/foodforlife-spain.es\/grupos-de-trabajo\/alimentacion-y-salud\/\" target=\"_blank\" rel=\"noopener noreferrer\"><img decoding=\"async\" src=\"data:image\/gif;base64,R0lGODlhAQABAAAAACH5BAEKAAEALAAAAAABAAEAAAICTAEAOw==\" alt=\"\" class=\"wp-image-7130 lazyload\" width=\"512\" height=\"337\" data-src=\"https:\/\/biovegen.org\/wp-content\/uploads\/2020\/07\/Captura-de-pantalla-2020-07-21-a-las-10.01.55-1.png\"><\/a><\/figure>\n\n\n\n<div style=\"height:20px\" aria-hidden=\"true\" class=\"wp-block-spacer\"><\/div>\n\n\n\n<figure class=\"wp-block-image size-large is-resized\"><a href=\"http:\/\/foodforlife-spain.es\/grupos-de-trabajo\/formacion-y-transferencia-de-tecnologia\/\" target=\"_blank\" rel=\"noopener noreferrer\"><img decoding=\"async\" src=\"data:image\/gif;base64,R0lGODlhAQABAAAAACH5BAEKAAEALAAAAAABAAEAAAICTAEAOw==\" alt=\"\" class=\"wp-image-7126 lazyload\" width=\"512\" height=\"337\" data-src=\"https:\/\/biovegen.org\/wp-content\/uploads\/2020\/07\/Captura-de-pantalla-2020-07-21-a-las-10.02.05-1024x798.png\"><\/a><\/figure>\n\n\n\n<div style=\"height:20px\" aria-hidden=\"true\" class=\"wp-block-spacer\"><\/div>\n\n\n\n<figure class=\"wp-block-image size-large is-resized\"><a href=\"http:\/\/foodforlife-spain.es\/grupos-de-trabajo\/calidad-produccion-y-sostenibilidad\/\" target=\"_blank\" rel=\"noopener noreferrer\"><img loading=\"lazy\" decoding=\"async\" src=\"data:image\/gif;base64,R0lGODlhAQABAAAAACH5BAEKAAEALAAAAAABAAEAAAICTAEAOw==\" alt=\"\" class=\"wp-image-7131 lazyload\" width=\"512\" height=\"337\" data-src=\"https:\/\/biovegen.org\/wp-content\/uploads\/2020\/07\/Captura-de-pantalla-2020-07-21-a-las-10.02.14-1-1024x666.png\"><\/a><\/figure>\n\n\n\n<div style=\"height:20px\" aria-hidden=\"true\" class=\"wp-block-spacer\"><\/div>\n\n\n\n<figure class=\"wp-block-image size-large is-resized\"><a href=\"http:\/\/foodforlife-spain.es\/grupos-de-trabajo\/envases-y-embalajes\/\" target=\"_blank\" rel=\"noopener noreferrer\"><img loading=\"lazy\" decoding=\"async\" src=\"data:image\/gif;base64,R0lGODlhAQABAAAAACH5BAEKAAEALAAAAAABAAEAAAICTAEAOw==\" alt=\"\" class=\"wp-image-7128 lazyload\" width=\"512\" height=\"337\" data-src=\"https:\/\/biovegen.org\/wp-content\/uploads\/2020\/07\/Captura-de-pantalla-2020-07-21-a-las-10.02.24-1024x688.png\"><\/a><\/figure>\n\n\n\n<div style=\"height:20px\" aria-hidden=\"true\" class=\"wp-block-spacer\"><\/div>\n\n\n\n<div class=\"wp-block-buttons is-layout-flex wp-block-buttons-is-layout-flex\">\n<div class=\"wp-block-button\"><a class=\"wp-block-button__link\" href=\"http:\/\/foodforlife-spain.es\/grupos-de-trabajo\/\" target=\"_blank\" rel=\"noreferrer noopener\">More information about the Food For Life Spain Working Groups<\/a><\/div>\n<\/div>\n\n\n\n<div style=\"height:71px\" aria-hidden=\"true\" class=\"wp-block-spacer\"><\/div>","protected":false},"excerpt":{"rendered":"<p>Grupos de Trabajo de Food for Life Spain Estos Grupos de Trabajo son espacios dedicados a dinamizar la investigaci\u00f3n, el desarrollo y la innovaci\u00f3n (I+D+i) en las diferentes industrias representadas en los mismos, por medio de la divulgaci\u00f3n del conocimiento y de la generaci\u00f3n de oportunidades de proyectos colaborativos. La participaci\u00f3n en estos Grupo de [&hellip;]<\/p>\n","protected":false},"author":1,"featured_media":0,"parent":317,"menu_order":3,"comment_status":"closed","ping_status":"closed","template":"","meta":{"_acf_changed":false,"inline_featured_image":false,"footnotes":""},"categories":[346],"class_list":["post-992","page","type-page","status-publish","hentry","category-f4ls"],"acf":[],"_links":{"self":[{"href":"https:\/\/biovegen.org\/en\/wp-json\/wp\/v2\/pages\/992","targetHints":{"allow":["GET"]}}],"collection":[{"href":"https:\/\/biovegen.org\/en\/wp-json\/wp\/v2\/pages"}],"about":[{"href":"https:\/\/biovegen.org\/en\/wp-json\/wp\/v2\/types\/page"}],"author":[{"embeddable":true,"href":"https:\/\/biovegen.org\/en\/wp-json\/wp\/v2\/users\/1"}],"replies":[{"embeddable":true,"href":"https:\/\/biovegen.org\/en\/wp-json\/wp\/v2\/comments?post=992"}],"version-history":[{"count":0,"href":"https:\/\/biovegen.org\/en\/wp-json\/wp\/v2\/pages\/992\/revisions"}],"up":[{"embeddable":true,"href":"https:\/\/biovegen.org\/en\/wp-json\/wp\/v2\/pages\/317"}],"wp:attachment":[{"href":"https:\/\/biovegen.org\/en\/wp-json\/wp\/v2\/media?parent=992"}],"wp:term":[{"taxonomy":"category","embeddable":true,"href":"https:\/\/biovegen.org\/en\/wp-json\/wp\/v2\/categories?post=992"}],"curies":[{"name":"wp","href":"https:\/\/api.w.org\/{rel}","templated":true}]}}