{"id":9827,"date":"2021-03-22T11:26:49","date_gmt":"2021-03-22T11:26:49","guid":{"rendered":"https:\/\/biovegen.org\/?page_id=9827"},"modified":"2021-05-10T11:05:47","modified_gmt":"2021-05-10T11:05:47","slug":"simposio-edicion-genomica-de-cultivos-mas-alla-de-la-ciencia-resenas-curriculares","status":"publish","type":"page","link":"https:\/\/biovegen.org\/en\/actividades\/eventos\/conferencias-internacionales\/simposio-edicion-genomica-de-cultivos-mas-alla-de-la-ciencia-resenas-curriculares\/","title":{"rendered":"Crop Genomics Edition Symposium: beyond science \u2013 Curriculum overviews"},"content":{"rendered":"<p>Toni Granell. <em>Institute of Molecular and Cellular Biology of Plants \u2013 IBMCP (CSIC-UPV)<\/em><\/p>\n\n\n\n<div class=\"wp-block-image\"><figure class=\"aligncenter size-large\"><img decoding=\"async\" width=\"208\" height=\"232\" src=\"data:image\/gif;base64,R0lGODlhAQABAAAAACH5BAEKAAEALAAAAAABAAEAAAICTAEAOw==\" alt=\"\" class=\"wp-image-9828 lazyload\" data-src=\"https:\/\/biovegen.org\/wp-content\/uploads\/2021\/03\/Toni-Granell.jpg\"><figcaption>Toni Granell<\/figcaption><\/figure><\/div>\n\n\n\n<p>User and developer of CRISPR technology in its application to crop plants and specifically in tomatoes. It has managed to obtain lines of hypoallergenic tomatoes through CRISPR targeting 6 of the major tomato allergens, as well as tomatoes with better flavor and nutritional\/health content.<\/p>\n\n\n\n<hr class=\"wp-block-separator is-style-default\"\/>\n\n\n\n<p>Francis Mojica. <em>University of Alicante (UA)<\/em><\/p>\n\n\n\n<div class=\"wp-block-image\"><figure class=\"aligncenter size-large\"><img decoding=\"async\" width=\"206\" height=\"237\" src=\"data:image\/gif;base64,R0lGODlhAQABAAAAACH5BAEKAAEALAAAAAABAAEAAAICTAEAOw==\" alt=\"\" class=\"wp-image-9829 lazyload\" data-src=\"https:\/\/biovegen.org\/wp-content\/uploads\/2021\/03\/Francis-Mojica.jpg\"><figcaption>Francis Mojica<\/figcaption><\/figure><\/div>\n\n\n\n<p>\u201cCRISPR hero\/pioneer,\u201d Francis discovered repeat sequences in archaea and their role in prokaryotic cell immunity mechanisms and gave them the name CRISPR. Their discoveries form the basis for the development of CRISPR-Cas technology.<\/p>\n\n\n\n<hr class=\"wp-block-separator is-style-default\"\/>\n\n\n\n<p>Lluis Montoliu. <em>National Center for Biotechnology (CNB-CSIC)<\/em><\/p>\n\n\n\n<div class=\"wp-block-image\"><figure class=\"aligncenter size-large\"><img decoding=\"async\" width=\"208\" height=\"237\" src=\"data:image\/gif;base64,R0lGODlhAQABAAAAACH5BAEKAAEALAAAAAABAAEAAAICTAEAOw==\" alt=\"\" class=\"wp-image-9830 lazyload\" data-src=\"https:\/\/biovegen.org\/wp-content\/uploads\/2021\/03\/Lluis-Montoliu.jpg\"><figcaption>Lluis Montoliu<\/figcaption><\/figure><\/div>\n\n\n\n<p>Pioneer in the introduction, use and dissemination of CRISPR gene editing technology, which he has used to understand rare diseases such as albinism. Passionate about bioethics and scientific dissemination, he began his research career working on corn.<\/p>\n\n\n\n<hr class=\"wp-block-separator is-style-default\"\/>\n\n\n\n<p>Francisco Barro. <em>Institute of Sustainable Agriculture (IAS-CSIC)<\/em><\/p>\n\n\n\n<div class=\"wp-block-image\"><figure class=\"aligncenter size-large\"><img loading=\"lazy\" decoding=\"async\" width=\"204\" height=\"234\" src=\"data:image\/gif;base64,R0lGODlhAQABAAAAACH5BAEKAAEALAAAAAABAAEAAAICTAEAOw==\" alt=\"\" class=\"wp-image-9832 lazyload\" data-src=\"https:\/\/biovegen.org\/wp-content\/uploads\/2021\/03\/Francisco-Barro.jpg\"><figcaption>Francisco Barro<\/figcaption><\/figure><\/div>\n\n\n\n<p>The first to successfully use RNAi and edited technologies for the development of durum and bread wheat varieties with very low gliadin content. It has been shown that breads made with these flours have organoleptic properties comparable to those of wheat with gliadins, and therefore could be consumed by celiacs.<\/p>\n\n\n\n<hr class=\"wp-block-separator is-style-default\"\/>\n\n\n\n<p>Diego Orzaez. <em>Institute of Molecular and Cellular Biology of Plants \u2013 IBMCP (CSIC-UPV)<\/em><\/p>\n\n\n\n<div class=\"wp-block-image\"><figure class=\"aligncenter size-large\"><img loading=\"lazy\" decoding=\"async\" width=\"208\" height=\"240\" src=\"data:image\/gif;base64,R0lGODlhAQABAAAAACH5BAEKAAEALAAAAAABAAEAAAICTAEAOw==\" alt=\"\" class=\"wp-image-9831 lazyload\" data-src=\"https:\/\/biovegen.org\/wp-content\/uploads\/2021\/03\/Diego-Orzaez.jpg\"><figcaption>Diego Orzaez<\/figcaption><\/figure><\/div>\n\n\n\n<p>He leads the development and optimization of genetic editing technologies in plants for biotechnological use. It uses this technology, among other things, to optimize plants (flowering, architecture, etc.) as production platforms for compounds with high added value.<\/p>\n\n\n\n<hr class=\"wp-block-separator is-style-default\"\/>\n\n\n\n<p>Pere Puigdom\u00e8nech. <em>Center for Research in Agricultural Genomics \u2013 CRAG (CSIC-IRTA-UAB-UB)<\/em><\/p>\n\n\n\n<div class=\"wp-block-image\"><figure class=\"aligncenter size-large\"><img loading=\"lazy\" decoding=\"async\" width=\"207\" height=\"236\" src=\"data:image\/gif;base64,R0lGODlhAQABAAAAACH5BAEKAAEALAAAAAABAAEAAAICTAEAOw==\" alt=\"\" class=\"wp-image-10269 lazyload\" data-src=\"https:\/\/biovegen.org\/wp-content\/uploads\/2021\/05\/PPR2.jpg\"><figcaption>Pere Puigdomenech<\/figcaption><\/figure><\/div>\n\n\n\n<p>Pere Puigdom\u00e8nech has participated in the first gene isolation and plant genome sequencing projects in Spain. He currently participates in the scientific and ethical advisory initiatives carried out by the associations of European Academies.<\/p>\n\n\n\n<hr class=\"wp-block-separator is-style-default\"\/>\n\n\n\n<p>Gonzaga Ruiz de Gauna. <em>Manager. BIOVEGEN \u2013 Plant Biotechnology Technological Platform<\/em><\/p>\n\n\n\n<div class=\"wp-block-image\"><figure class=\"aligncenter size-large\"><img loading=\"lazy\" decoding=\"async\" width=\"182\" height=\"234\" src=\"data:image\/gif;base64,R0lGODlhAQABAAAAACH5BAEKAAEALAAAAAABAAEAAAICTAEAOw==\" alt=\"\" class=\"wp-image-9833 lazyload\" data-src=\"https:\/\/biovegen.org\/wp-content\/uploads\/2021\/03\/Gonzaga-Ruiz-de-Gauna.jpg\"><figcaption>Gonzaga Ruiz de Gauna<\/figcaption><\/figure><\/div>\n\n\n\n<p>Agricultural engineer and Master in Biotechnology Business Management. Responsible for BIOVEGEN, an entity that brings together 125 companies and research organizations in the plant production sector, and which aims to improve the competitiveness of the sector through the incorporation of new technologies related to Plant Biotechnology as an engine of innovation.<\/p>\n\n\n\n<hr class=\"wp-block-separator is-style-default\"\/>\n\n\n\n<p>Felipe Palau. <em>Professor of Commercial Law at the Business Management Research Center (CEGEA) of the Polytechnic University of Valencia<\/em><\/p>\n\n\n\n<div class=\"wp-block-image\"><figure class=\"aligncenter size-large\"><img loading=\"lazy\" decoding=\"async\" width=\"133\" height=\"177\" src=\"data:image\/gif;base64,R0lGODlhAQABAAAAACH5BAEKAAEALAAAAAABAAEAAAICTAEAOw==\" alt=\"\" class=\"wp-image-9906 lazyload\" data-src=\"https:\/\/biovegen.org\/wp-content\/uploads\/2021\/03\/Felipe.jpg\"><figcaption>Felipe Palau<\/figcaption><\/figure><\/div>\n\n\n\n<p>Specialist, among other subjects, in Industrial Property Law, in particular, Law on plant varieties and Defense of Competition Law, principal investigator of the national project RTI2018-093666-B-100: \u00abSystems for the protection and commercial exploitation of innovations in the field of plant varieties&quot;, Ministry of Science, Innovation and Universities\/ERDF (PROINNOVEG)<\/p>\n\n\n\n<hr class=\"wp-block-separator is-style-default\"\/>\n\n\n\n<p><strong>Ana Judith Mart\u00edn de la Fuente<\/strong>. <em>Secretary of the Interministerial Council of GMOs. SDG of Agricultural Production Means and Spanish Office of Plant Varieties. MAP<\/em><\/p>\n\n\n\n<div class=\"wp-block-image\"><figure class=\"aligncenter size-large\"><img loading=\"lazy\" decoding=\"async\" width=\"215\" height=\"230\" src=\"data:image\/gif;base64,R0lGODlhAQABAAAAACH5BAEKAAEALAAAAAABAAEAAAICTAEAOw==\" alt=\"\" class=\"wp-image-9837 lazyload\" data-src=\"https:\/\/biovegen.org\/wp-content\/uploads\/2021\/03\/Ana-de-la-Fuente.jpg\"><figcaption>Ana Judith de la Fuente<\/figcaption><\/figure><\/div>\n\n\n\n<p>Doctor in Veterinary Medicine with international research experience, she is Head of Area in the General Subdirectorate of Agricultural Means of Production and Spanish Office of Plant Varieties and Secretary of the Interministerial Council of Genetically Modified Organisms (CIOMG). Ana Judith is well versed in the situation of GMOs and edited plants.<\/p>\n\n\n\n<hr class=\"wp-block-separator is-style-default\"\/>\n\n\n\n<p>Leire Escajedo. <em>UPV-EHU<\/em><\/p>\n\n\n\n<div class=\"wp-block-image\"><figure class=\"aligncenter size-large\"><img loading=\"lazy\" decoding=\"async\" width=\"181\" height=\"240\" src=\"data:image\/gif;base64,R0lGODlhAQABAAAAACH5BAEKAAEALAAAAAABAAEAAAICTAEAOw==\" alt=\"\" class=\"wp-image-9839 lazyload\" data-src=\"https:\/\/biovegen.org\/wp-content\/uploads\/2021\/03\/Leire-Escajedo.jpg\"><figcaption>Leira Escajedo<\/figcaption><\/figure><\/div>\n\n\n\n<p>Professor of Constitutional Law, Leire is an expert in Multilevel Governance, in its institutional and human dimensions, Bioethics and Biolaw; Governance of the Bioeconomy. Agri-Food Innovations. Member of the European Society EurSAFE ( <a href=\"https:\/\/www.eursafe.org\/\" target=\"_blank\" rel=\"noopener\">https:\/\/www.eursafe.org\/<\/a> ), an independent organization that carries out its activity on ethical aspects in the agri-food sector.<\/p>\n\n\n\n<hr class=\"wp-block-separator is-style-default\"\/>\n\n\n\n<p><strong>Antonio Villaroel<\/strong>. <em>General secretary. ANOVE<\/em><\/p>\n\n\n\n<div class=\"wp-block-image\"><figure class=\"aligncenter size-large\"><img loading=\"lazy\" decoding=\"async\" width=\"208\" height=\"238\" src=\"data:image\/gif;base64,R0lGODlhAQABAAAAACH5BAEKAAEALAAAAAABAAEAAAICTAEAOw==\" alt=\"\" class=\"wp-image-9836 lazyload\" data-src=\"https:\/\/biovegen.org\/wp-content\/uploads\/2021\/03\/Antonio-Villaroel.jpg\"><figcaption>Antonio Villaroel<\/figcaption><\/figure><\/div>\n\n\n\n<p>Secretary of an association, Anove, which is declared necessary for the resolution of the challenges facing Spanish agriculture, collaborating with the competent administrations and with the representative organizations of the different sectors of agricultural production. The associated companies in Anove research and provide essential technology for the development of new varieties.<\/p>\n\n\n\n<hr class=\"wp-block-separator is-style-default\"\/>\n\n\n\n<p>C\u00e9sar Gonz\u00e1lez. <em>Manager of Public Affairs. EUROSEEDS<\/em><\/p>\n\n\n\n<div class=\"wp-block-image\"><figure class=\"aligncenter size-large\"><img loading=\"lazy\" decoding=\"async\" width=\"207\" height=\"236\" src=\"data:image\/gif;base64,R0lGODlhAQABAAAAACH5BAEKAAEALAAAAAABAAEAAAICTAEAOw==\" alt=\"\" class=\"wp-image-9834 lazyload\" data-src=\"https:\/\/biovegen.org\/wp-content\/uploads\/2021\/03\/Cesar-Gonzalez.jpg\"><figcaption>Cesar Gonzalez<\/figcaption><\/figure><\/div>\n\n\n\n<p>With extensive experience in agricultural and rural development policies at the Spanish and European level, as well as as an advisor on phytosanitary policies for farmer organizations and cooperatives, C\u00e9sar is currently responsible for Euroseeds for the development of communication strategies and support for the industry. of seeds and agri-food, especially in regulatory aspects with the EU.<\/p>\n\n\n\n<hr class=\"wp-block-separator is-style-default\"\/>\n\n\n\n<p>Gabino S\u00e1nchez. <em>Product Manager. HUDSON RIVER BIOTECHNOLOGY<\/em><\/p>\n\n\n\n<div class=\"wp-block-image\"><figure class=\"aligncenter size-large\"><img loading=\"lazy\" decoding=\"async\" width=\"209\" height=\"239\" src=\"data:image\/gif;base64,R0lGODlhAQABAAAAACH5BAEKAAEALAAAAAABAAEAAAICTAEAOw==\" alt=\"\" class=\"wp-image-9835 lazyload\" data-src=\"https:\/\/biovegen.org\/wp-content\/uploads\/2021\/03\/Gabino-Sanchez.jpg\"><figcaption>Gabino Sanchez<\/figcaption><\/figure><\/div>\n\n\n\n<p>He leads the commercial activities of HRB, a market-leading plant genome editing company located in the Netherlands. Gabino has extensive experience in the business sector applying the latest genomic technologies to agricultural improvement in order to help solve the global challenges of agri-food.<\/p>\n\n\n\n<hr class=\"wp-block-separator is-style-default\"\/>\n\n\n\n<p>Pilar I\u00f1iguez. <em>University of Alicante (UA)<\/em><\/p>\n\n\n\n<div class=\"wp-block-image\"><figure class=\"aligncenter size-large\"><img loading=\"lazy\" decoding=\"async\" width=\"172\" height=\"237\" src=\"data:image\/gif;base64,R0lGODlhAQABAAAAACH5BAEKAAEALAAAAAABAAEAAAICTAEAOw==\" alt=\"\" class=\"wp-image-9838 lazyload\" data-src=\"https:\/\/biovegen.org\/wp-content\/uploads\/2021\/03\/Pilar-Iniguez.jpg\"><figcaption>Pilar I\u00f1iguez<\/figcaption><\/figure><\/div>\n\n\n\n<p>Professor of Commercial Law, Pilar is an expert in Industrial Property of plants and their protection; has paid special attention to the legal problems of genome editing in plants and specifically to the Judgment of the Court of Justice of the European Union, Grand Chamber, of July 25, 2018, c.528\/16.<\/p>\n\n\n\n<hr class=\"wp-block-separator is-style-default\"\/>","protected":false},"excerpt":{"rendered":"<p>Toni Granell. Instituto De Biolog\u00eda Molecular Y Celular De Plantas &#8211; IBMCP (CSIC-UPV) Usuario y desarrollador de tecnolog\u00eda CRISPR en su aplicaci\u00f3n a plantas de cultivo y espec\u00edficamente en tomate. Ha conseguido obtener l\u00edneas de tomates hipoalerg\u00e9nicos&nbsp; mediante CRISPR dirigido a 6 de los mayores al\u00e9rgenos de tomate, asi como tomates con mejor sabor y [&hellip;]<\/p>\n","protected":false},"author":1,"featured_media":0,"parent":307,"menu_order":5,"comment_status":"closed","ping_status":"closed","template":"","meta":{"_acf_changed":false,"inline_featured_image":false,"footnotes":""},"categories":[],"class_list":["post-9827","page","type-page","status-publish","hentry"],"acf":[],"_links":{"self":[{"href":"https:\/\/biovegen.org\/en\/wp-json\/wp\/v2\/pages\/9827","targetHints":{"allow":["GET"]}}],"collection":[{"href":"https:\/\/biovegen.org\/en\/wp-json\/wp\/v2\/pages"}],"about":[{"href":"https:\/\/biovegen.org\/en\/wp-json\/wp\/v2\/types\/page"}],"author":[{"embeddable":true,"href":"https:\/\/biovegen.org\/en\/wp-json\/wp\/v2\/users\/1"}],"replies":[{"embeddable":true,"href":"https:\/\/biovegen.org\/en\/wp-json\/wp\/v2\/comments?post=9827"}],"version-history":[{"count":0,"href":"https:\/\/biovegen.org\/en\/wp-json\/wp\/v2\/pages\/9827\/revisions"}],"up":[{"embeddable":true,"href":"https:\/\/biovegen.org\/en\/wp-json\/wp\/v2\/pages\/307"}],"wp:attachment":[{"href":"https:\/\/biovegen.org\/en\/wp-json\/wp\/v2\/media?parent=9827"}],"wp:term":[{"taxonomy":"category","embeddable":true,"href":"https:\/\/biovegen.org\/en\/wp-json\/wp\/v2\/categories?post=9827"}],"curies":[{"name":"wp","href":"https:\/\/api.w.org\/{rel}","templated":true}]}}