{"id":968,"date":"2020-04-03T11:19:58","date_gmt":"2020-04-03T11:19:58","guid":{"rendered":"https:\/\/biovegen.org\/?page_id=968"},"modified":"2024-11-15T14:10:03","modified_gmt":"2024-11-15T13:10:03","slug":"grupo-de-trabajo-interplataformas-de-economia-circular","status":"publish","type":"page","link":"https:\/\/biovegen.org\/en\/actividades\/colaboraciones\/grupos-de-trabajo\/grupo-de-trabajo-interplataformas-de-economia-circular\/","title":{"rendered":"Circular Economy InterPlatform Working Group"},"content":{"rendered":"<div class=\"wp-block-columns is-layout-flex wp-container-core-columns-is-layout-9d6595d7 wp-block-columns-is-layout-flex\">\n<div class=\"wp-block-column is-vertically-aligned-center is-layout-flow wp-block-column-is-layout-flow\" style=\"flex-basis:33.33%\"><div class=\"wp-block-image\">\n<figure class=\"aligncenter size-large is-resized\"><img decoding=\"async\" width=\"203\" height=\"128\" src=\"data:image\/gif;base64,R0lGODlhAQABAAAAACH5BAEKAAEALAAAAAABAAEAAAICTAEAOw==\" alt=\"\" class=\"wp-image-1052 lazyload\" style=\"width:185px;height:116px\" data-src=\"https:\/\/biovegen.org\/wp-content\/uploads\/2020\/04\/GIEC-1.jpg\"><\/figure>\n<\/div><\/div>\n\n\n\n<div class=\"wp-block-column is-layout-flow wp-block-column-is-layout-flow\" style=\"flex-basis:66.66%\">\n<p>BIOVEGEN is part of the&nbsp;<strong>Circular Economy InterPlatform Working Group<\/strong>&nbsp;to which they currently belong&nbsp;<strong>28 Spanish Technology Platforms<\/strong>&nbsp;and whose function is to implement strategies in the field of the Circular Economy to boost research and innovation actions, and launch collaborative projects within the framework of national and international programs.<\/p>\n<\/div>\n<\/div>\n\n\n\n<p>In this context, the initiative is presented&nbsp;<a href=\"https:\/\/www.giec.es\/acceso_herramienta.asp\" target=\"_blank\" rel=\"noreferrer noopener\"><strong>\u201cConnecting for a Circular Economy\u201d<\/strong>&nbsp;<\/a>which aims to promote the identification of potential partners for the implementation of research and innovation projects in the field of the Circular Economy.<\/p>\n\n\n\n<p>In this area there are currently&nbsp;<strong>60 registered profiles<\/strong>, type 1 or type 2. To obtain more information about these profiles or contact the entities that have presented them, there are two forms of participation:<\/p>\n\n\n\n<ul class=\"wp-block-list\">\n<li>Registration as an observer (does not require your Entity to register its own Circular Economy profile)<\/li>\n\n\n\n<li>Complete registration (in addition to interacting with the rest of the profiles, you declare your own profile that can receive contact requests).<\/li>\n<\/ul>\n\n\n\n<p>In both cases, you can register at the following <strong><a rel=\"noreferrer noopener\" href=\"https:\/\/www.giec.es\/au\/alta_entidad.html\" target=\"_blank\">link<\/a><\/strong>.&nbsp;<em>(once the Technical Secretariat approves your profile, you will be able to access the User Area and interact with the rest of the declared profiles)<\/em><\/p>\n\n\n\n<div style=\"height:25px\" aria-hidden=\"true\" class=\"wp-block-spacer\"><\/div>\n\n\n\n<h2 class=\"wp-block-heading\"><strong>WORKING GROUP MEMBERS<\/strong><\/h2>\n\n\n<div class=\"wp-block-image\">\n<figure class=\"aligncenter size-full is-resized\"><img fetchpriority=\"high\" decoding=\"async\" width=\"647\" height=\"447\" src=\"data:image\/gif;base64,R0lGODlhAQABAAAAACH5BAEKAAEALAAAAAABAAEAAAICTAEAOw==\" alt=\"\" class=\"wp-image-21844 lazyload\" style=\"width:581px;height:auto\" sizes=\"(max-width: 647px) 100vw, 647px\" data-src=\"https:\/\/biovegen.org\/wp-content\/uploads\/2024\/11\/Miembros-GIEC_v15.11.2024.png\" data-srcset=\"https:\/\/biovegen.org\/wp-content\/uploads\/2024\/11\/Miembros-GIEC_v15.11.2024.png 647w, https:\/\/biovegen.org\/wp-content\/uploads\/2024\/11\/Miembros-GIEC_v15.11.2024-300x207.png 300w, https:\/\/biovegen.org\/wp-content\/uploads\/2024\/11\/Miembros-GIEC_v15.11.2024-18x12.png 18w, https:\/\/biovegen.org\/wp-content\/uploads\/2024\/11\/Miembros-GIEC_v15.11.2024-600x415.png 600w\"><\/figure>\n<\/div>\n\n\n<div style=\"height:50px\" aria-hidden=\"true\" class=\"wp-block-spacer\"><\/div>\n\n\n\n<h2 class=\"wp-block-heading\"><strong>WORKING GROUP ACTIVITIES<\/strong><\/h2>","protected":false},"excerpt":{"rendered":"<p>BIOVEGEN forma parte del&nbsp;Grupo de Trabajo InterPlataformas de Econom\u00eda Circular&nbsp;al que actualmente pertenecen&nbsp;28&nbsp;Plataformas Tecnol\u00f3gicas espa\u00f1olas&nbsp;y cuya funci\u00f3n es implementar estrategias en el \u00e1mbito de la Econom\u00eda Circular para dinamizar acciones de investigaci\u00f3n e innovaci\u00f3n, y poner en marcha proyectos de colaboraci\u00f3n en el marco de programas nacionales e internacionales. En este contexto, se presenta la [&hellip;]<\/p>\n","protected":false},"author":1,"featured_media":0,"parent":317,"menu_order":1,"comment_status":"closed","ping_status":"closed","template":"","meta":{"_acf_changed":false,"inline_featured_image":false,"footnotes":""},"categories":[41],"class_list":["post-968","page","type-page","status-publish","hentry","category-giec"],"acf":[],"_links":{"self":[{"href":"https:\/\/biovegen.org\/en\/wp-json\/wp\/v2\/pages\/968","targetHints":{"allow":["GET"]}}],"collection":[{"href":"https:\/\/biovegen.org\/en\/wp-json\/wp\/v2\/pages"}],"about":[{"href":"https:\/\/biovegen.org\/en\/wp-json\/wp\/v2\/types\/page"}],"author":[{"embeddable":true,"href":"https:\/\/biovegen.org\/en\/wp-json\/wp\/v2\/users\/1"}],"replies":[{"embeddable":true,"href":"https:\/\/biovegen.org\/en\/wp-json\/wp\/v2\/comments?post=968"}],"version-history":[{"count":0,"href":"https:\/\/biovegen.org\/en\/wp-json\/wp\/v2\/pages\/968\/revisions"}],"up":[{"embeddable":true,"href":"https:\/\/biovegen.org\/en\/wp-json\/wp\/v2\/pages\/317"}],"wp:attachment":[{"href":"https:\/\/biovegen.org\/en\/wp-json\/wp\/v2\/media?parent=968"}],"wp:term":[{"taxonomy":"category","embeddable":true,"href":"https:\/\/biovegen.org\/en\/wp-json\/wp\/v2\/categories?post=968"}],"curies":[{"name":"wp","href":"https:\/\/api.w.org\/{rel}","templated":true}]}}