{"id":94,"date":"2020-03-09T13:54:22","date_gmt":"2020-03-09T13:54:22","guid":{"rendered":"https:\/\/biovegen.org\/?page_id=94"},"modified":"2020-05-28T10:34:19","modified_gmt":"2020-05-28T10:34:19","slug":"politica-de-cookies","status":"publish","type":"page","link":"https:\/\/biovegen.org\/en\/politica-de-cookies\/","title":{"rendered":"Cookies policy"},"content":{"rendered":"<p>This section refers to compliance with the duty of information stipulated in article 10 of Law 34\/2002, of July 11, on Information Society Services and Electronic Commerce, which aims to ensure that, as a user, you have access to the information regarding the cookies used by the website <a rel=\"noreferrer noopener\" href=\"https:\/\/biovegen.org\" target=\"_blank\"><strong>www.biovegen.org<\/strong><\/a>. <\/p>\n\n\n\n<div style=\"height:25px\" aria-hidden=\"true\" class=\"wp-block-spacer\"><\/div>\n\n\n\n<h3 class=\"wp-block-heading\"><strong>What are cookies?<\/strong><\/h3>\n\n\n\n<p>Cookies are small files that are downloaded to the computer or device with which you access certain web pages. These cookies allow the website, among other things, to store and retrieve information about the user&#039;s browsing habits, their equipment, connection time, analyze the operation of the page, etc. and, depending on the information they contain and how you use your computer, they can be used to recognize the anonymous user. The user&#039;s browser memorizes cookies on the hard drive only during the current session, occupying a small memory space that does not alter the normal functioning of the device. Cookies are only associated with an anonymous user and their computer and do not provide references that allow the user&#039;s personal data to be deduced.<\/p>\n\n\n\n<div style=\"height:25px\" aria-hidden=\"true\" class=\"wp-block-spacer\"><\/div>\n\n\n\n<h3 class=\"wp-block-heading\"><strong>What cookies do we use?<\/strong><\/h3>\n\n\n\n<p><a rel=\"noreferrer noopener\" href=\"https:\/\/biovegen.org\" target=\"_blank\"><strong>www.biovegen.org<\/strong><\/a> uses the following types of cookies:<\/p>\n\n\n\n<h4 class=\"wp-block-heading\"><strong>Own cookies<\/strong><\/h4>\n\n\n\n<blockquote class=\"wp-block-quote is-layout-flow wp-block-quote-is-layout-flow\"><p>These cookies allow the user the correct functioning of the website and the use of the different options or services that exist on it (for example: calendar, news, registration forms, etc.). We also use a cookie to control cookies. That is, to verify that the user has accepted the use of cookies.<\/p><\/blockquote>\n\n\n\n<h4 class=\"wp-block-heading\"><strong>Google Analytics Cookies<\/strong><\/h4>\n\n\n\n<blockquote class=\"wp-block-quote is-layout-flow wp-block-quote-is-layout-flow\"><p>These cookies do not store private information of the anonymous user, having only an analytical purpose.<\/p><cite><a href=\"https:\/\/policies.google.com\/privacy?hl=es\" target=\"_blank\" rel=\"noreferrer noopener\"><em>https:\/\/policies.google.com\/privacy?hl=es<\/em><\/a><\/cite><\/blockquote>\n\n\n\n<div style=\"height:25px\" aria-hidden=\"true\" class=\"wp-block-spacer\"><\/div>\n\n\n\n<h3 class=\"wp-block-heading\"><strong>Cookie management<\/strong><\/h3>\n\n\n\n<p>At any time, the user can allow, block or deactivate the cookies installed on their computer by configuring the web browser of the device used to access <a rel=\"noreferrer noopener\" href=\"https:\/\/biovegen.org\" target=\"_blank\"><strong>www.biovegen.org<\/strong><\/a>. Depending on the web browser you are using to access <a rel=\"noreferrer noopener\" href=\"https:\/\/biovegen.org\" target=\"_blank\"><strong>www.biovegen.org<\/strong><\/a>, you can manage your cookies at the following links:<\/p>\n\n\n\n<ul class=\"wp-block-list\"><li><strong><a rel=\"noreferrer noopener\" href=\"https:\/\/support.google.com\/chrome\/answer\/95647?hl=es\" target=\"_blank\">Google Chrome<\/a><\/strong><\/li><li><strong><a rel=\"noreferrer noopener\" href=\"https:\/\/support.microsoft.com\/es-es\/hub\/4338813\/windows-help?os=windows-10\" target=\"_blank\">Microsoft Internet Explorer<\/a><\/strong><\/li><li><strong><a rel=\"noreferrer noopener\" href=\"https:\/\/support.mozilla.org\/es\/kb\/habilitar-y-deshabilitar-cookies-sitios-web-rastrear-preferencias?redirectlocale=es&amp;redirectslug=habilitar-y-deshabilitar-cookies-que-los-sitios-we\" target=\"_blank\">Mozilla Firefox<\/a><\/strong><\/li><li><strong><a href=\"https:\/\/support.apple.com\/es-es\/HT201265\" target=\"_blank\" rel=\"noreferrer noopener\">Safari<\/a><\/strong><\/li><\/ul>","protected":false},"excerpt":{"rendered":"<p>Esta secci\u00f3n hace referencia al cumplimiento con el deber de informaci\u00f3n estipulado en art\u00edculo 10 de la Ley 34\/2002, de 11 de julio, de Servicios de la Sociedad de la Informaci\u00f3n y del Comercio Electr\u00f3nico que tiene como objetivo que, como usuario, disponga de la informaci\u00f3n referente a las cookies que utiliza el sitio web [&hellip;]<\/p>\n","protected":false},"author":1,"featured_media":0,"parent":0,"menu_order":99,"comment_status":"closed","ping_status":"closed","template":"","meta":{"_acf_changed":false,"inline_featured_image":false,"footnotes":""},"categories":[],"class_list":["post-94","page","type-page","status-publish","hentry"],"acf":[],"_links":{"self":[{"href":"https:\/\/biovegen.org\/en\/wp-json\/wp\/v2\/pages\/94","targetHints":{"allow":["GET"]}}],"collection":[{"href":"https:\/\/biovegen.org\/en\/wp-json\/wp\/v2\/pages"}],"about":[{"href":"https:\/\/biovegen.org\/en\/wp-json\/wp\/v2\/types\/page"}],"author":[{"embeddable":true,"href":"https:\/\/biovegen.org\/en\/wp-json\/wp\/v2\/users\/1"}],"replies":[{"embeddable":true,"href":"https:\/\/biovegen.org\/en\/wp-json\/wp\/v2\/comments?post=94"}],"version-history":[{"count":0,"href":"https:\/\/biovegen.org\/en\/wp-json\/wp\/v2\/pages\/94\/revisions"}],"wp:attachment":[{"href":"https:\/\/biovegen.org\/en\/wp-json\/wp\/v2\/media?parent=94"}],"wp:term":[{"taxonomy":"category","embeddable":true,"href":"https:\/\/biovegen.org\/en\/wp-json\/wp\/v2\/categories?post=94"}],"curies":[{"name":"wp","href":"https:\/\/api.w.org\/{rel}","templated":true}]}}