{"id":9318,"date":"2021-01-12T16:11:06","date_gmt":"2021-01-12T16:11:06","guid":{"rendered":"https:\/\/biovegen.org\/?page_id=9318"},"modified":"2021-01-27T09:10:49","modified_gmt":"2021-01-27T09:10:49","slug":"campo-demo-bioestimulantes-entre-experimentacion-y-divulgacion-resenas-curriculares","status":"publish","type":"page","link":"https:\/\/biovegen.org\/en\/actividades\/eventos\/conferencias-internacionales\/campo-demo-bioestimulantes-entre-experimentacion-y-divulgacion-resenas-curriculares\/","title":{"rendered":"DEMO FIELD: between experimentation and dissemination \u2013 Curriculum reviews"},"content":{"rendered":"<figure class=\"wp-block-image size-large\"><img fetchpriority=\"high\" decoding=\"async\" width=\"1024\" height=\"770\" src=\"data:image\/gif;base64,R0lGODlhAQABAAAAACH5BAEKAAEALAAAAAABAAEAAAICTAEAOw==\" alt=\"\" class=\"wp-image-9342 lazyload\" sizes=\"(max-width: 1024px) 100vw, 1024px\" data-src=\"https:\/\/biovegen.org\/wp-content\/uploads\/2021\/01\/Campo-Demo-Cartel-1-1024x770.jpg\" data-srcset=\"https:\/\/biovegen.org\/wp-content\/uploads\/2021\/01\/Campo-Demo-Cartel-1-1024x770.jpg 1024w, https:\/\/biovegen.org\/wp-content\/uploads\/2021\/01\/Campo-Demo-Cartel-1-600x451.jpg 600w, https:\/\/biovegen.org\/wp-content\/uploads\/2021\/01\/Campo-Demo-Cartel-1-300x225.jpg 300w, https:\/\/biovegen.org\/wp-content\/uploads\/2021\/01\/Campo-Demo-Cartel-1-768x577.jpg 768w, https:\/\/biovegen.org\/wp-content\/uploads\/2021\/01\/Campo-Demo-Cartel-1.jpg 1437w\"><\/figure>\n\n\n\n<div style=\"height:50px\" aria-hidden=\"true\" class=\"wp-block-spacer\"><\/div>\n\n\n\n<p>Daniele Villa. <em>AGRICULTURAL CEO 2000<\/em><\/p>\n\n\n\n<div class=\"wp-block-image\"><figure class=\"aligncenter size-large\"><img decoding=\"async\" width=\"132\" height=\"198\" src=\"data:image\/gif;base64,R0lGODlhAQABAAAAACH5BAEKAAEALAAAAAABAAEAAAICTAEAOw==\" alt=\"\" class=\"wp-image-9456 lazyload\" data-src=\"https:\/\/biovegen.org\/wp-content\/uploads\/2021\/01\/Daniele-Villa.jpg\"><figcaption>Daniele Villa<\/figcaption><\/figure><\/div>\n\n\n\n<p>Daniele Villa, is the President of Agricola 2000 since 2011. He is Test Facility Management and is in charge of supervising all the company&#039;s activities: research and projects. He obtained a PhD in Plant Biology and Productivity at the Universit\u00e0 degli Studi di Milano in 2010 working in the team of Prof. Salvatore Roberto Pilu. Their studies focused on maize mutants involved in auxin transport, the interaction between mutations that affect plants, from dwarf phenotypes to extreme abortions or severe seedling deformations and germination failures. During his career he acquired experience in plant protection, plant pathology, plant breeding, statistics, study and project coordination, team management, financial accounting, sales and marketing.&nbsp;<\/p>\n\n\n\n<hr class=\"wp-block-separator is-style-default\"\/>\n\n\n\n<p><strong><span style=\"color:#5d8719\" class=\"has-inline-color\"><strong>Legislation and current state European law fertilizer products<\/strong><\/span>.<\/strong> Mar\u00eda Luisa Ballesteros. <em>Technical Advisor\/Head of Fertilizers Area of the General Subdirectorate of Agricultural Means of Production and Spanish Office of Plant Varieties. MAP<\/em><\/p>\n\n\n\n<p>Agricultural Engineer (phytotechnics specialty) from the Polytechnic University of Madrid. Doctor of Sciences from the Autonomous University of Madrid. Researcher of the molecular response of plants to the environment in which they develop, first at the Rockefeller University (New York) and later at the INIA, in Madrid. She joined the Corps of State Agricultural Engineers in January 2007. First in Agricultural Production Means, in phytosanitary, then as Head of the Integrated Production Area and since the end of 2014 at the head of the Fertilizers Area in the General Subdirectorate of Means of Production. Agricultural Production and Spanish Office of Plant Varieties.<\/p>\n\n\n\n<hr class=\"wp-block-separator is-style-default\"\/>\n\n\n\n<p><strong><span style=\"color:#5d8719\" class=\"has-inline-color\"><strong>DEMO FIELD Presentation<\/strong><\/span>.<\/strong> Giacomo Scatolino. <em><em>AGRICULTURAL Business Development Director 2000<\/em><\/em><\/p>\n\n\n\n<div class=\"wp-block-image\"><figure class=\"aligncenter size-large\"><img decoding=\"async\" width=\"198\" height=\"198\" src=\"data:image\/gif;base64,R0lGODlhAQABAAAAACH5BAEKAAEALAAAAAABAAEAAAICTAEAOw==\" alt=\"\" class=\"wp-image-9414 lazyload\" sizes=\"(max-width: 198px) 100vw, 198px\" data-src=\"https:\/\/biovegen.org\/wp-content\/uploads\/2021\/01\/Giacomo.jpg\" data-srcset=\"https:\/\/biovegen.org\/wp-content\/uploads\/2021\/01\/Giacomo.jpg 198w, https:\/\/biovegen.org\/wp-content\/uploads\/2021\/01\/Giacomo-100x100.jpg 100w, https:\/\/biovegen.org\/wp-content\/uploads\/2021\/01\/Giacomo-150x150.jpg 150w\"><figcaption>Giacomo Scatolino<\/figcaption><\/figure><\/div>\n\n\n\n<p>Giacomo Scatolino, has a degree in Agricultural Engineering from the University of Milan, and has more than 10 years of experience working in the sector. He has completed a Master in Renewable Energies from agricultural sources at the CNR (National Research Council) and specialized in Energy-Environment-Cultivation and Technologies for Biowaste, at the Polytechnic University of Milan, also participating in several projects (European and Italian). , making 2 publications. Always passionate about marketing, a passion that has become a vocation, since 2012 he has worked with biostimulants and biological products, supporting R&amp;D and marketing departments, in carrying out trials and screening both in the field and in a controlled environment, also offering advice and commercial strategies, also supporting regulatory matters. He has been a speaker at various conferences and technical workshops around Europe. He is familiar with the agricultural variability of southern Europe. He has lived in Spain for 10 years.<\/p>\n\n\n\n<hr class=\"wp-block-separator is-style-default\"\/>\n\n\n\n<p><strong><span style=\"color:#5d8719\" class=\"has-inline-color\"><strong>DEMO FIELD Raw Materials<\/strong><\/span>.<\/strong> Antonio Ferrante. <em><em>Milan University<\/em><\/em><\/p>\n\n\n\n<p>Antonio Ferrante is an associate professor at the University of Milan, Italy, since 2016. He graduated from the University of Pisa, Italy, in agricultural engineering with, 110\/110 cum laude in 1997. He obtained the Ph.D in advanced technology in horticultural sciences at the Scuola Superiore Sant&#039;Anna, Pisa in 2001, with 100\/100 cum laude. In 2000, he spent a year as a visiting researcher at the Department of Environmental Horticulture, University of California, USA, in the laboratory of Professor MS Reid. From 2004 to 2016 he was a researcher\/assistant professor at the University of Milan. His research topics are related to mineral nutrition and abiotic stress in crop production. He collaborates with different research groups for the behavior of crops under abiotic stress in the field. His research topics focus on physiological and biochemical changes and the evaluation of crop quality under different stress conditions. He has been scientific manager of the Research Unit in a project financed with European funds related to the quality control of fresh cut using molecular tools. He is national coordinator of the Italian postharvest working group at the Italian Society of Horticultural Sciences. He is an associate editor of Frontiers in the plant science, crop quality and product section. He is the author or co-author of more than 200 international publications in specialized journals, 150 index in Scopus with 25 h-index.<\/p>\n\n\n\n<hr class=\"wp-block-separator is-style-default\"\/>\n\n\n\n<p><strong><span style=\"color:#5d8719\" class=\"has-inline-color\">ALGAENERGY. <\/span><\/strong>Miguel Rodr\u00edguez-Villa. <em>Expansion Director<\/em><\/p>\n\n\n\n<div class=\"wp-block-image\"><figure class=\"aligncenter size-large\"><img loading=\"lazy\" decoding=\"async\" width=\"148\" height=\"197\" src=\"data:image\/gif;base64,R0lGODlhAQABAAAAACH5BAEKAAEALAAAAAABAAEAAAICTAEAOw==\" alt=\"\" class=\"wp-image-9331 lazyload\" data-src=\"https:\/\/biovegen.org\/wp-content\/uploads\/2021\/01\/Miguel-Rodriguez-Villa.jpg\"><figcaption>Miguel Rodr\u00edguez-Villa<\/figcaption><\/figure><\/div>\n\n\n\n<p>Miguel Rodr\u00edguez-Villa is a lawyer, qualified in business valuation and specialized in business development and expansion. He has more than 10 years of experience in fields such as business development, e-commerce and stock investment advice in companies such as Zalando or Fidentiis Equities. He speaks German, Spanish, English and Italian, began his career at AlgaEnergy in 2017 and has been based in Italy since 2018, from where he coordinates the implementation of the international strategy in Europe.<\/p>\n\n\n\n<hr class=\"wp-block-separator is-style-default\"\/>\n\n\n\n<p><strong><span style=\"color:#5d8719\" class=\"has-inline-color\">TRADECORP. <\/span><\/strong>Camila Levy. Global R&amp;D Manager<\/p>\n\n\n\n<div class=\"wp-block-image\"><figure class=\"aligncenter size-large\"><img loading=\"lazy\" decoding=\"async\" width=\"132\" height=\"198\" src=\"data:image\/gif;base64,R0lGODlhAQABAAAAACH5BAEKAAEALAAAAAABAAEAAAICTAEAOw==\" alt=\"\" class=\"wp-image-9322 lazyload\" data-src=\"https:\/\/biovegen.org\/wp-content\/uploads\/2021\/01\/Camila-Levy-1.jpg\"><figcaption>Camila Levy<\/figcaption><\/figure><\/div>\n\n\n\n<p>Camila Levy is Brazilian and has lived in Madrid since 2013. She graduated in Agricultural Engineering (2006) with a specialization in Environmental Management from the University of S\u00e3o Paulo (ESALQ\/USP). He has a Master in Agriculture (2013) from the Instituto Agron\u00f4mico of Campinas-SP (Brazil) and a Master in Project Management (2016) from EAE Business School in Spain. Camila has more than 15 years of experience in agronomy and the environment, especially in soil fertility, plant nutrition and biostimulation. She is currently the global R&amp;D manager of Tradecorp International and works with innovative biostimulants and the development of special fertilizers, direct and indirect inventions, and European project management. In addition, Camila has a close relationship with research through the university and different research centers.<\/p>\n\n\n\n<hr class=\"wp-block-separator is-style-default\"\/>\n\n\n\n<p><strong><span style=\"color:#5d8719\" class=\"has-inline-color\">AGROTECHNOLOGY GROUP.<\/span><\/strong> Noemi Herrero. <em>R&amp;D Manager<\/em><\/p>\n\n\n\n<div class=\"wp-block-image\"><figure class=\"aligncenter size-large\"><img loading=\"lazy\" decoding=\"async\" width=\"182\" height=\"198\" src=\"data:image\/gif;base64,R0lGODlhAQABAAAAACH5BAEKAAEALAAAAAABAAEAAAICTAEAOw==\" alt=\"\" class=\"wp-image-9355 lazyload\" data-src=\"https:\/\/biovegen.org\/wp-content\/uploads\/2021\/01\/Noemi.jpg\"><figcaption>Noemi Herrero<\/figcaption><\/figure><\/div>\n\n\n\n<p>Noem\u00ed Herrero has held the position of R&amp;D Manager at Grupo Agrotechnology for 4 years. Thus, since joining the company, he coordinates all R&amp;D activities aimed at searching for new active compounds for their transformation into new bioprotection products. She studied biology at the University of Salamanca where she obtained a doctorate in Microbiology and Genetics in 2011. Additionally, Noem\u00ed continued her academic training through stays at scientific institutions such as Imperial College London, in addition to working as a postdoctoral researcher at other institutions such as the Fondazione Edmund Mach in Italy or the Academy of Sciences of the Czech Republic. During her time at the Academy, she was always linked to the study of microorganisms with high potential as biocontrol agents, being author and co-author of numerous scientific publications and speaker at various scientific conferences.<\/p>\n\n\n\n<hr class=\"wp-block-separator is-style-default\"\/>\n\n\n\n<p><strong><span style=\"color:#5d8719\" class=\"has-inline-color\">ANTONIO TARAZONA.<\/span><\/strong> Sergio Monz\u00f3n. <em>R&amp;D Director<\/em><\/p>\n\n\n\n<div class=\"wp-block-image\"><figure class=\"aligncenter size-large\"><img loading=\"lazy\" decoding=\"async\" width=\"182\" height=\"182\" src=\"data:image\/gif;base64,R0lGODlhAQABAAAAACH5BAEKAAEALAAAAAABAAEAAAICTAEAOw==\" alt=\"\" class=\"wp-image-9006 lazyload\" sizes=\"(max-width: 182px) 100vw, 182px\" data-src=\"https:\/\/biovegen.org\/wp-content\/uploads\/2020\/11\/Sergio-Monzon.jpg\" data-srcset=\"https:\/\/biovegen.org\/wp-content\/uploads\/2020\/11\/Sergio-Monzon.jpg 182w, https:\/\/biovegen.org\/wp-content\/uploads\/2020\/11\/Sergio-Monzon-100x100.jpg 100w, https:\/\/biovegen.org\/wp-content\/uploads\/2020\/11\/Sergio-Monzon-150x150.jpg 150w\"><figcaption>Sergio Monzon<\/figcaption><\/figure><\/div>\n\n\n\n<p><strong>Sergio Monzon<\/strong>&nbsp;He has a degree in chemistry (University of Zaragoza). MBA in management and international markets (Pompeu i Fabra University). Expert program in Biostimulants and Biocontrol (Official College of Agricultural Engineers) COIAL. More than 10 years of experience in the agri-food sector, of which 6 in agriculture, mainly in formulation processes and botanical extracts.<\/p>\n\n\n\n<hr class=\"wp-block-separator is-style-default\"\/>","protected":false},"excerpt":{"rendered":"<p>Daniele Villa. CEO AGRICOLA 2000 Daniele Villa, es el Presidente de Agricola 2000 desde 2011. Es Test Facility Management y est\u00e1 a cargo de supervisar todas las actividades de la empresa: investigaci\u00f3n y proyectos. Obtuvo un Doctorado en Biolog\u00eda Vegetal y Productividad en la Universit\u00e0 degli Studi di Milano en 2010 trabajando en el equipo [&hellip;]<\/p>\n","protected":false},"author":1,"featured_media":0,"parent":307,"menu_order":3,"comment_status":"closed","ping_status":"closed","template":"","meta":{"_acf_changed":false,"inline_featured_image":false,"footnotes":""},"categories":[],"class_list":["post-9318","page","type-page","status-publish","hentry"],"acf":[],"_links":{"self":[{"href":"https:\/\/biovegen.org\/en\/wp-json\/wp\/v2\/pages\/9318","targetHints":{"allow":["GET"]}}],"collection":[{"href":"https:\/\/biovegen.org\/en\/wp-json\/wp\/v2\/pages"}],"about":[{"href":"https:\/\/biovegen.org\/en\/wp-json\/wp\/v2\/types\/page"}],"author":[{"embeddable":true,"href":"https:\/\/biovegen.org\/en\/wp-json\/wp\/v2\/users\/1"}],"replies":[{"embeddable":true,"href":"https:\/\/biovegen.org\/en\/wp-json\/wp\/v2\/comments?post=9318"}],"version-history":[{"count":0,"href":"https:\/\/biovegen.org\/en\/wp-json\/wp\/v2\/pages\/9318\/revisions"}],"up":[{"embeddable":true,"href":"https:\/\/biovegen.org\/en\/wp-json\/wp\/v2\/pages\/307"}],"wp:attachment":[{"href":"https:\/\/biovegen.org\/en\/wp-json\/wp\/v2\/media?parent=9318"}],"wp:term":[{"taxonomy":"category","embeddable":true,"href":"https:\/\/biovegen.org\/en\/wp-json\/wp\/v2\/categories?post=9318"}],"curies":[{"name":"wp","href":"https:\/\/api.w.org\/{rel}","templated":true}]}}