{"id":9186,"date":"2020-12-14T09:36:47","date_gmt":"2020-12-14T09:36:47","guid":{"rendered":"https:\/\/biovegen.org\/?page_id=9186"},"modified":"2021-01-12T16:32:10","modified_gmt":"2021-01-12T16:32:10","slug":"sanidad-vegetal-retos-oportunidades-y-futuro-resenas-curriculares","status":"publish","type":"page","link":"https:\/\/biovegen.org\/en\/actividades\/eventos\/conferencias-internacionales\/sanidad-vegetal-retos-oportunidades-y-futuro-resenas-curriculares\/","title":{"rendered":"Plant Health: challenges, opportunities and future \u2013 Curriculum reviews"},"content":{"rendered":"<figure class=\"wp-block-image size-large\"><img fetchpriority=\"high\" decoding=\"async\" width=\"1024\" height=\"578\" src=\"data:image\/gif;base64,R0lGODlhAQABAAAAACH5BAEKAAEALAAAAAABAAEAAAICTAEAOw==\" alt=\"\" class=\"wp-image-9118 lazyload\" sizes=\"(max-width: 1024px) 100vw, 1024px\" data-src=\"https:\/\/biovegen.org\/wp-content\/uploads\/2020\/12\/Encuentro-Sanidad-Vegetal_ok-1024x578.jpg\" data-srcset=\"https:\/\/biovegen.org\/wp-content\/uploads\/2020\/12\/Encuentro-Sanidad-Vegetal_ok-1024x578.jpg 1024w, https:\/\/biovegen.org\/wp-content\/uploads\/2020\/12\/Encuentro-Sanidad-Vegetal_ok-600x338.jpg 600w, https:\/\/biovegen.org\/wp-content\/uploads\/2020\/12\/Encuentro-Sanidad-Vegetal_ok-300x169.jpg 300w, https:\/\/biovegen.org\/wp-content\/uploads\/2020\/12\/Encuentro-Sanidad-Vegetal_ok-768x433.jpg 768w, https:\/\/biovegen.org\/wp-content\/uploads\/2020\/12\/Encuentro-Sanidad-Vegetal_ok.jpg 1099w\"><\/figure>\n\n\n\n<div style=\"height:50px\" aria-hidden=\"true\" class=\"wp-block-spacer\"><\/div>\n\n\n\n<p><strong><span style=\"color:#5d8719\" class=\"has-inline-color\">Administration<\/span>.<\/strong> Victoria Montemayor. <em>Attached to the Directorate. INIA-National Institute of Agricultural and Food Research and Technology<\/em><\/p>\n\n\n\n<div class=\"wp-block-image\"><figure class=\"aligncenter size-large\"><img decoding=\"async\" width=\"153\" height=\"200\" src=\"data:image\/gif;base64,R0lGODlhAQABAAAAACH5BAEKAAEALAAAAAABAAEAAAICTAEAOw==\" alt=\"\" class=\"wp-image-9204 lazyload\" data-src=\"https:\/\/biovegen.org\/wp-content\/uploads\/2020\/12\/Victoria.jpg\"><figcaption>Victoria Montemayor<\/figcaption><\/figure><\/div>\n\n\n\n<p><strong>Agricultural engineer by training<\/strong> (Polytechnic University of Madrid). Most of his post-graduate training is in relation to the environment. He approved the oppositions of the <strong>Higher Corps of State Agronomists in 2002<\/strong> and has worked in <strong>the Ministry of Agriculture (MAPA currently) from that date until 2019.<\/strong> Since starting at MAPA, he has worked in the area of agricultural mechanization, and from June 1, 2011 to July 31, 2019, he has held the position of <strong>Director of the Agricultural Mechanics Station\/ General Subdirectorate of Agricultural Means of Production and Spanish Office of Plant Varieties\/ DG of Agricultural Productions and Markets\/ Ministry of Agriculture, Fisheries and Food.<\/strong> From the <strong>August 1, 2019 to date, she is Coordinator of the Support Unit of the Directorate of the National Institute of Agricultural and Food Research and Technology (INIA)<\/strong>.<\/p>\n\n\n\n<hr class=\"wp-block-separator is-style-default\"\/>\n\n\n\n<p><strong><span style=\"color:#5d8719\" class=\"has-inline-color\">Administration<\/span>.<\/strong> Jos\u00e9 Manuel Gonz\u00e1lez. <em>PNC and Delegate of Bioeconomy and Social Challenges of Horizon 2020. CDTI<\/em><\/p>\n\n\n\n<div class=\"wp-block-image\"><figure class=\"aligncenter size-large\"><img decoding=\"async\" width=\"143\" height=\"201\" src=\"data:image\/gif;base64,R0lGODlhAQABAAAAACH5BAEKAAEALAAAAAABAAEAAAICTAEAOw==\" alt=\"\" class=\"wp-image-9187 lazyload\" data-src=\"https:\/\/biovegen.org\/wp-content\/uploads\/2020\/12\/Jose-Manuel-Rodriguez.jpg\"><figcaption>Jos\u00e9 Manuel Gonz\u00e1lez<\/figcaption><\/figure><\/div>\n\n\n\n<p>He is an Agricultural Engineer from the Polytechnic University of Madrid, specialized in food industries. Since January 2007, he has worked for the European Programs Division of the CDTI as the Spanish Delegate for \u201cBioeconomy\u201d in the 7th Framework Program (2007-2013) and H2020 (as of 2014). He already represents Spain in the preparations for Cluster 6 of Horizon Europe (Bioeconomy and Environment). He also represented Spain in the BioBased Industries Joint Undertaking from 2014 to 2018, where he also chaired the Representative Group of States. Previously, Jos\u00e9 Manuel GONZALEZ worked for more than 6 years as a project manager for CGI, SA, a consulting firm specialized in agri-food industries. In his last year, he was part of the Board of Directors. During 2014 and 2015 he worked on the development of the Spanish Bioeconomy Strategy, and is currently a member of the Bioeconomy Observatory in Spain.<\/p>\n\n\n\n<hr class=\"wp-block-separator\"\/>\n\n\n\n<p><strong><span style=\"color:#5d8719\" class=\"has-inline-color\">Science<\/span>.<\/strong> Mar\u00eda Ar\u00e1nzazu G\u00f3mez-Garay. <em>Researcher UCM-Complutense University of Madrid. Former AESAVE President<\/em><\/p>\n\n\n\n<div class=\"wp-block-image\"><figure class=\"aligncenter size-large\"><img loading=\"lazy\" decoding=\"async\" width=\"172\" height=\"305\" src=\"data:image\/gif;base64,R0lGODlhAQABAAAAACH5BAEKAAEALAAAAAABAAEAAAICTAEAOw==\" alt=\"\" class=\"wp-image-9202 lazyload\" sizes=\"(max-width: 172px) 100vw, 172px\" data-src=\"https:\/\/biovegen.org\/wp-content\/uploads\/2020\/12\/Presentacion-libro-blanco-1.jpg\" data-srcset=\"https:\/\/biovegen.org\/wp-content\/uploads\/2020\/12\/Presentacion-libro-blanco-1.jpg 172w, https:\/\/biovegen.org\/wp-content\/uploads\/2020\/12\/Presentacion-libro-blanco-1-169x300.jpg 169w\"><figcaption>Mar\u00eda Ar\u00e1nzazu G\u00f3mez-Garay<\/figcaption><\/figure><\/div>\n\n\n\n<p>Dr. Agricultural Engineer from the Polytechnic University of Madrid. University Professor in the Plant Physiology Teaching Unit of the Department of Genetics, Physiology and Microbiology of the Faculty of Biological Sciences of the Complutense University of Madrid. Coordinator of the Master in Applied Plant Biology-UCM. Member of the Board of Directors of the Spanish Society of Palynology. I was part of the National Biosafety Commission. Former president of the Spanish Association of Plant Health.&nbsp;<\/p>\n\n\n\n<hr class=\"wp-block-separator\"\/>\n\n\n\n<p><strong><span style=\"color:#5d8719\" class=\"has-inline-color\">Company<\/span>. <\/strong>Francisco Espinosa. <em>R&amp;D Director. SEIPASA<\/em><\/p>\n\n\n\n<div class=\"wp-block-image\"><figure class=\"aligncenter size-large\"><img loading=\"lazy\" decoding=\"async\" width=\"302\" height=\"202\" src=\"data:image\/gif;base64,R0lGODlhAQABAAAAACH5BAEKAAEALAAAAAABAAEAAAICTAEAOw==\" alt=\"\" class=\"wp-image-9188 lazyload\" sizes=\"(max-width: 302px) 100vw, 302px\" data-src=\"https:\/\/biovegen.org\/wp-content\/uploads\/2020\/12\/Francisco-Espinosa.jpg\" data-srcset=\"https:\/\/biovegen.org\/wp-content\/uploads\/2020\/12\/Francisco-Espinosa.jpg 302w, https:\/\/biovegen.org\/wp-content\/uploads\/2020\/12\/Francisco-Espinosa-300x201.jpg 300w\"><figcaption>Francisco Espinosa<\/figcaption><\/figure><\/div>\n\n\n\n<p>Francisco Espinosa is the Research Director of Seipasa. He has a degree in Pharmacy from the University of Valencia (Spain) and has extensive experience of more than 16 years in the company. Espinosa is a specialist in the formulation of biopesticides and biostimulants from substances of botanical and microbiological origin. Their work allowed Seipasa to develop three new patents for products Pirecris (ES2444991A1), Fungisei (ES2520615B2) and Gemsei (ES2671566B2). Recently SEIPASA won the prestigious 2020 National Innovation Award in the SME category by the Ministry of Science and Innovation.<\/p>\n\n\n\n<hr class=\"wp-block-separator\"\/>\n\n\n\n<p><strong><span style=\"color:#5d8719\" class=\"has-inline-color\">Company<\/span>.<\/strong> Salvador Rodrigo. <em>Manager<\/em>. <em>LOCATEC<\/em><\/p>\n\n\n\n<div class=\"wp-block-image\"><figure class=\"aligncenter size-large\"><img loading=\"lazy\" decoding=\"async\" width=\"193\" height=\"197\" src=\"data:image\/gif;base64,R0lGODlhAQABAAAAACH5BAEKAAEALAAAAAABAAEAAAICTAEAOw==\" alt=\"\" class=\"wp-image-9189 lazyload\" data-src=\"https:\/\/biovegen.org\/wp-content\/uploads\/2020\/12\/Salvador-Rodrigo.jpg\"><figcaption>Salvador Rodrigo<\/figcaption><\/figure><\/div>\n\n\n\n<p>I am Salvador Rodrigo, with a degree in Technical Engineering in Management IT. I was dedicated to teaching in public secondary education institutes for 12 years in the subject of computer science. In 2018 I left teaching to dedicate myself professionally to the development of computer applications, creating the company Locatec computer applications. We currently have a very wide catalog of applications, mainly for the agricultural sector, and we collaborate with several universities on research projects. One of the most powerful and recognized projects that we have developed at Locatec is FitosPRO, which solves the problem of access to information on everything that has to do with phytosanitary products. Thanks to our tool, any user can be informed of everything related to these products and any regulatory changes they may undergo.<\/p>\n\n\n\n<hr class=\"wp-block-separator\"\/>\n\n\n\n<p><strong><span style=\"color:#5d8719\" class=\"has-inline-color\">Society<\/span>.<\/strong> Juan&#039;s Solitude. <em>Director<\/em>. <em>ANTAMA FOUNDATION<\/em><\/p>\n\n\n\n<div class=\"wp-block-image\"><figure class=\"aligncenter size-large\"><img loading=\"lazy\" decoding=\"async\" width=\"200\" height=\"200\" src=\"data:image\/gif;base64,R0lGODlhAQABAAAAACH5BAEKAAEALAAAAAABAAEAAAICTAEAOw==\" alt=\"\" class=\"wp-image-9190 lazyload\" sizes=\"(max-width: 200px) 100vw, 200px\" data-src=\"https:\/\/biovegen.org\/wp-content\/uploads\/2020\/12\/Soledad-de-Juan.jpg\" data-srcset=\"https:\/\/biovegen.org\/wp-content\/uploads\/2020\/12\/Soledad-de-Juan.jpg 200w, https:\/\/biovegen.org\/wp-content\/uploads\/2020\/12\/Soledad-de-Juan-100x100.jpg 100w, https:\/\/biovegen.org\/wp-content\/uploads\/2020\/12\/Soledad-de-Juan-150x150.jpg 150w\"><figcaption>John&#039;s Solitude<\/figcaption><\/figure><\/div>\n\n\n\n<p><em>Soledad de Juan Arechederra is an Agricultural Engineer from the Polytechnic University of Madrid and has more than twenty years of experience in the field of agronomy, as well as carrying out important work in the field of communication in the agri-food sector. He currently directs the ANTAMA Foundation, a non-profit entity whose purpose is dissemination and information in the field of new technologies applied to agriculture, the environment and food. Soledad de Juan makes this activity compatible with the presentation for more than 15 years of the program ONDA AGRARIA, a nationally broadcast radio program in the field of agriculture, livestock, fishing, food, rural development and the environment. by ONDA CERO RADIO<\/em><\/p>\n\n\n\n<hr class=\"wp-block-separator\"\/>","protected":false},"excerpt":{"rendered":"<p>Administraci\u00f3n. Victoria Montemayor. Adjunta a la Direcci\u00f3n. INIA-Instituto Nacional de Investigaci\u00f3n y Tecnolog\u00eda Agraria y Alimentaria Ingeniera agr\u00f3nomo de formaci\u00f3n (Universidad Polit\u00e9cnica de Madrid). La mayor parte de su formaci\u00f3n de post-grado es en relaci\u00f3n a medio ambiente. Aprob\u00f3 las oposiciones del Cuerpo Superior de Ingenieros Agr\u00f3nomos del Estado en 2002 y ha trabajado en [&hellip;]<\/p>\n","protected":false},"author":1,"featured_media":0,"parent":307,"menu_order":2,"comment_status":"closed","ping_status":"closed","template":"","meta":{"_acf_changed":false,"inline_featured_image":false,"footnotes":""},"categories":[],"class_list":["post-9186","page","type-page","status-publish","hentry"],"acf":[],"_links":{"self":[{"href":"https:\/\/biovegen.org\/en\/wp-json\/wp\/v2\/pages\/9186","targetHints":{"allow":["GET"]}}],"collection":[{"href":"https:\/\/biovegen.org\/en\/wp-json\/wp\/v2\/pages"}],"about":[{"href":"https:\/\/biovegen.org\/en\/wp-json\/wp\/v2\/types\/page"}],"author":[{"embeddable":true,"href":"https:\/\/biovegen.org\/en\/wp-json\/wp\/v2\/users\/1"}],"replies":[{"embeddable":true,"href":"https:\/\/biovegen.org\/en\/wp-json\/wp\/v2\/comments?post=9186"}],"version-history":[{"count":0,"href":"https:\/\/biovegen.org\/en\/wp-json\/wp\/v2\/pages\/9186\/revisions"}],"up":[{"embeddable":true,"href":"https:\/\/biovegen.org\/en\/wp-json\/wp\/v2\/pages\/307"}],"wp:attachment":[{"href":"https:\/\/biovegen.org\/en\/wp-json\/wp\/v2\/media?parent=9186"}],"wp:term":[{"taxonomy":"category","embeddable":true,"href":"https:\/\/biovegen.org\/en\/wp-json\/wp\/v2\/categories?post=9186"}],"curies":[{"name":"wp","href":"https:\/\/api.w.org\/{rel}","templated":true}]}}