{"id":8276,"date":"2020-10-01T11:13:56","date_gmt":"2020-10-01T11:13:56","guid":{"rendered":"https:\/\/biovegen.org\/?page_id=8276"},"modified":"2020-10-29T09:00:18","modified_gmt":"2020-10-29T09:00:18","slug":"biotech-attraction-sesion-iv-resenas-curriculares","status":"publish","type":"page","link":"https:\/\/biovegen.org\/en\/actividades\/eventos\/fruit-attraction\/fruit-attraction-2020\/biotech-attraction-sesion-iv-resenas-curriculares\/","title":{"rendered":"BIOTECH ATTRACTION \u2013 SESSION IV \u2013 Curriculum reviews"},"content":{"rendered":"<h2 class=\"has-text-color wp-block-heading\" style=\"color:#5d8719\"><strong>BIOTECH ATTRACTION \u2013 SESSION II \u2013 Curriculum reviews<\/strong><\/h2>\n\n\n\n<p><strong>Welcome and introduction<\/strong><\/p>\n\n\n\n<p><strong>IFEMA<\/strong>. Raul Calleja.&nbsp;<em>Director FRUIT ATTRACTION<\/em><\/p>\n\n\n\n<div id=\"block-986df78e-4d1b-4c2e-9894-8c26671cf903\" class=\"wp-block-image\"><figure class=\"aligncenter is-resized\"><img decoding=\"async\" src=\"data:image\/gif;base64,R0lGODlhAQABAAAAACH5BAEKAAEALAAAAAABAAEAAAICTAEAOw==\" alt=\"La imagen tiene un atributo ALT vac\u00edo; su nombre de archivo es Raul-Calleja.jpg\" width=\"142\" height=\"190\" class=\"lazyload\" data-src=\"https:\/\/biovegen.org\/wp-content\/uploads\/2020\/09\/Raul-Calleja.jpg\"><figcaption>Raul Calleja<\/figcaption><\/figure><\/div>\n\n\n\n<p>Ra\u00fal Calleja has a degree in commercial management and marketing and has a Master&#039;s degree in communication and marketing. In addition, he is a specialist in team coaching and trade fair and event marketing. He has 16 years of experience at Ifema and is currently director of Ifema agri-food events (Fruit Attraction, Meat Attraction or Intersicop).<\/p>\n\n\n\n<hr class=\"wp-block-separator\"\/>\n\n\n\n<p><strong>BIOVEGEN<\/strong>. Gonzaga Ruiz de Gauna.&nbsp;<em>Manager<\/em><\/p>\n\n\n\n<div id=\"block-0a23c9ac-86db-4be0-a29f-19511b0b876d\" class=\"wp-block-image\"><figure class=\"aligncenter is-resized\"><img decoding=\"async\" src=\"data:image\/gif;base64,R0lGODlhAQABAAAAACH5BAEKAAEALAAAAAABAAEAAAICTAEAOw==\" alt=\"La imagen tiene un atributo ALT vac\u00edo; su nombre de archivo es Gonzaga-Ruiz-de-Gauna.jpg\" width=\"142\" height=\"190\" class=\"lazyload\" data-src=\"https:\/\/biovegen.org\/wp-content\/uploads\/2020\/09\/Gonzaga-Ruiz-de-Gauna.jpg\"><figcaption>Gonzaga Ruiz de Gauna<\/figcaption><\/figure><\/div>\n\n\n\n<p id=\"block-ab253f67-77c5-4cb1-a711-6b6a31d76ff0\">Gonzaga Ruiz de Gauna Guti\u00e9rrez is an agricultural engineer and has a Master&#039;s degree in Biotechnology Business Management from the Aliter International Business School. Currently, he works as manager and coordinator of the <em>Association for the Promotion of R&amp;D in Plant Genomics (INVEGEN)<\/em> entity that brings together companies and research organizations in the agriculture and plant production sector, and that aims to improve the competitiveness of the sector through the incorporation of new technologies and the promotion of R&amp;D activities related to Plant Biotechnology such as innovation engine.<\/p>\n\n\n\n<hr class=\"wp-block-separator has-text-color has-background is-style-wide\" style=\"background-color:#5d8719;color:#5d8719\"\/>\n\n\n\n<p><strong>COMPANIES<\/strong><\/p>\n\n\n\n<p><strong>Omic applications for plant health.<\/strong> <strong>SEQUENTIA BIOTECH.<\/strong>&nbsp;Walter Sanseverino.&nbsp;<em>Cofounder and CEO<\/em><\/p>\n\n\n\n<div id=\"block-0a23c9ac-86db-4be0-a29f-19511b0b876d\" class=\"wp-block-image\"><figure class=\"aligncenter size-large is-resized\"><img decoding=\"async\" src=\"data:image\/gif;base64,R0lGODlhAQABAAAAACH5BAEKAAEALAAAAAABAAEAAAICTAEAOw==\" alt=\"\" class=\"wp-image-8717 lazyload\" width=\"142\" height=\"190\" data-src=\"https:\/\/biovegen.org\/wp-content\/uploads\/2020\/10\/walter_sanseverino369_0.jpg\"><figcaption>Walter Sanseverino<\/figcaption><\/figure><\/div>\n\n\n\n<p id=\"block-8c2fcabe-4ed1-4d6e-98c5-c295e8a80a95\">Walter Sanseverino is currently CEO of Sequentia Biotech, a bioinformatics company based in Barcelona. In 2005 he graduated in Agro-Vegetable Biotechnologies. In 2009 he completed his doctorate in Genomics and Agrobiology, winning the award for best thesis defense. In the second year of his doctorate, and thanks to the granting of two scholarships for the mobility of young researchers, he completed a foreign residency at the &quot;VIB Plant System Biology&quot; research center in Gent, Belgium; attending the department of bioinformatics and evolutionary biology. After a year of postdoc at the Department of Agriculture of Federico II, he becomes a postdoctoral researcher at the CRAG (Center for Agrigenomics Research) in Barcelona, Spain. In 2013 he founded Sequentia Biotech with the goal of developing innovative technologies for the analysis and interpretation of omics data. In 2018 he was a visiting professor of the bioinformatics program at the Sapienza University of Rome and in 2019 he won the career award from the University of Naples Federico II. Since the beginning of his career, he has published more than 40 high-impact scientific papers in international journals.<\/p>\n\n\n\n<hr class=\"wp-block-separator\"\/>\n\n\n\n<p><strong>Phytopathological Platforms based on massive sequencing techniques. VALGENETICS.<\/strong>&nbsp;Maria Albiach<em>. Founder and CEO<\/em><\/p>\n\n\n\n<div id=\"block-0a23c9ac-86db-4be0-a29f-19511b0b876d\" class=\"wp-block-image\"><figure class=\"aligncenter size-large is-resized\"><img loading=\"lazy\" decoding=\"async\" src=\"data:image\/gif;base64,R0lGODlhAQABAAAAACH5BAEKAAEALAAAAAABAAEAAAICTAEAOw==\" alt=\"\" class=\"wp-image-8786 lazyload\" width=\"142\" height=\"190\" data-src=\"https:\/\/biovegen.org\/wp-content\/uploads\/2020\/10\/Captura-de-pantalla-2020-10-28-132100.png\"><figcaption>Maria Albiach<\/figcaption><\/figure><\/div>\n\n\n\n<p>Doctor in Chemical Sciences from the University of Valencia, more than 28 years of scientific experience framed in the fields of Bacteriology and Molecular Virology. Training as a plant pathologist was developed in both Spanish and foreign centers: Valencian Institute of Agricultural Research (IVIA) and Citrus Research and Education Center (University of Florida, USA). Although he began his career in the field of bacteriology, the main milestones of his research were obtained in the field of citrus viruses, using in vitro viral genetic systems, and in evolutionary studies for the development of biotechnological strategies for viral control. In 2012, the ValGenetics business project began, in which knowledge and experience come together to offer a new vision of plant health and biotechnology.<\/p>\n\n\n\n<hr class=\"wp-block-separator\"\/>\n\n\n\n<p><strong><strong>Terramin\u00ae Pro and soil health.<\/strong>&nbsp;<strong>BIOIBERICA.&nbsp;<\/strong><\/strong>Nuria Sierras Serra.&nbsp;<em>Head of R&amp;D Plant Health<\/em><\/p>\n\n\n\n<div id=\"block-0a23c9ac-86db-4be0-a29f-19511b0b876d\" class=\"wp-block-image\"><figure class=\"aligncenter size-large is-resized\"><img loading=\"lazy\" decoding=\"async\" src=\"data:image\/gif;base64,R0lGODlhAQABAAAAACH5BAEKAAEALAAAAAABAAEAAAICTAEAOw==\" alt=\"\" class=\"wp-image-8737 lazyload\" width=\"142\" height=\"190\" data-src=\"https:\/\/biovegen.org\/wp-content\/uploads\/2020\/10\/IMG_0086-r.jpg\"><figcaption>Nuria Sierras Serra<\/figcaption><\/figure><\/div>\n\n\n\n<p>Graduate in Chemical Sciences. Master in Organic Chemistry and project management. More than 15 years of experience in the R&amp;D department in the Agro area and the last two years as manager.<\/p>\n\n\n\n<hr class=\"wp-block-separator\"\/>\n\n\n\n<p><strong>Innovation in agriculture as a driver of change.<\/strong> <strong>GLEN BIOTECH.\u00a0<\/strong>Berenice G\u00fcerri.\u00a0<em>CEO<\/em><\/p>\n\n\n\n<div id=\"block-0a23c9ac-86db-4be0-a29f-19511b0b876d\" class=\"wp-block-image\"><figure class=\"aligncenter size-large is-resized\"><img loading=\"lazy\" decoding=\"async\" src=\"data:image\/gif;base64,R0lGODlhAQABAAAAACH5BAEKAAEALAAAAAABAAEAAAICTAEAOw==\" alt=\"\" class=\"wp-image-8827 lazyload\" width=\"142\" height=\"190\" data-src=\"https:\/\/biovegen.org\/wp-content\/uploads\/2020\/10\/yy-908x1024.jpg\"><figcaption>Berenice Guerri<\/figcaption><\/figure><\/div>\n\n\n\n<p>Berenice G\u00fcerri is CEO of Glen Biotech. In addition, she has a PhD in Biology from the University of Alicante and has been managing for 10 years to ensure that innovation through microorganisms reaches the agricultural market.\u00a0<\/p>\n\n\n\n<hr class=\"wp-block-separator has-text-color has-background is-style-wide\" style=\"background-color:#5d8719;color:#5d8719\"\/>\n\n\n\n<p><strong>SCIENCE-BUSINESS PROJECTS<\/strong><\/p>\n\n\n\n<p><strong>Biological Control: between Agroecology, <em>omics<\/em> and Synthetic Biology. <strong>Synthetic biology and phytopathology.<\/strong><\/strong> Luis Vicente L\u00f3pez-Llorca.&nbsp;<em>University of Alicante (UA)<\/em><\/p>\n\n\n\n<div id=\"block-0a23c9ac-86db-4be0-a29f-19511b0b876d\" class=\"wp-block-image\"><figure class=\"aligncenter size-large is-resized\"><img loading=\"lazy\" decoding=\"async\" src=\"data:image\/gif;base64,R0lGODlhAQABAAAAACH5BAEKAAEALAAAAAABAAEAAAICTAEAOw==\" alt=\"\" class=\"wp-image-8720 lazyload\" width=\"142\" height=\"190\" data-src=\"https:\/\/biovegen.org\/wp-content\/uploads\/2020\/10\/Captura-de-pantalla-2020-10-27-092250.png\"><figcaption>Luis Vicente L\u00f3pez-Llorca<\/figcaption><\/figure><\/div>\n\n\n\n<p>Luis Vicente L\u00f3pez-Llorca has been director of the Department of Marine Sciences and Applied Biology at the University of Alicante from 2004 to 2006. In addition, he is founder and first director of the Multidisciplinary University Institute for Environmental Studies (IMEM-R.MARGALEF). <\/p>\n\n\n\n<p>As a teacher he has taught at the University of Alicante since 1990 in a multitude of subjects. He has also taught postgraduate and specialization courses at the universities of Exeter (United Kingdom), Toronto and B. Columbia (Canada), Quito (Ecuador), Veracruz (Mexico), Censa-U. Agraria Habana (Cuba) and in Research Centers (UK, Holland...)<\/p>\n\n\n\n<p>In addition, he has published 103 scientific articles (WoS, includes patents) on microbiology, plant pathology, chitosan, among other fields. He is a member of the Natural Sciences Commission for the evaluation of teaching staff (ANECA) where he has evaluated research projects for regional agencies (Castilla y Le\u00f3n), national and international agencies. <\/p>\n\n\n\n<hr class=\"wp-block-separator\"\/>\n\n\n\n<p><strong>&quot;Advanced technologies for the sustainable protection of bananas.&quot;<\/strong> <strong>MUSA project.&nbsp;<\/strong>Aurelio Ciancio.&nbsp;<em>Institute of Sustainable Plant Protection. Italy<\/em><\/p>\n\n\n\n<div id=\"block-0a23c9ac-86db-4be0-a29f-19511b0b876d\" class=\"wp-block-image\"><figure class=\"aligncenter size-large is-resized\"><img loading=\"lazy\" decoding=\"async\" src=\"data:image\/gif;base64,R0lGODlhAQABAAAAACH5BAEKAAEALAAAAAABAAEAAAICTAEAOw==\" alt=\"\" class=\"wp-image-8688 lazyload\" width=\"142\" height=\"190\" data-src=\"https:\/\/biovegen.org\/wp-content\/uploads\/2020\/10\/Ciancio.jpg\"><figcaption>Aurelio Ciancio<\/figcaption><\/figure><\/div>\n\n\n\n<p>Agronomist, researcher since 1984 at the Consiglio Nazionale delle Ricerche and then at the Bari unit of the Istituto per la Protezione Sostenibile delle Piante. His research fields focus mainly on the biological control of phytoparasitic nematodes and the microbiology of the rhizosphere. He participated in several national and international projects on nematode antagonists, low environmental impact control methods, biological control, tree crop nematodes and alternative management of root-knot nematodes.<\/p>\n\n\n\n<p>He was Secretary of the Italian Society of Nematology and member of SON, APS, OILB-WPRS and ONTA, of which he was President in 2005-2006, and Vice President of the International Federation of Nematological Societies. He was coordinator of national and EU-funded projects on plant protection, soil ecology and nematology, and reviewer for numerous scientific journals and international agencies. He is the author of more than 200 articles or summaries in national and international magazines. He is currently Springer editor of the Sustainability in Plant and Crop Protection series and Coordinates the MUSA Project, funded by the EU Horizon 2020 programme.<\/p>\n\n\n\n<hr class=\"wp-block-separator has-text-color has-background is-style-wide\" style=\"background-color:#5d8719;color:#5d8719\"\/>\n\n\n\n<p><strong>Colloquium and questions<\/strong><\/p>\n\n\n\n<p><strong>Conclusions and closing<\/strong><\/p>\n\n\n\n<div style=\"height:49px\" aria-hidden=\"true\" class=\"wp-block-spacer\"><\/div>\n\n\n\n<div class=\"wp-block-image\"><figure class=\"aligncenter size-large\"><img loading=\"lazy\" decoding=\"async\" width=\"1024\" height=\"768\" src=\"data:image\/gif;base64,R0lGODlhAQABAAAAACH5BAEKAAEALAAAAAABAAEAAAICTAEAOw==\" alt=\"\" class=\"wp-image-8245 lazyload\" sizes=\"(max-width: 1024px) 100vw, 1024px\" data-src=\"https:\/\/biovegen.org\/wp-content\/uploads\/2020\/09\/Sesion-IV-1.jpg\" data-srcset=\"https:\/\/biovegen.org\/wp-content\/uploads\/2020\/09\/Sesion-IV-1.jpg 1024w, https:\/\/biovegen.org\/wp-content\/uploads\/2020\/09\/Sesion-IV-1-600x450.jpg 600w, https:\/\/biovegen.org\/wp-content\/uploads\/2020\/09\/Sesion-IV-1-300x225.jpg 300w, https:\/\/biovegen.org\/wp-content\/uploads\/2020\/09\/Sesion-IV-1-768x576.jpg 768w\"><\/figure><\/div>","protected":false},"excerpt":{"rendered":"<p>BIOTECH ATTRACTION \u2013 SESI\u00d3N II \u2013 Rese\u00f1as curriculares Bienvenida e introducci\u00f3n IFEMA. Ra\u00fal Calleja.&nbsp;Director FRUIT ATTRACTION Ra\u00fal Calleja es licenciado en direcci\u00f3n comercial y marketing y posee un Master en comunicaci\u00f3n y marketing. Adem\u00e1s, es especialista en coaching de equipos y en marketing ferial y de eventos. Tiene 16 a\u00f1os de experiencia en Ifema y [&hellip;]<\/p>\n","protected":false},"author":1,"featured_media":0,"parent":8119,"menu_order":4,"comment_status":"closed","ping_status":"closed","template":"","meta":{"_acf_changed":false,"inline_featured_image":false,"footnotes":""},"categories":[],"class_list":["post-8276","page","type-page","status-publish","hentry"],"acf":[],"_links":{"self":[{"href":"https:\/\/biovegen.org\/en\/wp-json\/wp\/v2\/pages\/8276","targetHints":{"allow":["GET"]}}],"collection":[{"href":"https:\/\/biovegen.org\/en\/wp-json\/wp\/v2\/pages"}],"about":[{"href":"https:\/\/biovegen.org\/en\/wp-json\/wp\/v2\/types\/page"}],"author":[{"embeddable":true,"href":"https:\/\/biovegen.org\/en\/wp-json\/wp\/v2\/users\/1"}],"replies":[{"embeddable":true,"href":"https:\/\/biovegen.org\/en\/wp-json\/wp\/v2\/comments?post=8276"}],"version-history":[{"count":0,"href":"https:\/\/biovegen.org\/en\/wp-json\/wp\/v2\/pages\/8276\/revisions"}],"up":[{"embeddable":true,"href":"https:\/\/biovegen.org\/en\/wp-json\/wp\/v2\/pages\/8119"}],"wp:attachment":[{"href":"https:\/\/biovegen.org\/en\/wp-json\/wp\/v2\/media?parent=8276"}],"wp:term":[{"taxonomy":"category","embeddable":true,"href":"https:\/\/biovegen.org\/en\/wp-json\/wp\/v2\/categories?post=8276"}],"curies":[{"name":"wp","href":"https:\/\/api.w.org\/{rel}","templated":true}]}}