{"id":8274,"date":"2020-10-01T11:13:59","date_gmt":"2020-10-01T11:13:59","guid":{"rendered":"https:\/\/biovegen.org\/?page_id=8274"},"modified":"2020-10-15T08:10:22","modified_gmt":"2020-10-15T08:10:22","slug":"biotech-attraction-sesion-ii-resenas-curriculares","status":"publish","type":"page","link":"https:\/\/biovegen.org\/en\/actividades\/eventos\/fruit-attraction\/fruit-attraction-2020\/biotech-attraction-sesion-ii-resenas-curriculares\/","title":{"rendered":"BIOTECH ATTRACTION \u2013 SESSION II \u2013 Curriculum reviews"},"content":{"rendered":"<h2 class=\"has-text-color wp-block-heading\" style=\"color:#5d8719\"><strong>BIOTECH ATTRACTION \u2013 SESSION II \u2013 Curriculum reviews<\/strong><\/h2>\n\n\n\n<p><strong>Welcome and introduction<\/strong><\/p>\n\n\n\n<p><strong>IFEMA<\/strong>. Raul Calleja.&nbsp;<em>Director FRUIT ATTRACTION<\/em><\/p>\n\n\n\n<div id=\"block-986df78e-4d1b-4c2e-9894-8c26671cf903\" class=\"wp-block-image\"><figure class=\"aligncenter is-resized\"><img decoding=\"async\" src=\"data:image\/gif;base64,R0lGODlhAQABAAAAACH5BAEKAAEALAAAAAABAAEAAAICTAEAOw==\" alt=\"La imagen tiene un atributo ALT vac\u00edo; su nombre de archivo es Raul-Calleja.jpg\" width=\"142\" height=\"190\" class=\"lazyload\" data-src=\"https:\/\/biovegen.org\/wp-content\/uploads\/2020\/09\/Raul-Calleja.jpg\"><figcaption>Raul Calleja<\/figcaption><\/figure><\/div>\n\n\n\n<p>Ra\u00fal Calleja has a degree in commercial management and marketing and has a Master&#039;s degree in communication and marketing. In addition, he is a specialist in team coaching and trade fair and event marketing. He has 16 years of experience at Ifema and is currently director of Ifema agri-food events (Fruit Attraction, Meat Attraction or Intersicop).<\/p>\n\n\n\n<hr class=\"wp-block-separator\"\/>\n\n\n\n<p><strong>BIOVEGEN<\/strong>. Gonzaga Ruiz de Gauna.&nbsp;<em>Manager<\/em><\/p>\n\n\n\n<div id=\"block-0a23c9ac-86db-4be0-a29f-19511b0b876d\" class=\"wp-block-image\"><figure class=\"aligncenter is-resized\"><img decoding=\"async\" src=\"data:image\/gif;base64,R0lGODlhAQABAAAAACH5BAEKAAEALAAAAAABAAEAAAICTAEAOw==\" alt=\"La imagen tiene un atributo ALT vac\u00edo; su nombre de archivo es Gonzaga-Ruiz-de-Gauna.jpg\" width=\"142\" height=\"190\" class=\"lazyload\" data-src=\"https:\/\/biovegen.org\/wp-content\/uploads\/2020\/09\/Gonzaga-Ruiz-de-Gauna.jpg\"><figcaption>Gonzaga Ruiz de Gauna<\/figcaption><\/figure><\/div>\n\n\n\n<p id=\"block-ab253f67-77c5-4cb1-a711-6b6a31d76ff0\">Gonzaga Ruiz de Gauna Guti\u00e9rrez is an agricultural engineer and has a Master&#039;s degree in Biotechnology Business Management from the Aliter International Business School. Currently, he works as manager and coordinator of the <em>Association for the Promotion of R&amp;D in Plant Genomics (INVEGEN)<\/em> entity that brings together companies and research organizations in the agriculture and plant production sector, and that aims to improve the competitiveness of the sector through the incorporation of new technologies and the promotion of R&amp;D activities related to Plant Biotechnology such as innovation engine.<\/p>\n\n\n\n<hr class=\"wp-block-separator has-text-color has-background is-style-wide\" style=\"background-color:#5d8719;color:#5d8719\"\/>\n\n\n\n<p><strong>COMPANIES<\/strong><\/p>\n\n\n\n<p><strong>Exploring the powerful phytoarsenal of vegetable extracts against bacteria and parasites causing significant diseases.<\/strong> <strong>IGRAPE<\/strong><em>.&nbsp;<\/em>David Alonso.&nbsp;<em>Director of operations<\/em><\/p>\n\n\n\n<div id=\"block-bf1f51c3-4a95-4ca9-85eb-d01cb679f87e\" class=\"wp-block-image\"><figure class=\"aligncenter size-large is-resized\"><img decoding=\"async\" src=\"data:image\/gif;base64,R0lGODlhAQABAAAAACH5BAEKAAEALAAAAAABAAEAAAICTAEAOw==\" alt=\"\" class=\"wp-image-8496 lazyload\" width=\"142\" height=\"190\" sizes=\"(max-width: 142px) 100vw, 142px\" data-src=\"https:\/\/biovegen.org\/wp-content\/uploads\/2020\/10\/Foto-David-768x1024.jpg\" data-srcset=\"https:\/\/biovegen.org\/wp-content\/uploads\/2020\/10\/Foto-David-768x1024.jpg 768w, https:\/\/biovegen.org\/wp-content\/uploads\/2020\/10\/Foto-David-rotated-600x800.jpg 600w, https:\/\/biovegen.org\/wp-content\/uploads\/2020\/10\/Foto-David-225x300.jpg 225w, https:\/\/biovegen.org\/wp-content\/uploads\/2020\/10\/Foto-David-rotated.jpg 960w\"><figcaption>David Alonso<\/figcaption><\/figure><\/div>\n\n\n\n<p>Graduate in CC Chemistry and Master MBA completed at the EADA Business School and University of Edinburgh. More than 15 years of experience in the pharmaceutical, food and retail sectors in production control, quality, environment and product safety.&nbsp;<\/p>\n\n\n\n<hr class=\"wp-block-separator\"\/>\n\n\n\n<p><strong>Sustainable tools to regenerate the health of agricultural soils. NATURBEC<\/strong>. Ramon Alcaraz.&nbsp;<em>Founder and CEO<\/em><\/p>\n\n\n\n<div id=\"block-bf1f51c3-4a95-4ca9-85eb-d01cb679f87e\" class=\"wp-block-image\"><figure class=\"aligncenter size-large is-resized\"><img loading=\"lazy\" decoding=\"async\" src=\"data:image\/gif;base64,R0lGODlhAQABAAAAACH5BAEKAAEALAAAAAABAAEAAAICTAEAOw==\" alt=\"\" class=\"wp-image-8490 lazyload\" width=\"142\" height=\"190\" data-src=\"https:\/\/biovegen.org\/wp-content\/uploads\/2020\/10\/foto-ramon-880x1024.jpg\"><figcaption>Ramon Alcaraz<\/figcaption><\/figure><\/div>\n\n\n\n<p>Graduated in business sciences from the University of Murcia, and with almost 10 years of experience in the biostimulants sector. In 2018, Naturbec began its journey, where we have developed an innovative catalog of solutions for the production of food in a completely natural way and without any type of waste. Focusing our efforts and resources on the issue of regenerating the health of agricultural soils.&nbsp;<\/p>\n\n\n\n<hr class=\"wp-block-separator\"\/>\n\n\n\n<p><strong>Obtaining proteins, lipids and amino acids from plant waste using insect biomass as bioconverters<\/strong>.&nbsp;<strong>BIOENT<\/strong>. Javier Mart\u00ednez.&nbsp;<em>Founder and CEO<\/em><\/p>\n\n\n\n<div id=\"block-bf1f51c3-4a95-4ca9-85eb-d01cb679f87e\" class=\"wp-block-image\"><figure class=\"aligncenter size-large is-resized\"><img loading=\"lazy\" decoding=\"async\" src=\"data:image\/gif;base64,R0lGODlhAQABAAAAACH5BAEKAAEALAAAAAABAAEAAAICTAEAOw==\" alt=\"\" class=\"wp-image-8362 lazyload\" width=\"142\" height=\"190\" data-src=\"https:\/\/biovegen.org\/wp-content\/uploads\/2020\/10\/Javier-Martinez-Martinez.jpg\"><figcaption>Javier Mart\u00ednez Mart\u00ednez<\/figcaption><\/figure><\/div>\n\n\n\n<p>Extensive experience in the business world and high capacity for negotiation, implementation, development and project management. Javier Mart\u00ednez also has extensive experience in training and team management. <\/p>\n\n\n\n<hr class=\"wp-block-separator\"\/>\n\n\n\n<p><strong>A history of threatened plants, as a source of bioactive compounds: <em>Artemisia granatensis Boiss<\/em>. ALEOVITRO<\/strong>. Eneko Ochoa.&nbsp;<em>Founder and CEO<\/em><\/p>\n\n\n\n<div id=\"block-bf1f51c3-4a95-4ca9-85eb-d01cb679f87e\" class=\"wp-block-image\"><figure class=\"aligncenter size-large is-resized\"><img loading=\"lazy\" decoding=\"async\" src=\"data:image\/gif;base64,R0lGODlhAQABAAAAACH5BAEKAAEALAAAAAABAAEAAAICTAEAOw==\" alt=\"\" class=\"wp-image-8530 lazyload\" width=\"142\" height=\"190\" sizes=\"(max-width: 142px) 100vw, 142px\" data-src=\"https:\/\/biovegen.org\/wp-content\/uploads\/2020\/10\/IMG_20201013_180642-768x1024.jpg\" data-srcset=\"https:\/\/biovegen.org\/wp-content\/uploads\/2020\/10\/IMG_20201013_180642-768x1024.jpg 768w, https:\/\/biovegen.org\/wp-content\/uploads\/2020\/10\/IMG_20201013_180642-scaled-600x800.jpg 600w, https:\/\/biovegen.org\/wp-content\/uploads\/2020\/10\/IMG_20201013_180642-225x300.jpg 225w, https:\/\/biovegen.org\/wp-content\/uploads\/2020\/10\/IMG_20201013_180642-1152x1536.jpg 1152w, https:\/\/biovegen.org\/wp-content\/uploads\/2020\/10\/IMG_20201013_180642-1536x2048.jpg 1536w, https:\/\/biovegen.org\/wp-content\/uploads\/2020\/10\/IMG_20201013_180642-scaled.jpg 1920w\"><figcaption>Eneko Ochoa<\/figcaption><\/figure><\/div>\n\n\n\n<p>Graduate in Biology, Botany from the University of Alcal\u00e1 and Higher Technician in Management and Organization of Agricultural Companies (EA ARKAUTE). I have more than 15 years of experience in technologically advanced plant cultivation (in vitro, micropropagation, temporary immersion systems, micrografting, etc.). Also in the cultivation of edible, mycorrhizal and yeast fungi. As well as, in the analysis of extracts, drugs and raw materials by liquid chromatography associated with mass spectrometry for the pharmaceutical, cosmetic and food industries. <\/p>\n\n\n\n<hr class=\"wp-block-separator\"\/>\n\n\n\n<p><strong>Green&amp;Great experience in the distribution of vegetable protein foods.<\/strong> <strong>GREEN AND GREAT<\/strong>. Gonzalo Mijangos.&nbsp;<em>Founder and CEO<\/em><\/p>\n\n\n\n<div id=\"block-bf1f51c3-4a95-4ca9-85eb-d01cb679f87e\" class=\"wp-block-image\"><figure class=\"aligncenter size-large is-resized\"><img loading=\"lazy\" decoding=\"async\" src=\"data:image\/gif;base64,R0lGODlhAQABAAAAACH5BAEKAAEALAAAAAABAAEAAAICTAEAOw==\" alt=\"\" class=\"wp-image-8452 lazyload\" width=\"142\" height=\"190\" data-src=\"https:\/\/biovegen.org\/wp-content\/uploads\/2020\/10\/aaaaaa.jpg\"><figcaption>Gonzalo Mijangos<\/figcaption><\/figure><\/div>\n\n\n\n<p id=\"block-7ff1d3fa-9eee-40e2-be50-732e66e4de99\">During 34 years of international activity, Gonzalo has visited more than 50 countries and lived in Colombia, South Africa and Australia. Always optimistic, he loves people and food. He has sold Spanish foods throughout Europe until he discovered the disruptive innovation of Plant Protein that was benefiting people, animals and the planet. \u201cIt prefers to seduce rather than prohibit, which is why it seeks to offer enjoyment with Foods that truly imitate and are an alternative to those of animal origin.\u201d<\/p>\n\n\n\n<hr class=\"wp-block-separator has-text-color has-background is-style-wide\" style=\"background-color:#5d8719;color:#5d8719\"\/>\n\n\n\n<p><strong>SCIENCE-BUSINESS PROJECTS<\/strong><\/p>\n\n\n\n<p><strong>MAPCROPS.&nbsp;<\/strong>Juliana Navarro.&nbsp;<em>Aragon Agri-Food Research and Technology Center (CITA)<\/em><\/p>\n\n\n\n<div id=\"block-bf1f51c3-4a95-4ca9-85eb-d01cb679f87e\" class=\"wp-block-image\"><figure class=\"aligncenter size-large is-resized\"><img loading=\"lazy\" decoding=\"async\" src=\"data:image\/gif;base64,R0lGODlhAQABAAAAACH5BAEKAAEALAAAAAABAAEAAAICTAEAOw==\" alt=\"\" class=\"wp-image-8493 lazyload\" width=\"142\" height=\"190\" data-src=\"https:\/\/biovegen.org\/wp-content\/uploads\/2020\/10\/IMG_20180531_140322-1.jpg\"><figcaption>Juliana Navarro<\/figcaption><\/figure><\/div>\n\n\n\n<p>Responsible for the &quot;Domestication of aromatic plants&quot; line at the Agri-Food Research and Technology Center of Arag\u00f3n (Spain), where he collaborates with numerous research groups, participating in national and international projects related to the cultivation of aromatic plants, biopesticides, and valorization. of natural products.<\/p>\n\n\n\n<hr class=\"wp-block-separator has-text-color has-background is-style-wide\" style=\"background-color:#5d8719;color:#5d8719\"\/>\n\n\n\n<p><strong>Colloquium and questions<\/strong><\/p>\n\n\n\n<p><strong>Conclusions and closing<\/strong><\/p>\n\n\n\n<div style=\"height:50px\" aria-hidden=\"true\" class=\"wp-block-spacer\"><\/div>\n\n\n\n<div class=\"wp-block-image\"><figure class=\"aligncenter size-large\"><img loading=\"lazy\" decoding=\"async\" width=\"1024\" height=\"768\" src=\"data:image\/gif;base64,R0lGODlhAQABAAAAACH5BAEKAAEALAAAAAABAAEAAAICTAEAOw==\" alt=\"\" class=\"wp-image-8243 lazyload\" sizes=\"(max-width: 1024px) 100vw, 1024px\" data-src=\"https:\/\/biovegen.org\/wp-content\/uploads\/2020\/09\/Sesion-II-1.jpg\" data-srcset=\"https:\/\/biovegen.org\/wp-content\/uploads\/2020\/09\/Sesion-II-1.jpg 1024w, https:\/\/biovegen.org\/wp-content\/uploads\/2020\/09\/Sesion-II-1-600x450.jpg 600w, https:\/\/biovegen.org\/wp-content\/uploads\/2020\/09\/Sesion-II-1-300x225.jpg 300w, https:\/\/biovegen.org\/wp-content\/uploads\/2020\/09\/Sesion-II-1-768x576.jpg 768w\"><\/figure><\/div>","protected":false},"excerpt":{"rendered":"<p>BIOTECH ATTRACTION \u2013 SESI\u00d3N II \u2013 Rese\u00f1as curriculares Bienvenida e introducci\u00f3n IFEMA. Ra\u00fal Calleja.&nbsp;Director FRUIT ATTRACTION Ra\u00fal Calleja es licenciado en direcci\u00f3n comercial y marketing y posee un Master en comunicaci\u00f3n y marketing. Adem\u00e1s, es especialista en coaching de equipos y en marketing ferial y de eventos. Tiene 16 a\u00f1os de experiencia en Ifema y [&hellip;]<\/p>\n","protected":false},"author":1,"featured_media":0,"parent":8119,"menu_order":2,"comment_status":"closed","ping_status":"closed","template":"","meta":{"_acf_changed":false,"inline_featured_image":false,"footnotes":""},"categories":[],"class_list":["post-8274","page","type-page","status-publish","hentry"],"acf":[],"_links":{"self":[{"href":"https:\/\/biovegen.org\/en\/wp-json\/wp\/v2\/pages\/8274","targetHints":{"allow":["GET"]}}],"collection":[{"href":"https:\/\/biovegen.org\/en\/wp-json\/wp\/v2\/pages"}],"about":[{"href":"https:\/\/biovegen.org\/en\/wp-json\/wp\/v2\/types\/page"}],"author":[{"embeddable":true,"href":"https:\/\/biovegen.org\/en\/wp-json\/wp\/v2\/users\/1"}],"replies":[{"embeddable":true,"href":"https:\/\/biovegen.org\/en\/wp-json\/wp\/v2\/comments?post=8274"}],"version-history":[{"count":0,"href":"https:\/\/biovegen.org\/en\/wp-json\/wp\/v2\/pages\/8274\/revisions"}],"up":[{"embeddable":true,"href":"https:\/\/biovegen.org\/en\/wp-json\/wp\/v2\/pages\/8119"}],"wp:attachment":[{"href":"https:\/\/biovegen.org\/en\/wp-json\/wp\/v2\/media?parent=8274"}],"wp:term":[{"taxonomy":"category","embeddable":true,"href":"https:\/\/biovegen.org\/en\/wp-json\/wp\/v2\/categories?post=8274"}],"curies":[{"name":"wp","href":"https:\/\/api.w.org\/{rel}","templated":true}]}}