{"id":7071,"date":"2020-07-16T10:32:16","date_gmt":"2020-07-16T10:32:16","guid":{"rendered":"https:\/\/biovegen.org\/?page_id=7071"},"modified":"2023-02-21T18:01:49","modified_gmt":"2023-02-21T18:01:49","slug":"encuesta-boletin-biovegen-propuestas-id","status":"publish","type":"page","link":"https:\/\/biovegen.org\/en\/actividades\/publicaciones\/boletin-biovegen-de-propuestas-id\/encuesta-boletin-biovegen-propuestas-id\/","title":{"rendered":"Quality survey \u00abBIOVEGEN Bulletin R&amp;D proposals\u00bb"},"content":{"rendered":"\n<div class=\"wp-block-columns is-layout-flex wp-container-core-columns-is-layout-9d6595d7 wp-block-columns-is-layout-flex\">\n<div class=\"wp-block-column is-layout-flow wp-block-column-is-layout-flow\" style=\"flex-basis:66.66%\">\n<p>Mediante esta encuesta se pretende mejorar el funcionamiento del <strong><a href=\"https:\/\/biovegen.org\/actividades\/publicaciones\/boletin-biovegen-de-propuestas-id\/\" target=\"_blank\" rel=\"noreferrer noopener\">Bolet\u00edn BIOVEGEN de Propuestas I+D<\/a><\/strong> recabando informaci\u00f3n sobre las ofertas y demandas tecnol\u00f3gicas movilizadas hasta la fecha.<\/p>\n<\/div>\n\n\n\n<div class=\"wp-block-column is-layout-flow wp-block-column-is-layout-flow\" style=\"flex-basis:33.33%\">\n<figure class=\"wp-block-image size-large is-resized\"><img decoding=\"async\" src=\"data:image\/gif;base64,R0lGODlhAQABAAAAACH5BAEKAAEALAAAAAABAAEAAAICTAEAOw==\" alt=\"\" class=\"wp-image-252 lazyload\" width=\"110\" height=\"155\" sizes=\"(max-width: 110px) 100vw, 110px\" data-src=\"https:\/\/biovegen.org\/wp-content\/uploads\/2020\/03\/Boletines-propuestas-ID.jpg\" data-srcset=\"https:\/\/biovegen.org\/wp-content\/uploads\/2020\/03\/Boletines-propuestas-ID.jpg 421w, https:\/\/biovegen.org\/wp-content\/uploads\/2020\/03\/Boletines-propuestas-ID-212x300.jpg 212w\"><\/figure>\n\n\n\n<p><\/p>\n<\/div>\n<\/div>\n\n\n\n<p><strong>Tus opiniones y sugerencias como usuario* <\/strong>nos ser\u00e1n de gran utilidad para comprobar y mejorar la efectividad de los Boletines BIOVEGEN de Propuestas I+D. \u00a0<\/p>\n\n\n\n<p><strong><span class=\"has-inline-color has-vivid-red-color\"><em><u>*NOTA:<\/u><\/em><\/span><\/strong><em><span class=\"has-inline-color has-vivid-red-color\"> la informaci\u00f3n recabada ser\u00e1 <strong>tratada de manera confidencial y agregada; <\/strong>en ning\u00fan caso se publicar\u00e1n resultados concretos asociados a usuarios.<\/span><\/em><\/p>\n\n\n\n<p class=\"has-text-align-center\"><strong>\u00a1Gracias de antemano por tu colaboraci\u00f3n!<\/strong><\/p>\n\n\n\n<p class=\"has-text-align-center\"><em><span class=\"has-inline-color has-vivid-red-color\">Tiempo estimado: 5 minutos<\/span><\/em><\/p>\n\n\n\n<hr class=\"wp-block-separator has-text-color has-vivid-green-cyan-color has-css-opacity has-vivid-green-cyan-background-color has-background\"\/>\n\n\n\n<div style=\"height:50px\" aria-hidden=\"true\" class=\"wp-block-spacer\"><\/div>\n\n\n\n<div class=\"wpforms-container wpforms-container-full\" id=\"wpforms-7066\"><form id=\"wpforms-form-7066\" class=\"wpforms-validate wpforms-form\" data-formid=\"7066\" method=\"post\" enctype=\"multipart\/form-data\" action=\"\/en\/wp-json\/wp\/v2\/pages\/7071\" data-token=\"e3b311f256c2912eb249dc1616ea569c\" data-token-time=\"1777464874\"><noscript class=\"wpforms-error-noscript\">Please enable JavaScript in your browser to complete this form.<\/noscript><div class=\"wpforms-field-container\"><div id=\"wpforms-7066-field_1-container\" class=\"wpforms-field wpforms-field-radio\" data-field-id=\"1\"><label class=\"wpforms-field-label\">\u00bfCu\u00e1l ha sido su participaci\u00f3n en el Bolet\u00edn BIOVEGEN de Propuestas de I+D? <span class=\"wpforms-required-label\">*<\/span><\/label><ul id=\"wpforms-7066-field_1\" class=\"wpforms-field-required\"><li class=\"choice-1 depth-1\"><input type=\"radio\" id=\"wpforms-7066-field_1_1\" name=\"wpforms[fields][1]\" value=\"Movilizando una Propuesta de I+D (Oferta y\/o Demanda Tecnol\u00f3gica)\" required ><label class=\"wpforms-field-label-inline\" for=\"wpforms-7066-field_1_1\">Movilizando una Propuesta de I+D (Oferta y\/o Demanda Tecnol\u00f3gica)<\/label><\/li><li class=\"choice-2 depth-1\"><input type=\"radio\" id=\"wpforms-7066-field_1_2\" name=\"wpforms[fields][1]\" value=\"Mostrando inter\u00e9s en una Propuesta de I+D movilizada por otra entidad\" required ><label class=\"wpforms-field-label-inline\" for=\"wpforms-7066-field_1_2\">Mostrando inter\u00e9s en una Propuesta de I+D movilizada por otra entidad<\/label><\/li><li class=\"choice-3 depth-1\"><input type=\"radio\" id=\"wpforms-7066-field_1_3\" name=\"wpforms[fields][1]\" value=\"Ambas\" required ><label class=\"wpforms-field-label-inline\" for=\"wpforms-7066-field_1_3\">Ambas<\/label><\/li><\/ul><\/div><div id=\"wpforms-7066-field_4-container\" class=\"wpforms-field wpforms-field-textarea\" data-field-id=\"4\"><label class=\"wpforms-field-label\" for=\"wpforms-7066-field_4\">\u00bfCu\u00e1les han sido los resultados? <span class=\"wpforms-required-label\">*<\/span><\/label><textarea id=\"wpforms-7066-field_4\" class=\"wpforms-field-medium wpforms-field-required\" name=\"wpforms[fields][4]\" required><\/textarea><div class=\"wpforms-field-description\">\u00bfCu\u00e1ntos contactos ha generado? \u00bfCon qu\u00e9 empresas\/grupos de investigaci\u00f3n?<\/div><\/div><div id=\"wpforms-7066-field_5-container\" class=\"wpforms-field wpforms-field-radio\" data-field-id=\"5\"><label class=\"wpforms-field-label\">\u00bfC\u00f3mo se han materializado esos resultados?  <span class=\"wpforms-required-label\">*<\/span><\/label><ul id=\"wpforms-7066-field_5\" class=\"wpforms-field-required\"><li class=\"choice-1 depth-1\"><input type=\"radio\" id=\"wpforms-7066-field_5_1\" name=\"wpforms[fields][5]\" value=\"Proyecto I+D\" required ><label class=\"wpforms-field-label-inline\" for=\"wpforms-7066-field_5_1\">Proyecto I+D<\/label><\/li><li class=\"choice-4 depth-1\"><input type=\"radio\" id=\"wpforms-7066-field_5_4\" name=\"wpforms[fields][5]\" value=\"Contrato de servicios\" required ><label class=\"wpforms-field-label-inline\" for=\"wpforms-7066-field_5_4\">Contrato de servicios<\/label><\/li><li class=\"choice-6 depth-1\"><input type=\"radio\" id=\"wpforms-7066-field_5_6\" name=\"wpforms[fields][5]\" value=\"Licencia de patente\" required ><label class=\"wpforms-field-label-inline\" for=\"wpforms-7066-field_5_6\">Licencia de patente<\/label><\/li><li class=\"choice-2 depth-1\"><input type=\"radio\" id=\"wpforms-7066-field_5_2\" name=\"wpforms[fields][5]\" value=\"Colaboraci\u00f3n informal (Asesoramiento puntual, etc.)\" required ><label class=\"wpforms-field-label-inline\" for=\"wpforms-7066-field_5_2\">Colaboraci\u00f3n informal (Asesoramiento puntual, etc.)<\/label><\/li><li class=\"choice-7 depth-1\"><input type=\"radio\" id=\"wpforms-7066-field_5_7\" name=\"wpforms[fields][5]\" value=\"Todav\u00eda no se han materializado\" required ><label class=\"wpforms-field-label-inline\" for=\"wpforms-7066-field_5_7\">Todav\u00eda no se han materializado<\/label><\/li><li class=\"choice-8 depth-1\"><input type=\"radio\" id=\"wpforms-7066-field_5_8\" name=\"wpforms[fields][5]\" value=\"Otros\" required ><label class=\"wpforms-field-label-inline\" for=\"wpforms-7066-field_5_8\">Otros<\/label><\/li><\/ul><\/div><div id=\"wpforms-7066-field_11-container\" class=\"wpforms-field wpforms-field-text\" data-field-id=\"11\"><label class=\"wpforms-field-label\" for=\"wpforms-7066-field_11\">\u00bfQu\u00e9 volumen financiero ha movilizado la propuesta?<\/label><input type=\"text\" id=\"wpforms-7066-field_11\" class=\"wpforms-field-medium\" name=\"wpforms[fields][11]\" ><div class=\"wpforms-field-description\">En caso de haber respondido afirmativamente a la pregunta anterior...<\/div><\/div><div id=\"wpforms-7066-field_6-container\" class=\"wpforms-field wpforms-field-textarea\" data-field-id=\"6\"><label class=\"wpforms-field-label\" for=\"wpforms-7066-field_6\">\u00bfQu\u00e9 informaci\u00f3n nos puede aportar acerca de esos resultados? <span class=\"wpforms-required-label\">*<\/span><\/label><textarea id=\"wpforms-7066-field_6\" class=\"wpforms-field-medium wpforms-field-required\" name=\"wpforms[fields][6]\" required><\/textarea><div class=\"wpforms-field-description\">\u00bfCon qu\u00e9 socios han contado el proyecto? \u00bfSe ha presentado a alguna convocatoria de proyectos? \u00bfHa sido financiado? \u00bfCon qu\u00e9 importe de subvenci\u00f3n y\/o cr\u00e9dito? \u00bfQu\u00e9 importe ha tenido el contrato\/royalty?<\/div><\/div><div id=\"wpforms-7066-field_12-container\" class=\"wpforms-field wpforms-field-radio wpforms-list-3-columns\" data-field-id=\"12\"><label class=\"wpforms-field-label\">\u00bfLe ha resultado \u00fatil el Bolet\u00edn BIOVEGEN de Propuestas de I+D? <span class=\"wpforms-required-label\">*<\/span><\/label><ul id=\"wpforms-7066-field_12\" class=\"wpforms-field-required\"><li class=\"choice-1 depth-1\"><input type=\"radio\" id=\"wpforms-7066-field_12_1\" name=\"wpforms[fields][12]\" value=\"Nada \u00fatil\" required ><label class=\"wpforms-field-label-inline\" for=\"wpforms-7066-field_12_1\">Nada \u00fatil<\/label><\/li><li class=\"choice-2 depth-1\"><input type=\"radio\" id=\"wpforms-7066-field_12_2\" name=\"wpforms[fields][12]\" value=\"Medianamente \u00fatil\" required ><label class=\"wpforms-field-label-inline\" for=\"wpforms-7066-field_12_2\">Medianamente \u00fatil<\/label><\/li><li class=\"choice-3 depth-1\"><input type=\"radio\" id=\"wpforms-7066-field_12_3\" name=\"wpforms[fields][12]\" value=\"Muy \u00fatil\" required ><label class=\"wpforms-field-label-inline\" for=\"wpforms-7066-field_12_3\">Muy \u00fatil<\/label><\/li><\/ul><\/div><div id=\"wpforms-7066-field_13-container\" class=\"wpforms-field wpforms-field-textarea\" data-field-id=\"13\"><label class=\"wpforms-field-label\" for=\"wpforms-7066-field_13\">Sugerencias de mejora <span class=\"wpforms-required-label\">*<\/span><\/label><textarea id=\"wpforms-7066-field_13\" class=\"wpforms-field-medium wpforms-field-required\" name=\"wpforms[fields][13]\" required><\/textarea><div class=\"wpforms-field-description\">Ay\u00fadenos a mejorar el funcionamiento del Bolet\u00edn BIOVEGEN de Propuestas I+D<\/div><\/div><div id=\"wpforms-7066-field_14-container\" class=\"wpforms-field wpforms-field-name\" data-field-id=\"14\"><label class=\"wpforms-field-label\">Nombre <span class=\"wpforms-required-label\">*<\/span><\/label><div class=\"wpforms-field-row wpforms-field-medium\"><div class=\"wpforms-field-row-block wpforms-first wpforms-one-half\"><input type=\"text\" id=\"wpforms-7066-field_14\" class=\"wpforms-field-name-first wpforms-field-required\" name=\"wpforms[fields][14][first]\" required><label for=\"wpforms-7066-field_14\" class=\"wpforms-field-sublabel after\">First<\/label><\/div><div class=\"wpforms-field-row-block wpforms-one-half\"><input type=\"text\" id=\"wpforms-7066-field_14-last\" class=\"wpforms-field-name-last wpforms-field-required\" name=\"wpforms[fields][14][last]\" required><label for=\"wpforms-7066-field_14-last\" class=\"wpforms-field-sublabel after\">Last<\/label><\/div><\/div><\/div><div id=\"wpforms-7066-field_15-container\" class=\"wpforms-field wpforms-field-text\" data-field-id=\"15\"><label class=\"wpforms-field-label\" for=\"wpforms-7066-field_15\">Entidad <span class=\"wpforms-required-label\">*<\/span><\/label><input type=\"text\" id=\"wpforms-7066-field_15\" class=\"wpforms-field-medium wpforms-field-required\" name=\"wpforms[fields][15]\" required><\/div><div id=\"wpforms-7066-field_18-container\" class=\"wpforms-field wpforms-field-text\" data-field-id=\"18\"><label class=\"wpforms-field-label\" for=\"wpforms-7066-field_18\">Cargo <span class=\"wpforms-required-label\">*<\/span><\/label><input type=\"text\" id=\"wpforms-7066-field_18\" class=\"wpforms-field-medium wpforms-field-required\" name=\"wpforms[fields][18]\" required><\/div><div id=\"wpforms-7066-field_16-container\" class=\"wpforms-field wpforms-field-email\" data-field-id=\"16\"><label class=\"wpforms-field-label\" for=\"wpforms-7066-field_16\">Correo electr\u00f3nico <span class=\"wpforms-required-label\">*<\/span><\/label><input type=\"email\" id=\"wpforms-7066-field_16\" class=\"wpforms-field-medium wpforms-field-required\" name=\"wpforms[fields][16]\" spellcheck=\"false\" required><\/div><div id=\"wpforms-7066-field_17-container\" class=\"wpforms-field wpforms-field-number\" data-field-id=\"17\"><label class=\"wpforms-field-label\" for=\"wpforms-7066-field_17\">Tel\u00e9fono <span class=\"wpforms-required-label\">*<\/span><\/label><input type=\"number\" id=\"wpforms-7066-field_17\" class=\"wpforms-field-medium wpforms-field-required\" name=\"wpforms[fields][17]\" step=\"any\" required><\/div><div id=\"wpforms-7066-field_19-container\" class=\"wpforms-field wpforms-field-text\" data-field-id=\"19\"><label class=\"wpforms-field-label\" for=\"wpforms-7066-field_19\">Localizaci\u00f3n <span class=\"wpforms-required-label\">*<\/span><\/label><input type=\"text\" id=\"wpforms-7066-field_19\" class=\"wpforms-field-medium wpforms-field-required\" name=\"wpforms[fields][19]\" required><\/div><\/div><!-- .wpforms-field-container --><div class=\"wpforms-field wpforms-field-hp\"><label for=\"wpforms-7066-field-hp\" class=\"wpforms-field-label\">Website<\/label><input type=\"text\" name=\"wpforms[hp]\" id=\"wpforms-7066-field-hp\" class=\"wpforms-field-medium\"><\/div><div class=\"wpforms-recaptcha-container wpforms-is-recaptcha wpforms-is-recaptcha-type-v2\" ><div class=\"g-recaptcha\" data-sitekey=\"6Lcgy_MUAAAAAI0u7ZkW1RApV6nOxonEv6CdnJKG\"><\/div><input type=\"text\" name=\"g-recaptcha-hidden\" class=\"wpforms-recaptcha-hidden\" style=\"position:absolute!important;clip:rect(0,0,0,0)!important;height:1px!important;width:1px!important;border:0!important;overflow:hidden!important;padding:0!important;margin:0!important;\" data-rule-recaptcha=\"1\"><\/div><div class=\"wpforms-submit-container\" ><input type=\"hidden\" name=\"wpforms[id]\" value=\"7066\"><input type=\"hidden\" name=\"page_title\" value=\"\"><input type=\"hidden\" name=\"page_url\" value=\"https:\/\/biovegen.org\/en\/wp-json\/wp\/v2\/pages\/7071\"><input type=\"hidden\" name=\"url_referer\" value=\"\"><button type=\"submit\" name=\"wpforms[submit]\" id=\"wpforms-submit-7066\" class=\"wpforms-submit\" data-alt-text=\"Enviando...\" data-submit-text=\"Enviar\" aria-live=\"assertive\" value=\"wpforms-submit\">Enviar<\/button><\/div><\/form><\/div>  <!-- .wpforms-container -->\n","protected":false},"excerpt":{"rendered":"<p>Mediante esta encuesta se pretende mejorar el funcionamiento del Bolet\u00edn BIOVEGEN de Propuestas I+D recabando informaci\u00f3n sobre las ofertas y demandas tecnol\u00f3gicas movilizadas hasta la fecha. Tus opiniones y sugerencias como usuario* nos ser\u00e1n de gran utilidad para comprobar y mejorar la efectividad de los Boletines BIOVEGEN de Propuestas I+D. \u00a0 *NOTA: la informaci\u00f3n recabada [&hellip;]<\/p>\n","protected":false},"author":1,"featured_media":0,"parent":204,"menu_order":3,"comment_status":"closed","ping_status":"closed","template":"","meta":{"_acf_changed":false,"inline_featured_image":false,"footnotes":""},"categories":[],"class_list":["post-7071","page","type-page","status-publish","hentry"],"acf":[],"_links":{"self":[{"href":"https:\/\/biovegen.org\/en\/wp-json\/wp\/v2\/pages\/7071","targetHints":{"allow":["GET"]}}],"collection":[{"href":"https:\/\/biovegen.org\/en\/wp-json\/wp\/v2\/pages"}],"about":[{"href":"https:\/\/biovegen.org\/en\/wp-json\/wp\/v2\/types\/page"}],"author":[{"embeddable":true,"href":"https:\/\/biovegen.org\/en\/wp-json\/wp\/v2\/users\/1"}],"replies":[{"embeddable":true,"href":"https:\/\/biovegen.org\/en\/wp-json\/wp\/v2\/comments?post=7071"}],"version-history":[{"count":0,"href":"https:\/\/biovegen.org\/en\/wp-json\/wp\/v2\/pages\/7071\/revisions"}],"up":[{"embeddable":true,"href":"https:\/\/biovegen.org\/en\/wp-json\/wp\/v2\/pages\/204"}],"wp:attachment":[{"href":"https:\/\/biovegen.org\/en\/wp-json\/wp\/v2\/media?parent=7071"}],"wp:term":[{"taxonomy":"category","embeddable":true,"href":"https:\/\/biovegen.org\/en\/wp-json\/wp\/v2\/categories?post=7071"}],"curies":[{"name":"wp","href":"https:\/\/api.w.org\/{rel}","templated":true}]}}