{"id":6757,"date":"2020-06-18T16:37:22","date_gmt":"2020-06-18T16:37:22","guid":{"rendered":"https:\/\/biovegen.org\/?page_id=6757"},"modified":"2025-09-24T13:10:25","modified_gmt":"2025-09-24T11:10:25","slug":"servicios","status":"publish","type":"page","link":"https:\/\/biovegen.org\/en\/biovegen\/servicios\/","title":{"rendered":"Services"},"content":{"rendered":"<h2 class=\"wp-block-heading\"><strong>Services for BIOVEGEN partners<\/strong><\/h2>\n\n\n<div class=\"wp-block-image\">\n<figure class=\"aligncenter size-large is-resized\"><img fetchpriority=\"high\" decoding=\"async\" width=\"1024\" height=\"576\" src=\"data:image\/gif;base64,R0lGODlhAQABAAAAACH5BAEKAAEALAAAAAABAAEAAAICTAEAOw==\" alt=\"\" class=\"wp-image-21162 lazyload\" style=\"aspect-ratio:1.7985611510791366;width:529px;height:auto\" sizes=\"(max-width: 1024px) 100vw, 1024px\" data-src=\"https:\/\/biovegen.org\/wp-content\/uploads\/2024\/08\/Portafolio-1-1024x576.png\" data-srcset=\"https:\/\/biovegen.org\/wp-content\/uploads\/2024\/08\/Portafolio-1-1024x576.png 1024w, https:\/\/biovegen.org\/wp-content\/uploads\/2024\/08\/Portafolio-1-300x169.png 300w, https:\/\/biovegen.org\/wp-content\/uploads\/2024\/08\/Portafolio-1-768x432.png 768w, https:\/\/biovegen.org\/wp-content\/uploads\/2024\/08\/Portafolio-1-1536x864.png 1536w, https:\/\/biovegen.org\/wp-content\/uploads\/2024\/08\/Portafolio-1-18x10.png 18w, https:\/\/biovegen.org\/wp-content\/uploads\/2024\/08\/Portafolio-1-600x338.png 600w, https:\/\/biovegen.org\/wp-content\/uploads\/2024\/08\/Portafolio-1.png 1920w\"><\/figure>\n<\/div>\n\n\n<div style=\"height:50px\" aria-hidden=\"true\" class=\"wp-block-spacer\"><\/div>\n\n\n\n<div class=\"wp-block-file aligncenter\"><a href=\"https:\/\/biovegen.org\/wp-content\/uploads\/2025\/09\/Portafolio-de-servicios-BIOVEGEN.pdf\" class=\"wp-block-file__button wp-element-button\" download>Download BIOVEGEN services portfolio<\/a><\/div>\n\n\n\n<div style=\"height:50px\" aria-hidden=\"true\" class=\"wp-block-spacer\"><\/div>\n\n\n<p id=\"table-servicios\">Membership in BIOVEGEN as a partner <strong><em>(MEMBER)<\/em><\/strong> and therefore, to the INVEGEN Association, it allows access to more personalized services than those offered by BIOVEGEN to the sector as a Technological Platform. <strong><em>(BASIC)<\/em><\/strong>:<\/p>\n\n\n<div style=\"height:25px\" aria-hidden=\"true\" class=\"wp-block-spacer\"><\/div>\n\n\n\n<figure class=\"wp-block-table table table-servicios\"><table><thead><tr><th>BIOVEGEN SERVICES<\/th><th class=\"has-text-align-center\" data-align=\"center\">BASIC<\/th><th class=\"has-text-align-center\" data-align=\"center\">MEMBER<\/th><th class=\"has-text-align-center\" data-align=\"center\">PREMIUM<\/th><\/tr><\/thead><tbody><tr><td><a href=\"#informacion\">Information on events of interest to the sector<\/a><\/td><td class=\"has-text-align-center\" data-align=\"center\"><img decoding=\"async\" src=\"data:image\/gif;base64,R0lGODlhAQABAAAAACH5BAEKAAEALAAAAAABAAEAAAICTAEAOw==\" alt=\"S\u00ed\" style=\"width: 40px;\" class=\"lazyload\" data-src=\"https:\/\/biovegen.org\/wp-content\/uploads\/2020\/06\/check-solid.png\"><\/td><td class=\"has-text-align-center\" data-align=\"center\"><img decoding=\"async\" src=\"data:image\/gif;base64,R0lGODlhAQABAAAAACH5BAEKAAEALAAAAAABAAEAAAICTAEAOw==\" alt=\"S\u00ed\" style=\"width: 40px;\" class=\"lazyload\" data-src=\"https:\/\/biovegen.org\/wp-content\/uploads\/2020\/06\/check-solid.png\"><\/td><td class=\"has-text-align-center\" data-align=\"center\"><img decoding=\"async\" src=\"data:image\/gif;base64,R0lGODlhAQABAAAAACH5BAEKAAEALAAAAAABAAEAAAICTAEAOw==\" alt=\"S\u00ed\" style=\"width: 40px;\" class=\"lazyload\" data-src=\"https:\/\/biovegen.org\/wp-content\/uploads\/2020\/06\/check-solid.png\"><\/td><\/tr><tr><td><a href=\"#acceso\">Access to BIOVEGEN Bulletins of R&amp;D Proposals and Employment Supply and Demand<\/a><\/td><td class=\"has-text-align-center\" data-align=\"center\"><img decoding=\"async\" src=\"data:image\/gif;base64,R0lGODlhAQABAAAAACH5BAEKAAEALAAAAAABAAEAAAICTAEAOw==\" alt=\"S\u00ed\" style=\"width: 40px;\" class=\"lazyload\" data-src=\"https:\/\/biovegen.org\/wp-content\/uploads\/2020\/06\/check-solid.png\"><\/td><td class=\"has-text-align-center\" data-align=\"center\"><img decoding=\"async\" src=\"data:image\/gif;base64,R0lGODlhAQABAAAAACH5BAEKAAEALAAAAAABAAEAAAICTAEAOw==\" alt=\"S\u00ed\" style=\"width: 40px;\" class=\"lazyload\" data-src=\"https:\/\/biovegen.org\/wp-content\/uploads\/2020\/06\/check-solid.png\"><\/td><td class=\"has-text-align-center\" data-align=\"center\"><img decoding=\"async\" src=\"data:image\/gif;base64,R0lGODlhAQABAAAAACH5BAEKAAEALAAAAAABAAEAAAICTAEAOw==\" alt=\"S\u00ed\" style=\"width: 40px;\" class=\"lazyload\" data-src=\"https:\/\/biovegen.org\/wp-content\/uploads\/2020\/06\/check-solid.png\"><\/td><\/tr><tr><td><a href=\"#proyectoss\">R&amp;D projects<\/a><\/td><td class=\"has-text-align-center\" data-align=\"center\"><img decoding=\"async\" src=\"data:image\/gif;base64,R0lGODlhAQABAAAAACH5BAEKAAEALAAAAAABAAEAAAICTAEAOw==\" alt=\"No\" style=\"width: 30px;\" class=\"lazyload\" data-src=\"https:\/\/biovegen.org\/wp-content\/uploads\/2020\/06\/times-solid.png\"><\/td><td class=\"has-text-align-center\" data-align=\"center\"><img decoding=\"async\" src=\"data:image\/gif;base64,R0lGODlhAQABAAAAACH5BAEKAAEALAAAAAABAAEAAAICTAEAOw==\" alt=\"S\u00ed\" style=\"width: 40px;\" class=\"lazyload\" data-src=\"https:\/\/biovegen.org\/wp-content\/uploads\/2020\/06\/check-solid.png\"><\/td><td class=\"has-text-align-center\" data-align=\"center\"><img decoding=\"async\" src=\"data:image\/gif;base64,R0lGODlhAQABAAAAACH5BAEKAAEALAAAAAABAAEAAAICTAEAOw==\" alt=\"S\u00ed\" style=\"width: 40px;\" class=\"lazyload\" data-src=\"https:\/\/biovegen.org\/wp-content\/uploads\/2020\/06\/check-solid.png\"><\/td><\/tr><tr><td><a href=\"#agenda\">Strategic Innovation Agenda<\/a><\/td><td class=\"has-text-align-center\" data-align=\"center\"><img decoding=\"async\" src=\"data:image\/gif;base64,R0lGODlhAQABAAAAACH5BAEKAAEALAAAAAABAAEAAAICTAEAOw==\" alt=\"No\" style=\"width: 30px;\" class=\"lazyload\" data-src=\"https:\/\/biovegen.org\/wp-content\/uploads\/2020\/06\/times-solid.png\"><\/td><td class=\"has-text-align-center\" data-align=\"center\"><img decoding=\"async\" src=\"data:image\/gif;base64,R0lGODlhAQABAAAAACH5BAEKAAEALAAAAAABAAEAAAICTAEAOw==\" alt=\"S\u00ed\" style=\"width: 40px;\" class=\"lazyload\" data-src=\"https:\/\/biovegen.org\/wp-content\/uploads\/2020\/06\/check-solid.png\"><\/td><td class=\"has-text-align-center\" data-align=\"center\"><img decoding=\"async\" src=\"data:image\/gif;base64,R0lGODlhAQABAAAAACH5BAEKAAEALAAAAAABAAEAAAICTAEAOw==\" alt=\"S\u00ed\" style=\"width: 40px;\" class=\"lazyload\" data-src=\"https:\/\/biovegen.org\/wp-content\/uploads\/2020\/06\/check-solid.png\"><\/td><\/tr><tr><td><a href=\"#ventajas\">Events (advantages in participation and attendance)<\/a><\/td><td class=\"has-text-align-center\" data-align=\"center\"><img decoding=\"async\" src=\"data:image\/gif;base64,R0lGODlhAQABAAAAACH5BAEKAAEALAAAAAABAAEAAAICTAEAOw==\" alt=\"No\" style=\"width: 30px;\" class=\"lazyload\" data-src=\"https:\/\/biovegen.org\/wp-content\/uploads\/2020\/06\/times-solid.png\"><\/td><td class=\"has-text-align-center\" data-align=\"center\"><img decoding=\"async\" src=\"data:image\/gif;base64,R0lGODlhAQABAAAAACH5BAEKAAEALAAAAAABAAEAAAICTAEAOw==\" alt=\"S\u00ed\" style=\"width: 40px;\" class=\"lazyload\" data-src=\"https:\/\/biovegen.org\/wp-content\/uploads\/2020\/06\/check-solid.png\"><\/td><td class=\"has-text-align-center\" data-align=\"center\"><img decoding=\"async\" src=\"data:image\/gif;base64,R0lGODlhAQABAAAAACH5BAEKAAEALAAAAAABAAEAAAICTAEAOw==\" alt=\"S\u00ed\" style=\"width: 40px;\" class=\"lazyload\" data-src=\"https:\/\/biovegen.org\/wp-content\/uploads\/2020\/06\/check-solid.png\"><\/td><\/tr><tr><td><a href=\"#publicaciones\">Publications and Reports<\/a><\/td><td class=\"has-text-align-center\" data-align=\"center\"><img decoding=\"async\" src=\"data:image\/gif;base64,R0lGODlhAQABAAAAACH5BAEKAAEALAAAAAABAAEAAAICTAEAOw==\" alt=\"No\" style=\"width: 30px;\" class=\"lazyload\" data-src=\"https:\/\/biovegen.org\/wp-content\/uploads\/2020\/06\/times-solid.png\"><\/td><td class=\"has-text-align-center\" data-align=\"center\"><img decoding=\"async\" src=\"data:image\/gif;base64,R0lGODlhAQABAAAAACH5BAEKAAEALAAAAAABAAEAAAICTAEAOw==\" alt=\"S\u00ed\" style=\"width: 40px;\" class=\"lazyload\" data-src=\"https:\/\/biovegen.org\/wp-content\/uploads\/2020\/06\/check-solid.png\"><\/td><td class=\"has-text-align-center\" data-align=\"center\"><img decoding=\"async\" src=\"data:image\/gif;base64,R0lGODlhAQABAAAAACH5BAEKAAEALAAAAAABAAEAAAICTAEAOw==\" alt=\"S\u00ed\" style=\"width: 40px;\" class=\"lazyload\" data-src=\"https:\/\/biovegen.org\/wp-content\/uploads\/2020\/06\/check-solid.png\"><\/td><\/tr><tr><td><a href=\"#colaboraciones\">Collaborations (access to the BIOVEGEN network)<\/a><\/td><td class=\"has-text-align-center\" data-align=\"center\"><img decoding=\"async\" src=\"data:image\/gif;base64,R0lGODlhAQABAAAAACH5BAEKAAEALAAAAAABAAEAAAICTAEAOw==\" alt=\"No\" style=\"width: 30px;\" class=\"lazyload\" data-src=\"https:\/\/biovegen.org\/wp-content\/uploads\/2020\/06\/times-solid.png\"><\/td><td class=\"has-text-align-center\" data-align=\"center\"><img decoding=\"async\" src=\"data:image\/gif;base64,R0lGODlhAQABAAAAACH5BAEKAAEALAAAAAABAAEAAAICTAEAOw==\" alt=\"S\u00ed\" style=\"width: 40px;\" class=\"lazyload\" data-src=\"https:\/\/biovegen.org\/wp-content\/uploads\/2020\/06\/check-solid.png\"><\/td><td class=\"has-text-align-center\" data-align=\"center\"><img decoding=\"async\" src=\"data:image\/gif;base64,R0lGODlhAQABAAAAACH5BAEKAAEALAAAAAABAAEAAAICTAEAOw==\" alt=\"S\u00ed\" style=\"width: 40px;\" class=\"lazyload\" data-src=\"https:\/\/biovegen.org\/wp-content\/uploads\/2020\/06\/check-solid.png\"><\/td><\/tr><tr><td><a href=\"#servicios\">Complementary services<\/a><\/td><td class=\"has-text-align-center\" data-align=\"center\"><img decoding=\"async\" src=\"data:image\/gif;base64,R0lGODlhAQABAAAAACH5BAEKAAEALAAAAAABAAEAAAICTAEAOw==\" alt=\"No\" style=\"width: 30px;\" class=\"lazyload\" data-src=\"https:\/\/biovegen.org\/wp-content\/uploads\/2020\/06\/times-solid.png\"><\/td><td class=\"has-text-align-center\" data-align=\"center\"><img decoding=\"async\" src=\"data:image\/gif;base64,R0lGODlhAQABAAAAACH5BAEKAAEALAAAAAABAAEAAAICTAEAOw==\" alt=\"No\" style=\"width: 30px;\" class=\"lazyload\" data-src=\"https:\/\/biovegen.org\/wp-content\/uploads\/2020\/06\/times-solid.png\"><\/td><td class=\"has-text-align-center\" data-align=\"center\"><img decoding=\"async\" src=\"data:image\/gif;base64,R0lGODlhAQABAAAAACH5BAEKAAEALAAAAAABAAEAAAICTAEAOw==\" alt=\"S\u00ed\" style=\"width: 40px;\" class=\"lazyload\" data-src=\"https:\/\/biovegen.org\/wp-content\/uploads\/2020\/06\/check-solid.png\"><\/td><\/tr><tr><td><\/td><td class=\"has-text-align-center\" data-align=\"center\"><strong>Free<\/strong><\/td><td class=\"has-text-align-center\" data-align=\"center\"><strong>\u20ac1,200\/year<\/strong><\/td><td class=\"has-text-align-center\" data-align=\"center\"><strong>Case by case<\/strong><\/td><\/tr><\/tbody><\/table><figcaption class=\"wp-element-caption\"><br><\/figcaption><\/figure>\n\n\n\n<p class=\"has-text-align-center cta has-very-light-gray-background-color has-background\"><br>If you are interested in these services<br><br><a aria-label=\"undefined (opens in a new tab)\" href=\"\/contacto\/\" target=\"_blank\" rel=\"noreferrer noopener\"><span class=\"has-inline-color has-white-color\">Contact us<\/span><\/a><br><\/p>\n\n\n\n<div style=\"height:25px\" aria-hidden=\"true\" class=\"wp-block-spacer\"><\/div>\n\n\n\n<h2 class=\"wp-block-heading\" id=\"informacion\"><a href=\"https:\/\/biovegen.org\/eventos\/\" target=\"_blank\" aria-label=\"undefined (opens in a new tab)\" rel=\"noreferrer noopener\">Information on events of interest to the sector<\/a><\/h2>\n\n\n\n<div style=\"height:25px\" aria-hidden=\"true\" class=\"wp-block-spacer\"><\/div>\n\n\n\n<h2 class=\"wp-block-heading\" id=\"acceso\">Access to BIOVEGEN Bulletins of R&amp;D Proposals and Employment Supply and Demand<\/h2>\n\n\n\n<ul class=\"wp-block-list\">\n<li><a href=\"https:\/\/biovegen.org\/actividades\/publicaciones\/boletin-biovegen-de-propuestas-id\/\" target=\"_blank\" aria-label=\"undefined (opens in a new tab)\" rel=\"noreferrer noopener\">BIOVEGEN Bulletin of R&amp;D Proposals<\/a><\/li>\n\n\n\n<li><a href=\"https:\/\/biovegen.org\/actividades\/publicaciones\/boletin-biovegen-de-oferta-y-demanda-de-empleo\/\" target=\"_blank\" aria-label=\"undefined (opens in a new tab)\" rel=\"noreferrer noopener\">BIOVEGEN Employment Supply and Demand Bulletin<\/a><\/li>\n<\/ul>\n\n\n\n<div style=\"height:25px\" aria-hidden=\"true\" class=\"wp-block-spacer\"><\/div>\n\n\n\n<h2 class=\"wp-block-heading\" id=\"proyectoss\">R&amp;D projects<span class=\"volver\"><\/span><\/h2>\n\n\n\n<ul class=\"wp-block-list\">\n<li>Development of R&amp;D&amp;i projects<\/li>\n\n\n\n<li>Search of suppliers<\/li>\n\n\n\n<li>Partner search<\/li>\n\n\n\n<li>Search for public and private financing<\/li>\n\n\n\n<li>Support in administrative management<\/li>\n\n\n\n<li>Support in registration of plant varieties-patents<\/li>\n\n\n\n<li>Contact with financing entities<\/li>\n\n\n\n<li>Partner\/subcontractor for project dissemination and coordination activities<\/li>\n\n\n\n<li>Etc.<\/li>\n<\/ul>\n\n\n\n<div style=\"height:20px\" aria-hidden=\"true\" class=\"wp-block-spacer\"><\/div>\n\n\n\n<h2 class=\"wp-block-heading\" id=\"agenda\">Strategic Innovation Agenda<\/h2>\n\n\n\n<ul class=\"wp-block-list\">\n<li>Participation in the preparation of inputs for program design (National R&amp;D Plan, CDTI Missions, Spanish Bioeconomy Strategy, Circular economy, European programs...)<\/li>\n\n\n\n<li>Inclusion\/transmission of <em>topics<\/em> in work programs<\/li>\n\n\n\n<li>Participation in governing bodies (Assembly, Executive Commission, advisory committees...)<\/li>\n\n\n\n<li>Participation in surveys\/transmission of opinion on topics of interest (microorganism regulation, Nagoya Protocol, Novel <em>Genomic<\/em> <em>Techniques<\/em>\u2026)<\/li>\n\n\n\n<li>Position papers<\/li>\n\n\n\n<li><em><strong><a href=\"https:\/\/biovegen.org\/actividades\/agenda-estrategica-de-innovacion\/aportaciones-biovegen\/\" target=\"_blank\" aria-label=\"undefined (opens in a new tab)\" rel=\"noreferrer noopener\">(See examples)<\/a><\/strong><\/em><\/li>\n<\/ul>\n\n\n\n<div style=\"height:25px\" aria-hidden=\"true\" class=\"wp-block-spacer\"><\/div>\n\n\n\n<h2 class=\"wp-block-heading\" id=\"ventajas\">Events (advantages in participation and attendance)<\/h2>\n\n\n\n<ul class=\"wp-block-list\">\n<li>Possibility of participation as a speaker in events organized by BIOVEGEN and\/or its collaborators <em><strong><a href=\"https:\/\/biovegen.org\/actualidad\/celebrada-con-exito-la-jornada-ibmcp-empresas-tecnologia-al-servicio-de-la-agricultura\/\" target=\"_blank\" aria-label=\"undefined (opens in a new tab)\" rel=\"noreferrer noopener\">(See an example)<\/a><\/strong><\/em><\/li>\n\n\n\n<li>Free\/discounts on the registration fee for events organized by BIOVEGEN and\/or its collaborators <em><strong><a href=\"https:\/\/biovegen.org\/actividades\/eventos\/conferencias-internacionales\/\" target=\"_blank\" aria-label=\"undefined (opens in a new tab)\" rel=\"noreferrer noopener\">(see examples)<\/a><\/strong><\/em><\/li>\n<\/ul>\n\n\n\n<div style=\"height:25px\" aria-hidden=\"true\" class=\"wp-block-spacer\"><\/div>\n\n\n\n<h2 class=\"wp-block-heading\" id=\"publicaciones\">Publications and Reports<\/h2>\n\n\n\n<ul class=\"wp-block-list\">\n<li><a href=\"https:\/\/biovegen.org\/actividades\/publicaciones\/boletin-de-noticias-biovegen\/\" target=\"_blank\" aria-label=\"undefined (opens in a new tab)\" rel=\"noreferrer noopener\">BIOVEGEN weekly news bulletin<\/a><\/li>\n\n\n\n<li><a href=\"https:\/\/biovegen.org\/actividades\/publicaciones\/informes-biovegen\/\" target=\"_blank\" aria-label=\"undefined (opens in a new tab)\" rel=\"noreferrer noopener\">BIOVEGEN Reports (PRIMA, HORIZON 2020, COLLABORATION CHALLENGES, Operational Groups...)<\/a><\/li>\n<\/ul>\n\n\n\n<div style=\"height:25px\" aria-hidden=\"true\" class=\"wp-block-spacer\"><\/div>\n\n\n\n<h2 class=\"wp-block-heading\" id=\"colaboraciones\">Collaborations (access to the BIOVEGEN network)<\/h2>\n\n\n\n<ul class=\"wp-block-list\">\n<li>Access to BIOVEGEN&#039;s contact and networking network (Administration, public and private entities, international platforms...)<\/li>\n\n\n\n<li><a href=\"https:\/\/biovegen.org\/actividades\/colaboraciones\/grupos-de-trabajo\/\" target=\"_blank\" aria-label=\"undefined (opens in a new tab)\" rel=\"noreferrer noopener\">Participation in Working Groups\/advisory committees<\/a><\/li>\n\n\n\n<li>Discounts on activities carried out by BIOVEGEN and\/or its collaborators:\n<ul class=\"wp-block-list\">\n<li><a href=\"https:\/\/biovegen.org\/actividades\/colaboraciones\/biovegen-consultoria\/\" target=\"_blank\" aria-label=\"undefined (opens in a new tab)\" rel=\"noreferrer noopener\">Agreements with consultancies specialized in R&amp;D<\/a><\/li>\n\n\n\n<li><a href=\"https:\/\/biovegen.org\/actividades\/colaboraciones\/biovegen-kaudal-mecenazgo-tecnologico\/\" target=\"_blank\" aria-label=\"undefined (opens in a new tab)\" rel=\"noreferrer noopener\">Agreements with investment funds, technological patronage and other tax opportunities<\/a><\/li>\n\n\n\n<li><a href=\"https:\/\/biovegen.org\/actividades\/colaboraciones\/proyeccion-internacional\/\" target=\"_blank\" aria-label=\"undefined (opens in a new tab)\" rel=\"noreferrer noopener\">Agreements with internationalization entities and business opportunities in other countries (such as the US)<\/a><\/li>\n<\/ul>\n<\/li>\n<\/ul>\n\n\n\n<div style=\"height:25px\" aria-hidden=\"true\" class=\"wp-block-spacer\"><\/div>\n\n\n\n<h2 class=\"wp-block-heading\" id=\"servicios\">Complementary services<\/h2>\n\n\n\n<ul class=\"wp-block-list\">\n<li>On-demand services\n<ul class=\"wp-block-list\">\n<li>Preparation of project proposals<\/li>\n\n\n\n<li>Custom reports<\/li>\n\n\n\n<li>Market studies<\/li>\n\n\n\n<li>Etc.<\/li>\n<\/ul>\n<\/li>\n<\/ul>\n\n\n\n<p><\/p>","protected":false},"excerpt":{"rendered":"<p>Servicios para los socios de BIOVEGEN La pertenencia a BIOVEGEN con car\u00e1cter de socio (MEMBER) y por ende, a la Asociaci\u00f3n INVEGEN, permite acceder a unos servicios m\u00e1s personalizados que los que ofrece BIOVEGEN al sector como Plataforma Tecnol\u00f3gica (BASIC): SERVICIOS BIOVEGEN BASIC MEMBER PREMIUM Informaci\u00f3n sobre eventos de inter\u00e9s para el sector Acceso a [&hellip;]<\/p>\n","protected":false},"author":1,"featured_media":0,"parent":18,"menu_order":3,"comment_status":"closed","ping_status":"closed","template":"","meta":{"_acf_changed":false,"inline_featured_image":false,"footnotes":""},"categories":[],"class_list":["post-6757","page","type-page","status-publish","hentry"],"acf":[],"_links":{"self":[{"href":"https:\/\/biovegen.org\/en\/wp-json\/wp\/v2\/pages\/6757","targetHints":{"allow":["GET"]}}],"collection":[{"href":"https:\/\/biovegen.org\/en\/wp-json\/wp\/v2\/pages"}],"about":[{"href":"https:\/\/biovegen.org\/en\/wp-json\/wp\/v2\/types\/page"}],"author":[{"embeddable":true,"href":"https:\/\/biovegen.org\/en\/wp-json\/wp\/v2\/users\/1"}],"replies":[{"embeddable":true,"href":"https:\/\/biovegen.org\/en\/wp-json\/wp\/v2\/comments?post=6757"}],"version-history":[{"count":0,"href":"https:\/\/biovegen.org\/en\/wp-json\/wp\/v2\/pages\/6757\/revisions"}],"up":[{"embeddable":true,"href":"https:\/\/biovegen.org\/en\/wp-json\/wp\/v2\/pages\/18"}],"wp:attachment":[{"href":"https:\/\/biovegen.org\/en\/wp-json\/wp\/v2\/media?parent=6757"}],"wp:term":[{"taxonomy":"category","embeddable":true,"href":"https:\/\/biovegen.org\/en\/wp-json\/wp\/v2\/categories?post=6757"}],"curies":[{"name":"wp","href":"https:\/\/api.w.org\/{rel}","templated":true}]}}