{"id":521,"date":"2020-03-31T12:07:29","date_gmt":"2020-03-31T12:07:29","guid":{"rendered":"https:\/\/biovegen.org\/?page_id=521"},"modified":"2021-10-25T14:47:42","modified_gmt":"2021-10-25T14:47:42","slug":"gocitrus","status":"publish","type":"page","link":"https:\/\/biovegen.org\/en\/actividades\/grupos-operativos-biovegen\/gocitrus\/","title":{"rendered":"GO CITRUS"},"content":{"rendered":"<div class=\"wp-block-image\"><figure class=\"aligncenter size-large is-resized\"><img fetchpriority=\"high\" decoding=\"async\" src=\"data:image\/gif;base64,R0lGODlhAQABAAAAACH5BAEKAAEALAAAAAABAAEAAAICTAEAOw==\" alt=\"\" class=\"wp-image-3061 lazyload\" width=\"541\" height=\"154\" sizes=\"(max-width: 541px) 100vw, 541px\" data-src=\"https:\/\/biovegen.org\/wp-content\/uploads\/2020\/05\/Logo_GOCITRUS-1.jpg\" data-srcset=\"https:\/\/biovegen.org\/wp-content\/uploads\/2020\/05\/Logo_GOCITRUS-1.jpg 867w, https:\/\/biovegen.org\/wp-content\/uploads\/2020\/05\/Logo_GOCITRUS-1-600x172.jpg 600w, https:\/\/biovegen.org\/wp-content\/uploads\/2020\/05\/Logo_GOCITRUS-1-300x86.jpg 300w, https:\/\/biovegen.org\/wp-content\/uploads\/2020\/05\/Logo_GOCITRUS-1-768x220.jpg 768w\"><\/figure><\/div>\n\n\n\n<figure class=\"wp-block-image size-large\"><img decoding=\"async\" width=\"1024\" height=\"475\" src=\"data:image\/gif;base64,R0lGODlhAQABAAAAACH5BAEKAAEALAAAAAABAAEAAAICTAEAOw==\" alt=\"\" class=\"wp-image-11800 lazyload\" sizes=\"(max-width: 1024px) 100vw, 1024px\" data-src=\"https:\/\/biovegen.org\/wp-content\/uploads\/2021\/10\/Cartel-logos-financiacion-GOCITRUS-1024x475.jpg\" data-srcset=\"https:\/\/biovegen.org\/wp-content\/uploads\/2021\/10\/Cartel-logos-financiacion-GOCITRUS-1024x475.jpg 1024w, https:\/\/biovegen.org\/wp-content\/uploads\/2021\/10\/Cartel-logos-financiacion-GOCITRUS-600x278.jpg 600w, https:\/\/biovegen.org\/wp-content\/uploads\/2021\/10\/Cartel-logos-financiacion-GOCITRUS-300x139.jpg 300w, https:\/\/biovegen.org\/wp-content\/uploads\/2021\/10\/Cartel-logos-financiacion-GOCITRUS-768x356.jpg 768w, https:\/\/biovegen.org\/wp-content\/uploads\/2021\/10\/Cartel-logos-financiacion-GOCITRUS.jpg 1505w\"><\/figure>\n\n\n\n<div style=\"height:25px\" aria-hidden=\"true\" class=\"wp-block-spacer\"><\/div>\n\n\n\n<h2 class=\"wp-block-heading\"><strong><span class=\"has-inline-color has-very-dark-gray-color\">What is an Operational Group?<\/span><\/strong><\/h2>\n\n\n\n<p>An Operational Group (OG) is a group of actors with different profiles, such as farmers, researchers, universities, etc. to be able to jointly address a specific problem or opportunity from a multi-sector approach.<\/p>\n\n\n\n<div style=\"height:25px\" aria-hidden=\"true\" class=\"wp-block-spacer\"><\/div>\n\n\n\n<h2 class=\"wp-block-heading\"><strong><span class=\"has-inline-color has-very-dark-gray-color\">GOCITRUS Operational Group<\/span><\/strong><\/h2>\n\n\n\n<p>The identification of citrus fruits is the main basis of varietal management and planning, and constitutes a pressing problem in the citrus industry. The GOCITRUS Operational Group promotes the creation of a varietal authentication unit and the development of a decision support tool for appropriate varietal choice.<\/p>\n\n\n\n<div style=\"height:25px\" aria-hidden=\"true\" class=\"wp-block-spacer\"><\/div>\n\n\n\n<h2 class=\"wp-block-heading\"><strong><span class=\"has-inline-color has-very-dark-gray-color\">Aim<\/span><\/strong><\/h2>\n\n\n\n<p>The generation of molecular markers that help in the identification and adequate choice of citrus varieties as the main basis of varietal management and planning and in this way avoid the current problem of the industry. On the other hand, the creation of an App to help decision-making for the producing sector in varietal selection, considering its particular cultivation characteristics and providing objective and adequate information.<\/p>\n\n\n\n<div style=\"height:25px\" aria-hidden=\"true\" class=\"wp-block-spacer\"><\/div>\n\n\n\n<h2 class=\"wp-block-heading\"><strong><span class=\"has-inline-color has-very-dark-gray-color\">Components<\/span><\/strong><\/h2>\n\n\n\n<p>The GOCITRUS Operational Group is composed of&nbsp;<strong>8 entities<\/strong>&nbsp;who participate in different categories to achieve the development of the project:<\/p>\n\n\n\n<figure class=\"wp-block-image size-large\"><img decoding=\"async\" width=\"647\" height=\"298\" src=\"data:image\/gif;base64,R0lGODlhAQABAAAAACH5BAEKAAEALAAAAAABAAEAAAICTAEAOw==\" alt=\"\" class=\"wp-image-3056 lazyload\" sizes=\"(max-width: 647px) 100vw, 647px\" data-src=\"https:\/\/biovegen.org\/wp-content\/uploads\/2020\/05\/Logos-GOCITRUS.jpg\" data-srcset=\"https:\/\/biovegen.org\/wp-content\/uploads\/2020\/05\/Logos-GOCITRUS.jpg 647w, https:\/\/biovegen.org\/wp-content\/uploads\/2020\/05\/Logos-GOCITRUS-600x276.jpg 600w, https:\/\/biovegen.org\/wp-content\/uploads\/2020\/05\/Logos-GOCITRUS-300x138.jpg 300w\"><\/figure>\n\n\n\n<div class=\"wp-block-columns is-layout-flex wp-container-core-columns-is-layout-9d6595d7 wp-block-columns-is-layout-flex\">\n<div class=\"wp-block-column is-layout-flow wp-block-column-is-layout-flow\">\n<p><strong><span style=\"color:#5d8719\" class=\"has-inline-color\">Applicants:<\/span><\/strong><\/p>\n\n\n\n<ul class=\"wp-block-list\"><li><strong>Representative:<\/strong>&nbsp;<a rel=\"noreferrer noopener\" href=\"https:\/\/anecoop.com\/\" target=\"_blank\">ANECOOP<\/a><\/li><li><a rel=\"noreferrer noopener\" href=\"http:\/\/www.fundacioncajamarvalencia.es\/es\/comun\/\" target=\"_blank\">CAJAMAR FOUNDATION VALENCIAN COMMUNITY<\/a><\/li><li>GCM CITRUS<\/li><li><a rel=\"noreferrer noopener\" href=\"https:\/\/asociex.com\/iccsa\/\" target=\"_blank\">CASTELL\u00d3N CITRUS RESEARCH<\/a><\/li><li><a rel=\"noreferrer noopener\" href=\"http:\/\/www.eurosemillas.com\/es\/\" target=\"_blank\">EUROSEEDS<\/a><\/li><li><a rel=\"noreferrer noopener\" href=\"http:\/\/www.genesisinnovationgroup.es\/\" target=\"_blank\">GENESIS GROUP INNOVATION<\/a><\/li><\/ul>\n<\/div>\n\n\n\n<div class=\"wp-block-column is-layout-flow wp-block-column-is-layout-flow\">\n<p><strong><span style=\"color:#5d8719\" class=\"has-inline-color\">Collaborators:<\/span><\/strong><\/p>\n\n\n\n<ul class=\"wp-block-list\"><li><a rel=\"noreferrer noopener\" href=\"http:\/\/www.ivia.gva.es\/es\" target=\"_blank\">(IVIA)<\/a><\/li><li><a rel=\"noreferrer noopener\" href=\"https:\/\/biovegen.org\/es\/\" target=\"_blank\">BIOVEGEN<\/a><\/li><\/ul>\n<\/div>\n<\/div>\n\n\n\n<h2 class=\"wp-block-heading\"><strong><span class=\"has-inline-color has-very-dark-gray-color\">Scope of action<\/span><\/strong><\/h2>\n\n\n\n<p>The GOCITRUS Operational Group has a presence, through its components, in&nbsp;<strong>6 Spanish provinces<\/strong>.<\/p>\n\n\n\n<div class=\"wp-block-image\"><figure class=\"aligncenter size-large is-resized\"><img loading=\"lazy\" decoding=\"async\" src=\"data:image\/gif;base64,R0lGODlhAQABAAAAACH5BAEKAAEALAAAAAABAAEAAAICTAEAOw==\" alt=\"\" class=\"wp-image-3057 lazyload\" width=\"514\" height=\"360\" sizes=\"(max-width: 514px) 100vw, 514px\" data-src=\"https:\/\/biovegen.org\/wp-content\/uploads\/2020\/05\/Mapa-GOCITRUS-1024x717.gif\" data-srcset=\"https:\/\/biovegen.org\/wp-content\/uploads\/2020\/05\/Mapa-GOCITRUS-1024x717.gif 1024w, https:\/\/biovegen.org\/wp-content\/uploads\/2020\/05\/Mapa-GOCITRUS-600x420.gif 600w, https:\/\/biovegen.org\/wp-content\/uploads\/2020\/05\/Mapa-GOCITRUS-300x210.gif 300w, https:\/\/biovegen.org\/wp-content\/uploads\/2020\/05\/Mapa-GOCITRUS-768x538.gif 768w\"><\/figure><\/div>\n\n\n\n<div style=\"height:25px\" aria-hidden=\"true\" class=\"wp-block-spacer\"><\/div>\n\n\n\n<h2 class=\"wp-block-heading\"><strong><span class=\"has-inline-color has-very-dark-gray-color\">Informative material<\/span><\/strong><\/h2>\n\n\n\n<div class=\"wp-block-columns is-layout-flex wp-container-core-columns-is-layout-9d6595d7 wp-block-columns-is-layout-flex\">\n<div class=\"wp-block-column is-layout-flow wp-block-column-is-layout-flow\">\n<figure class=\"wp-block-image size-large\"><img loading=\"lazy\" decoding=\"async\" width=\"365\" height=\"263\" src=\"data:image\/gif;base64,R0lGODlhAQABAAAAACH5BAEKAAEALAAAAAABAAEAAAICTAEAOw==\" alt=\"\" class=\"wp-image-3083 lazyload\" sizes=\"(max-width: 365px) 100vw, 365px\" data-src=\"https:\/\/biovegen.org\/wp-content\/uploads\/2020\/05\/Cartel-GOCITRUS-I.jpg\" data-srcset=\"https:\/\/biovegen.org\/wp-content\/uploads\/2020\/05\/Cartel-GOCITRUS-I.jpg 365w, https:\/\/biovegen.org\/wp-content\/uploads\/2020\/05\/Cartel-GOCITRUS-I-300x216.jpg 300w\"><figcaption><strong>GOCITRUS Poster (Phase I)<\/strong><\/figcaption><\/figure>\n<\/div>\n\n\n\n<div class=\"wp-block-column is-layout-flow wp-block-column-is-layout-flow\">\n<figure class=\"wp-block-image size-large\"><img loading=\"lazy\" decoding=\"async\" width=\"365\" height=\"263\" src=\"data:image\/gif;base64,R0lGODlhAQABAAAAACH5BAEKAAEALAAAAAABAAEAAAICTAEAOw==\" alt=\"\" class=\"wp-image-3076 lazyload\" sizes=\"(max-width: 365px) 100vw, 365px\" data-src=\"https:\/\/biovegen.org\/wp-content\/uploads\/2020\/05\/Cartel-GOCITRUS-II.jpg\" data-srcset=\"https:\/\/biovegen.org\/wp-content\/uploads\/2020\/05\/Cartel-GOCITRUS-II.jpg 365w, https:\/\/biovegen.org\/wp-content\/uploads\/2020\/05\/Cartel-GOCITRUS-II-300x216.jpg 300w\"><figcaption><strong>GOCITRUS Poster (Phase II)<\/strong><\/figcaption><\/figure>\n<\/div>\n<\/div>\n\n\n\n<div class=\"wp-block-image\"><figure class=\"aligncenter size-large\"><a href=\"https:\/\/biovegen.org\/wp-content\/uploads\/2020\/11\/GOCITRUS.-Folleto-divulgativo-1.pdf\" target=\"_blank\" rel=\"noopener noreferrer\"><img loading=\"lazy\" decoding=\"async\" width=\"253\" height=\"253\" src=\"data:image\/gif;base64,R0lGODlhAQABAAAAACH5BAEKAAEALAAAAAABAAEAAAICTAEAOw==\" alt=\"\" class=\"wp-image-6999 lazyload\" sizes=\"(max-width: 253px) 100vw, 253px\" data-src=\"https:\/\/biovegen.org\/wp-content\/uploads\/2020\/07\/Folleto-GOCITRUS-2.jpg\" data-srcset=\"https:\/\/biovegen.org\/wp-content\/uploads\/2020\/07\/Folleto-GOCITRUS-2.jpg 253w, https:\/\/biovegen.org\/wp-content\/uploads\/2020\/07\/Folleto-GOCITRUS-2-100x100.jpg 100w, https:\/\/biovegen.org\/wp-content\/uploads\/2020\/07\/Folleto-GOCITRUS-2-150x150.jpg 150w\"><\/a><figcaption><strong><a href=\"https:\/\/biovegen.org\/wp-content\/uploads\/2020\/11\/GOCITRUS.-Folleto-divulgativo-1.pdf\" target=\"_blank\" rel=\"noreferrer noopener\">Informative brochure<\/a><\/strong><\/figcaption><\/figure><\/div>\n\n\n\n<h2 class=\"wp-block-heading\"><span class=\"has-inline-color has-very-dark-gray-color\"><strong>News and publications<\/strong><\/span><\/h2>\n\n\n\n<p><\/p>","protected":false},"excerpt":{"rendered":"<p>\u00bfQu\u00e9 es un Grupo Operativo? Un Grupo Operativo (GO) es una agrupaci\u00f3n de actores de distintos perfiles, tales como agricultores, investigadores, universidades, etc. para poder abordar de forma conjunta un problema concreto o una oportunidad desde un enfoque multisectorial. Grupo Operativo GOCITRUS La identificaci\u00f3n de c\u00edtricos es la base principal de la gesti\u00f3n y planificaci\u00f3n [&hellip;]<\/p>\n","protected":false},"author":1,"featured_media":0,"parent":2924,"menu_order":1,"comment_status":"closed","ping_status":"closed","template":"","meta":{"_acf_changed":false,"inline_featured_image":false,"footnotes":""},"categories":[38],"class_list":["post-521","page","type-page","status-publish","hentry","category-gocitrus"],"acf":[],"_links":{"self":[{"href":"https:\/\/biovegen.org\/en\/wp-json\/wp\/v2\/pages\/521","targetHints":{"allow":["GET"]}}],"collection":[{"href":"https:\/\/biovegen.org\/en\/wp-json\/wp\/v2\/pages"}],"about":[{"href":"https:\/\/biovegen.org\/en\/wp-json\/wp\/v2\/types\/page"}],"author":[{"embeddable":true,"href":"https:\/\/biovegen.org\/en\/wp-json\/wp\/v2\/users\/1"}],"replies":[{"embeddable":true,"href":"https:\/\/biovegen.org\/en\/wp-json\/wp\/v2\/comments?post=521"}],"version-history":[{"count":0,"href":"https:\/\/biovegen.org\/en\/wp-json\/wp\/v2\/pages\/521\/revisions"}],"up":[{"embeddable":true,"href":"https:\/\/biovegen.org\/en\/wp-json\/wp\/v2\/pages\/2924"}],"wp:attachment":[{"href":"https:\/\/biovegen.org\/en\/wp-json\/wp\/v2\/media?parent=521"}],"wp:term":[{"taxonomy":"category","embeddable":true,"href":"https:\/\/biovegen.org\/en\/wp-json\/wp\/v2\/categories?post=521"}],"curies":[{"name":"wp","href":"https:\/\/api.w.org\/{rel}","templated":true}]}}