{"id":481,"date":"2020-03-31T09:23:57","date_gmt":"2020-03-31T09:23:57","guid":{"rendered":"https:\/\/biovegen.org\/?page_id=481"},"modified":"2021-08-25T15:27:36","modified_gmt":"2021-08-25T15:27:36","slug":"proyectos-dinamizados","status":"publish","type":"page","link":"https:\/\/biovegen.org\/en\/actividades\/proyectos-idi\/proyectos-dinamizados\/","title":{"rendered":"Dynamized projects"},"content":{"rendered":"<p>Since its creation, BIOVEGEN has worked as a communication channel between the different public and private agents in the agri-food sector, promoting public-private collaboration, identifying emerging technologies and detecting new demands in the business field. <\/p>\n\n\n\n<p>BIOVEGEN develops collaborations and R&amp;D projects, and identifies the technological challenges of the sector to develop projects that address these technologies. It acts as an interface between the scientific, business and Administration communities.<\/p>\n\n\n\n<p>In this context, BIOVEGEN has mobilized more than 400 R&amp;D proposals through the <a rel=\"noreferrer noopener\" href=\"https:\/\/.biovegen.org\/actividades\/publicaciones\/boletin-biovegen-de-propuestas-id\/\" target=\"_blank\"><strong>BIOVEGEN Bulletin of R&amp;D Proposals<\/strong><\/a>, generating numerous contacts between the public and private sectors for the generation of R&amp;D&amp;I projects.<\/p>\n\n\n\n<p>In addition to these R&amp;D proposals, BIOVEGEN manages other project proposals that, due to their nature and confidentiality, are mobilized in a targeted and personalized manner. <\/p>","protected":false},"excerpt":{"rendered":"<p>Desde su creaci\u00f3n, BIOVEGEN ha trabajado como canal de comunicaci\u00f3n entre los distintos agentes p\u00fablicos y privados del sector agroalimentario, fomentando la colaboraci\u00f3n p\u00fablico-privada, identificando tecnolog\u00edas emergentes y detectando nuevas demandas en el \u00e1mbito empresarial. BIOVEGEN desarrolla colaboraciones y proyectos de I+D, e identifica los retos tecnol\u00f3gicos del sector para desarrollar proyectos que aborden dichas [&hellip;]<\/p>\n","protected":false},"author":1,"featured_media":0,"parent":349,"menu_order":1,"comment_status":"closed","ping_status":"closed","template":"","meta":{"_acf_changed":false,"inline_featured_image":false,"footnotes":""},"categories":[],"class_list":["post-481","page","type-page","status-publish","hentry"],"acf":[],"_links":{"self":[{"href":"https:\/\/biovegen.org\/en\/wp-json\/wp\/v2\/pages\/481","targetHints":{"allow":["GET"]}}],"collection":[{"href":"https:\/\/biovegen.org\/en\/wp-json\/wp\/v2\/pages"}],"about":[{"href":"https:\/\/biovegen.org\/en\/wp-json\/wp\/v2\/types\/page"}],"author":[{"embeddable":true,"href":"https:\/\/biovegen.org\/en\/wp-json\/wp\/v2\/users\/1"}],"replies":[{"embeddable":true,"href":"https:\/\/biovegen.org\/en\/wp-json\/wp\/v2\/comments?post=481"}],"version-history":[{"count":0,"href":"https:\/\/biovegen.org\/en\/wp-json\/wp\/v2\/pages\/481\/revisions"}],"up":[{"embeddable":true,"href":"https:\/\/biovegen.org\/en\/wp-json\/wp\/v2\/pages\/349"}],"wp:attachment":[{"href":"https:\/\/biovegen.org\/en\/wp-json\/wp\/v2\/media?parent=481"}],"wp:term":[{"taxonomy":"category","embeddable":true,"href":"https:\/\/biovegen.org\/en\/wp-json\/wp\/v2\/categories?post=481"}],"curies":[{"name":"wp","href":"https:\/\/api.w.org\/{rel}","templated":true}]}}