{"id":477,"date":"2020-03-31T09:23:17","date_gmt":"2020-03-31T09:23:17","guid":{"rendered":"https:\/\/biovegen.org\/?page_id=477"},"modified":"2021-09-15T12:19:53","modified_gmt":"2021-09-15T12:19:53","slug":"smart-agrifood-summit","status":"publish","type":"page","link":"https:\/\/biovegen.org\/en\/actividades\/eventos\/smart-agrifood-summit\/","title":{"rendered":"Smart Agrifood Summit"},"content":{"rendered":"<div class=\"wp-block-image\"><figure class=\"aligncenter size-full\"><img fetchpriority=\"high\" decoding=\"async\" width=\"677\" height=\"400\" src=\"data:image\/gif;base64,R0lGODlhAQABAAAAACH5BAEKAAEALAAAAAABAAEAAAICTAEAOw==\" alt=\"\" class=\"wp-image-11339 lazyload\" sizes=\"(max-width: 677px) 100vw, 677px\" data-src=\"https:\/\/biovegen.org\/wp-content\/uploads\/2021\/09\/232323.jpg\" data-srcset=\"https:\/\/biovegen.org\/wp-content\/uploads\/2021\/09\/232323.jpg 677w, https:\/\/biovegen.org\/wp-content\/uploads\/2021\/09\/232323-600x355.jpg 600w, https:\/\/biovegen.org\/wp-content\/uploads\/2021\/09\/232323-300x177.jpg 300w\"><\/figure><\/div>\n\n\n\n<p>SMART AGRIFOOD SUMMIT is an event aimed at the industry of creating innovation ecosystems in the European agri-food sector. Its objectives include:<br><\/p>\n\n\n\n<ul class=\"wp-block-list\"><li>Create a meeting point between innovative ideas and access to funds.<\/li><li>Learn about the latest technologies in the agri-food value chain presented by fast-growing startups in the new digital economy.<\/li><li>Promote cooperation between institutions in R&amp;D projects.<\/li><li>Act as a meeting point for the best European initiatives in the agro-technological field.<\/li><li>Serve as an industry reference and facilitate communication between professionals in the sector.<\/li><li>Promote innovative entrepreneurship in the agri-food industry by providing development and growth opportunities to EBTs, startups and spin-offs.<\/li><\/ul>\n\n\n\n<blockquote class=\"wp-block-quote is-layout-flow wp-block-quote-is-layout-flow\"><p><strong>BIOVEGEN is part of the Startup Europe Smart Agrifood Summit Advisory Committee, an advisory body made up of more than 50 national and international entities, providing its vision and experience of the agri-food sector.<\/strong><\/p><\/blockquote>\n\n\n\n<div style=\"height:25px\" aria-hidden=\"true\" class=\"wp-block-spacer\"><\/div>\n\n\n\n<div class=\"wp-block-image\"><figure class=\"aligncenter size-large\"><img decoding=\"async\" width=\"630\" height=\"300\" src=\"data:image\/gif;base64,R0lGODlhAQABAAAAACH5BAEKAAEALAAAAAABAAEAAAICTAEAOw==\" alt=\"\" class=\"wp-image-2623 lazyload\" sizes=\"(max-width: 630px) 100vw, 630px\" data-src=\"https:\/\/biovegen.org\/wp-content\/uploads\/2020\/04\/SAS01.jpg\" data-srcset=\"https:\/\/biovegen.org\/wp-content\/uploads\/2020\/04\/SAS01.jpg 630w, https:\/\/biovegen.org\/wp-content\/uploads\/2020\/04\/SAS01-600x286.jpg 600w, https:\/\/biovegen.org\/wp-content\/uploads\/2020\/04\/SAS01-300x143.jpg 300w\"><\/figure><\/div>\n\n\n\n<div style=\"height:25px\" aria-hidden=\"true\" class=\"wp-block-spacer\"><\/div>\n\n\n\n<div class=\"wp-block-buttons is-layout-flex wp-block-buttons-is-layout-flex\">\n<div class=\"wp-block-button\"><a class=\"wp-block-button__link\" href=\"mailto:gruizgauna@invegen.org\" target=\"_blank\" rel=\"noreferrer noopener\">If you are interested in participating or would like more information, please contact <strong>BIOVEGEN<\/strong><\/a><\/div>\n<\/div>\n\n\n\n<div style=\"height:50px\" aria-hidden=\"true\" class=\"wp-block-spacer\"><\/div>\n\n\n\n<figure class=\"wp-block-image size-large\"><img decoding=\"async\" width=\"1024\" height=\"683\" src=\"data:image\/gif;base64,R0lGODlhAQABAAAAACH5BAEKAAEALAAAAAABAAEAAAICTAEAOw==\" alt=\"\" class=\"wp-image-2622 lazyload\" sizes=\"(max-width: 1024px) 100vw, 1024px\" data-src=\"https:\/\/biovegen.org\/wp-content\/uploads\/2020\/04\/SAS2018-1024x683.jpg\" data-srcset=\"https:\/\/biovegen.org\/wp-content\/uploads\/2020\/04\/SAS2018-1024x683.jpg 1024w, https:\/\/biovegen.org\/wp-content\/uploads\/2020\/04\/SAS2018-600x400.jpg 600w, https:\/\/biovegen.org\/wp-content\/uploads\/2020\/04\/SAS2018-300x200.jpg 300w, https:\/\/biovegen.org\/wp-content\/uploads\/2020\/04\/SAS2018-768x512.jpg 768w, https:\/\/biovegen.org\/wp-content\/uploads\/2020\/04\/SAS2018.jpg 1152w\"><\/figure>\n\n\n\n<div style=\"height:25px\" aria-hidden=\"true\" class=\"wp-block-spacer\"><\/div>\n\n\n\n<h2 class=\"wp-block-heading\"><strong>Celebrated editions<\/strong><\/h2>","protected":false},"excerpt":{"rendered":"<p>SMART AGRIFOOD SUMMIT es un evento dirigido a la industria de creaci\u00f3n de ecosistemas de innovaci\u00f3n en el sector agroalimentario europeo. Los objetivos del mismo incluyen: Crear un punto de encuentro entre ideas innovadoras y acceso a fondos. Conocer las \u00faltimas tecnolog\u00edas en la cadena de valor agroalimentaria presentadas por startups de r\u00e1pido crecimiento en [&hellip;]<\/p>\n","protected":false},"author":1,"featured_media":0,"parent":418,"menu_order":9,"comment_status":"closed","ping_status":"closed","template":"","meta":{"_acf_changed":false,"inline_featured_image":false,"footnotes":""},"categories":[36],"class_list":["post-477","page","type-page","status-publish","hentry","category-smart-agrifood-summit"],"acf":[],"_links":{"self":[{"href":"https:\/\/biovegen.org\/en\/wp-json\/wp\/v2\/pages\/477","targetHints":{"allow":["GET"]}}],"collection":[{"href":"https:\/\/biovegen.org\/en\/wp-json\/wp\/v2\/pages"}],"about":[{"href":"https:\/\/biovegen.org\/en\/wp-json\/wp\/v2\/types\/page"}],"author":[{"embeddable":true,"href":"https:\/\/biovegen.org\/en\/wp-json\/wp\/v2\/users\/1"}],"replies":[{"embeddable":true,"href":"https:\/\/biovegen.org\/en\/wp-json\/wp\/v2\/comments?post=477"}],"version-history":[{"count":0,"href":"https:\/\/biovegen.org\/en\/wp-json\/wp\/v2\/pages\/477\/revisions"}],"up":[{"embeddable":true,"href":"https:\/\/biovegen.org\/en\/wp-json\/wp\/v2\/pages\/418"}],"wp:attachment":[{"href":"https:\/\/biovegen.org\/en\/wp-json\/wp\/v2\/media?parent=477"}],"wp:term":[{"taxonomy":"category","embeddable":true,"href":"https:\/\/biovegen.org\/en\/wp-json\/wp\/v2\/categories?post=477"}],"curies":[{"name":"wp","href":"https:\/\/api.w.org\/{rel}","templated":true}]}}