{"id":475,"date":"2020-03-31T09:23:03","date_gmt":"2020-03-31T09:23:03","guid":{"rendered":"https:\/\/biovegen.org\/?page_id=475"},"modified":"2023-01-18T09:27:15","modified_gmt":"2023-01-18T09:27:15","slug":"foro-transfiere","status":"publish","type":"page","link":"https:\/\/biovegen.org\/en\/actividades\/eventos\/foro-transfiere\/","title":{"rendered":"Transfer Forum"},"content":{"rendered":"<div class=\"wp-block-image\">\n<figure class=\"aligncenter size-large is-resized\"><img fetchpriority=\"high\" decoding=\"async\" src=\"data:image\/gif;base64,R0lGODlhAQABAAAAACH5BAEKAAEALAAAAAABAAEAAAICTAEAOw==\" alt=\"\" class=\"wp-image-15771 lazyload\" width=\"593\" height=\"105\" data-src=\"https:\/\/biovegen.org\/wp-content\/uploads\/2023\/01\/transfiere-2023-1024x184.jpg\"><\/figure>\n<\/div>\n\n\n<p>TRANSFIERE is a great professional and multi-sector forum of Spanish Innovation, in which participants can:<\/p>\n\n\n\n<ul class=\"wp-block-list\"><li>Transfer&nbsp;<strong>scientific knowledge&nbsp;<\/strong>and<strong>&nbsp;technological research lines<\/strong>.<\/li><li>Establish contacts&nbsp;<strong>b2b<\/strong>.<\/li><li>Make known your&nbsp;<strong>innovative products and services<\/strong>.<\/li><li>Know the technological needs of the&nbsp;<strong>public administration<\/strong>.<\/li><\/ul>\n\n\n\n<p>A unique space in Spain to promote&nbsp;<strong>technology transfer<\/strong>&nbsp;and the&nbsp;<strong>business cooperation<\/strong>. Being a&nbsp;<strong>business opportunity<\/strong>&nbsp;to find potential technological partners in the field&nbsp;<strong>scientist<\/strong>&nbsp;and&nbsp;<strong>business<\/strong>. Sectors represented: agriculture, food, energy, environment, industry, aeronautics, health, ICT...<\/p>\n\n\n\n<blockquote class=\"wp-block-quote is-layout-flow wp-block-quote-is-layout-flow\"><p><strong>BIOVEGEN participates in this forum as part of the Organizing Committee, contributing its vision and experience of the agricultural sector and R&amp;D&amp;i in applied plant biology.&nbsp;<\/strong><\/p><\/blockquote>\n\n\n\n<div style=\"height:25px\" aria-hidden=\"true\" class=\"wp-block-spacer\"><\/div>\n\n\n<div class=\"wp-block-image\">\n<figure class=\"aligncenter size-large\"><img decoding=\"async\" width=\"1024\" height=\"217\" src=\"data:image\/gif;base64,R0lGODlhAQABAAAAACH5BAEKAAEALAAAAAABAAEAAAICTAEAOw==\" alt=\"\" class=\"wp-image-2599 lazyload\" sizes=\"(max-width: 1024px) 100vw, 1024px\" data-src=\"https:\/\/biovegen.org\/wp-content\/uploads\/2020\/04\/TRANSFIEREBIOVEGEN-1024x217.jpg\" data-srcset=\"https:\/\/biovegen.org\/wp-content\/uploads\/2020\/04\/TRANSFIEREBIOVEGEN-1024x217.jpg 1024w, https:\/\/biovegen.org\/wp-content\/uploads\/2020\/04\/TRANSFIEREBIOVEGEN-600x127.jpg 600w, https:\/\/biovegen.org\/wp-content\/uploads\/2020\/04\/TRANSFIEREBIOVEGEN-300x64.jpg 300w, https:\/\/biovegen.org\/wp-content\/uploads\/2020\/04\/TRANSFIEREBIOVEGEN-768x163.jpg 768w, https:\/\/biovegen.org\/wp-content\/uploads\/2020\/04\/TRANSFIEREBIOVEGEN-1536x326.jpg 1536w, https:\/\/biovegen.org\/wp-content\/uploads\/2020\/04\/TRANSFIEREBIOVEGEN.jpg 1689w\"><\/figure>\n<\/div>\n\n\n<div style=\"height:25px\" aria-hidden=\"true\" class=\"wp-block-spacer\"><\/div>\n\n\n\n<div class=\"wp-block-buttons is-layout-flex wp-block-buttons-is-layout-flex\">\n<div class=\"wp-block-button\"><a class=\"wp-block-button__link\" href=\"mailto:gruizgauna@invegen.org\" target=\"_blank\" rel=\"noreferrer noopener\">If you are interested in participating or would like more information, please contact <strong>BIOVEGEN&nbsp;<\/strong><\/a><\/div>\n<\/div>\n\n\n\n<div style=\"height:25px\" aria-hidden=\"true\" class=\"wp-block-spacer\"><\/div>\n\n\n<div class=\"wp-block-image\">\n<figure class=\"aligncenter size-large\"><img decoding=\"async\" width=\"1024\" height=\"448\" src=\"data:image\/gif;base64,R0lGODlhAQABAAAAACH5BAEKAAEALAAAAAABAAEAAAICTAEAOw==\" alt=\"\" class=\"wp-image-2600 lazyload\" sizes=\"(max-width: 1024px) 100vw, 1024px\" data-src=\"https:\/\/biovegen.org\/wp-content\/uploads\/2020\/04\/TRANSFIEREPLANO-1024x448.jpg\" data-srcset=\"https:\/\/biovegen.org\/wp-content\/uploads\/2020\/04\/TRANSFIEREPLANO-1024x448.jpg 1024w, https:\/\/biovegen.org\/wp-content\/uploads\/2020\/04\/TRANSFIEREPLANO-600x263.jpg 600w, https:\/\/biovegen.org\/wp-content\/uploads\/2020\/04\/TRANSFIEREPLANO-300x131.jpg 300w, https:\/\/biovegen.org\/wp-content\/uploads\/2020\/04\/TRANSFIEREPLANO-768x336.jpg 768w, https:\/\/biovegen.org\/wp-content\/uploads\/2020\/04\/TRANSFIEREPLANO-1536x672.jpg 1536w, https:\/\/biovegen.org\/wp-content\/uploads\/2020\/04\/TRANSFIEREPLANO.jpg 1920w\"><\/figure>\n<\/div>\n\n\n<div style=\"height:25px\" aria-hidden=\"true\" class=\"wp-block-spacer\"><\/div>\n\n\n\n<h2 class=\"wp-block-heading\"><strong>Celebrated editions<\/strong><\/h2>","protected":false},"excerpt":{"rendered":"<p>TRANSFIERE es un gran foro profesional y multisectorial de la Innovaci\u00f3n Espa\u00f1ola, en el que los participantes pueden: Transferir&nbsp;conocimiento cient\u00edfico&nbsp;y&nbsp;l\u00edneas de investigaci\u00f3n tecnol\u00f3gica. Establecer contactos&nbsp;b2b. Dar a conocer sus&nbsp;productos y servicios innovadores. Conocer las necesidades tecnol\u00f3gicas de la&nbsp;administraci\u00f3n p\u00fablica. Un espacio \u00fanico en Espa\u00f1a para fomentar la&nbsp;transferencia tecnol\u00f3gica&nbsp;y la&nbsp;cooperaci\u00f3n empresarial. Siendo una&nbsp;oportunidad de negocio&nbsp;para encontrar [&hellip;]<\/p>\n","protected":false},"author":1,"featured_media":0,"parent":418,"menu_order":8,"comment_status":"closed","ping_status":"closed","template":"","meta":{"_acf_changed":false,"inline_featured_image":false,"footnotes":""},"categories":[35],"class_list":["post-475","page","type-page","status-publish","hentry","category-foro-transfiere"],"acf":[],"_links":{"self":[{"href":"https:\/\/biovegen.org\/en\/wp-json\/wp\/v2\/pages\/475","targetHints":{"allow":["GET"]}}],"collection":[{"href":"https:\/\/biovegen.org\/en\/wp-json\/wp\/v2\/pages"}],"about":[{"href":"https:\/\/biovegen.org\/en\/wp-json\/wp\/v2\/types\/page"}],"author":[{"embeddable":true,"href":"https:\/\/biovegen.org\/en\/wp-json\/wp\/v2\/users\/1"}],"replies":[{"embeddable":true,"href":"https:\/\/biovegen.org\/en\/wp-json\/wp\/v2\/comments?post=475"}],"version-history":[{"count":0,"href":"https:\/\/biovegen.org\/en\/wp-json\/wp\/v2\/pages\/475\/revisions"}],"up":[{"embeddable":true,"href":"https:\/\/biovegen.org\/en\/wp-json\/wp\/v2\/pages\/418"}],"wp:attachment":[{"href":"https:\/\/biovegen.org\/en\/wp-json\/wp\/v2\/media?parent=475"}],"wp:term":[{"taxonomy":"category","embeddable":true,"href":"https:\/\/biovegen.org\/en\/wp-json\/wp\/v2\/categories?post=475"}],"curies":[{"name":"wp","href":"https:\/\/api.w.org\/{rel}","templated":true}]}}