{"id":4707,"date":"2020-05-08T08:46:37","date_gmt":"2020-05-08T08:46:37","guid":{"rendered":"https:\/\/biovegen.org\/?page_id=4707"},"modified":"2020-05-08T08:56:00","modified_gmt":"2020-05-08T08:56:00","slug":"proyecto-biobridges","status":"publish","type":"page","link":"https:\/\/biovegen.org\/en\/actividades\/proyectos-idi\/proyectos-biovegen\/proyecto-biobridges\/","title":{"rendered":"BioBridges Project"},"content":{"rendered":"<div class=\"wp-block-image\"><figure class=\"aligncenter size-large\"><img decoding=\"async\" width=\"316\" height=\"140\" src=\"data:image\/gif;base64,R0lGODlhAQABAAAAACH5BAEKAAEALAAAAAABAAEAAAICTAEAOw==\" alt=\"La imagen tiene un atributo ALT vac\u00edo; su nombre de archivo es meicomlogo.gif\" class=\"wp-image-4708 lazyload\" sizes=\"(max-width: 316px) 100vw, 316px\" data-src=\"https:\/\/biovegen.org\/wp-content\/uploads\/2020\/05\/bb2.jpg\" data-srcset=\"https:\/\/biovegen.org\/wp-content\/uploads\/2020\/05\/bb2.jpg 316w, https:\/\/biovegen.org\/wp-content\/uploads\/2020\/05\/bb2-300x133.jpg 300w\"><\/figure><\/div>\n\n\n\n<ul class=\"wp-block-list\"><li><strong>Full title:<\/strong> BioBridges<\/li><li><strong>Announcement: <\/strong>Bio-based Industries Joint Undertaking (BBI-JU)<\/li><li><strong>Consortium:<\/strong> <\/li><\/ul>\n\n\n\n<div class=\"wp-block-image\"><figure class=\"aligncenter size-large\"><img fetchpriority=\"high\" decoding=\"async\" width=\"816\" height=\"168\" src=\"data:image\/gif;base64,R0lGODlhAQABAAAAACH5BAEKAAEALAAAAAABAAEAAAICTAEAOw==\" alt=\"\" class=\"wp-image-4711 lazyload\" sizes=\"(max-width: 816px) 100vw, 816px\" data-src=\"https:\/\/biovegen.org\/wp-content\/uploads\/2020\/05\/consorcio.jpg\" data-srcset=\"https:\/\/biovegen.org\/wp-content\/uploads\/2020\/05\/consorcio.jpg 816w, https:\/\/biovegen.org\/wp-content\/uploads\/2020\/05\/consorcio-600x124.jpg 600w, https:\/\/biovegen.org\/wp-content\/uploads\/2020\/05\/consorcio-300x62.jpg 300w, https:\/\/biovegen.org\/wp-content\/uploads\/2020\/05\/consorcio-768x158.jpg 768w\"><\/figure><\/div>\n\n\n\n<ul class=\"wp-block-list\"><li><strong>Aim: <\/strong>Respond to the challenge of improving the marketing of biobased products (BBP) by fostering close cooperation and partnership between biobased industries, brand owners and consumer representatives.<\/li><\/ul>\n\n\n\n<blockquote class=\"wp-block-quote is-layout-flow wp-block-quote-is-layout-flow\"><p><strong><em><a rel=\"noreferrer noopener\" href=\"https:\/\/www.biobridges-project.eu\/\" target=\"_blank\">Web BioBridges PROJECT<\/a><\/em><\/strong><\/p><\/blockquote>\n\n\n\n<div style=\"height:25px\" aria-hidden=\"true\" class=\"wp-block-spacer\"><\/div>\n\n\n\n<h2 class=\"wp-block-heading\"><strong>News about the BioBridges project<\/strong><\/h2>","protected":false},"excerpt":{"rendered":"<p>T\u00edtulo completo: BioBridges Convocatoria: Bio-based Industries Joint Undertaking (BBI-JU) Consorcio: Objetivo: dar respuesta al desaf\u00edo de mejorar la comercializaci\u00f3n de los productos de origen biol\u00f3gico (BBP) mediante el fomento de una estrecha cooperaci\u00f3n y asociaci\u00f3n entre las industrias de base biol\u00f3gica, los propietarios de marcas y los representantes de los consumidores. Web BioBridges PROJECT Noticias [&hellip;]<\/p>\n","protected":false},"author":1,"featured_media":0,"parent":330,"menu_order":0,"comment_status":"closed","ping_status":"closed","template":"","meta":{"_acf_changed":false,"inline_featured_image":false,"footnotes":""},"categories":[44],"class_list":["post-4707","page","type-page","status-publish","hentry","category-biobridges"],"acf":[],"_links":{"self":[{"href":"https:\/\/biovegen.org\/en\/wp-json\/wp\/v2\/pages\/4707","targetHints":{"allow":["GET"]}}],"collection":[{"href":"https:\/\/biovegen.org\/en\/wp-json\/wp\/v2\/pages"}],"about":[{"href":"https:\/\/biovegen.org\/en\/wp-json\/wp\/v2\/types\/page"}],"author":[{"embeddable":true,"href":"https:\/\/biovegen.org\/en\/wp-json\/wp\/v2\/users\/1"}],"replies":[{"embeddable":true,"href":"https:\/\/biovegen.org\/en\/wp-json\/wp\/v2\/comments?post=4707"}],"version-history":[{"count":0,"href":"https:\/\/biovegen.org\/en\/wp-json\/wp\/v2\/pages\/4707\/revisions"}],"up":[{"embeddable":true,"href":"https:\/\/biovegen.org\/en\/wp-json\/wp\/v2\/pages\/330"}],"wp:attachment":[{"href":"https:\/\/biovegen.org\/en\/wp-json\/wp\/v2\/media?parent=4707"}],"wp:term":[{"taxonomy":"category","embeddable":true,"href":"https:\/\/biovegen.org\/en\/wp-json\/wp\/v2\/categories?post=4707"}],"curies":[{"name":"wp","href":"https:\/\/api.w.org\/{rel}","templated":true}]}}