{"id":470,"date":"2020-03-31T09:20:32","date_gmt":"2020-03-31T09:20:32","guid":{"rendered":"https:\/\/biovegen.org\/?page_id=470"},"modified":"2020-05-05T16:52:27","modified_gmt":"2020-05-05T16:52:27","slug":"jornadas-biovegen-csic","status":"publish","type":"page","link":"https:\/\/biovegen.org\/en\/actividades\/eventos\/jornadas-biovegen-csic\/","title":{"rendered":"BIOVEGEN-CSIC Conference"},"content":{"rendered":"<div class=\"wp-block-image\"><figure class=\"aligncenter size-large\"><img fetchpriority=\"high\" decoding=\"async\" width=\"1024\" height=\"234\" src=\"data:image\/gif;base64,R0lGODlhAQABAAAAACH5BAEKAAEALAAAAAABAAEAAAICTAEAOw==\" alt=\"\" class=\"wp-image-2710 lazyload\" sizes=\"(max-width: 1024px) 100vw, 1024px\" data-src=\"https:\/\/biovegen.org\/wp-content\/uploads\/2020\/04\/CSIC-BIOVEGEN-1024x234.jpg\" data-srcset=\"https:\/\/biovegen.org\/wp-content\/uploads\/2020\/04\/CSIC-BIOVEGEN-1024x234.jpg 1024w, https:\/\/biovegen.org\/wp-content\/uploads\/2020\/04\/CSIC-BIOVEGEN-600x137.jpg 600w, https:\/\/biovegen.org\/wp-content\/uploads\/2020\/04\/CSIC-BIOVEGEN-300x69.jpg 300w, https:\/\/biovegen.org\/wp-content\/uploads\/2020\/04\/CSIC-BIOVEGEN-768x176.jpg 768w, https:\/\/biovegen.org\/wp-content\/uploads\/2020\/04\/CSIC-BIOVEGEN.jpg 1027w\"><\/figure><\/div>\n\n\n\n<div style=\"height:25px\" aria-hidden=\"true\" class=\"wp-block-spacer\"><\/div>\n\n\n\n<p>Aware of the importance of linking the practical needs of companies with the lines of work of research centers, BIOVEGEN has promoted the organization of conferences with different agri-food centers of the Higher Council for Scientific Research (CSIC) with the intention of promoting meetings that allow interaction and generation of synergies between researchers, companies and managers of R&amp;D financing programs.<\/p>\n\n\n\n<div style=\"height:25px\" aria-hidden=\"true\" class=\"wp-block-spacer\"><\/div>\n\n\n\n<h2 class=\"wp-block-heading\"><strong>Goals<\/strong><\/h2>\n\n\n\n<ul class=\"wp-block-list\"><li>Show new technological trends in plant biology and their possibilities<\/li><li>Show the added value that research brings to the economic activity of the private sector of plant production<\/li><li>Stimulate the private sector to undertake R&amp;D activities and collaborations with public research centers<\/li><li>Show financing and help tools in the development of R&amp;D projects<\/li><li>Enable:<ul><li>Mobilization of R&amp;D proposals in the context of each day<\/li><li>Holding bilateral meetings between researchers, companies and managers of R&amp;D funding programs<\/li><\/ul><\/li><\/ul>\n\n\n\n<div style=\"height:25px\" aria-hidden=\"true\" class=\"wp-block-spacer\"><\/div>\n\n\n\n<h2 class=\"wp-block-heading\"><strong>Days held<\/strong><\/h2>","protected":false},"excerpt":{"rendered":"<p>Conscientes de la importancia de vincular las necesidades pr\u00e1cticas de las empresas con las l\u00edneas de trabajo de los centros de investigaci\u00f3n, BIOVEGEN ha promovido la organizaci\u00f3n de jornadas con diferentes centros agroalimentarios del Consejo Superior de Investigaciones Cient\u00edficas (CSIC) con la intenci\u00f3n de promover encuentros que permitan la interacci\u00f3n y generaci\u00f3n de sinergias entre [&hellip;]<\/p>\n","protected":false},"author":1,"featured_media":0,"parent":418,"menu_order":4,"comment_status":"closed","ping_status":"closed","template":"","meta":{"_acf_changed":false,"inline_featured_image":false,"footnotes":""},"categories":[31],"class_list":["post-470","page","type-page","status-publish","hentry","category-jornadas-biovegen-csic"],"acf":[],"_links":{"self":[{"href":"https:\/\/biovegen.org\/en\/wp-json\/wp\/v2\/pages\/470","targetHints":{"allow":["GET"]}}],"collection":[{"href":"https:\/\/biovegen.org\/en\/wp-json\/wp\/v2\/pages"}],"about":[{"href":"https:\/\/biovegen.org\/en\/wp-json\/wp\/v2\/types\/page"}],"author":[{"embeddable":true,"href":"https:\/\/biovegen.org\/en\/wp-json\/wp\/v2\/users\/1"}],"replies":[{"embeddable":true,"href":"https:\/\/biovegen.org\/en\/wp-json\/wp\/v2\/comments?post=470"}],"version-history":[{"count":0,"href":"https:\/\/biovegen.org\/en\/wp-json\/wp\/v2\/pages\/470\/revisions"}],"up":[{"embeddable":true,"href":"https:\/\/biovegen.org\/en\/wp-json\/wp\/v2\/pages\/418"}],"wp:attachment":[{"href":"https:\/\/biovegen.org\/en\/wp-json\/wp\/v2\/media?parent=470"}],"wp:term":[{"taxonomy":"category","embeddable":true,"href":"https:\/\/biovegen.org\/en\/wp-json\/wp\/v2\/categories?post=470"}],"curies":[{"name":"wp","href":"https:\/\/api.w.org\/{rel}","templated":true}]}}