{"id":467,"date":"2020-03-31T09:18:20","date_gmt":"2020-03-31T09:18:20","guid":{"rendered":"https:\/\/biovegen.org\/?page_id=467"},"modified":"2020-05-05T09:57:23","modified_gmt":"2020-05-05T09:57:23","slug":"congresos-cientificos","status":"publish","type":"page","link":"https:\/\/biovegen.org\/en\/actividades\/eventos\/congresos-cientificos\/","title":{"rendered":"Scientific conferences"},"content":{"rendered":"<div class=\"wp-block-image\"><figure class=\"aligncenter size-large is-resized\"><img fetchpriority=\"high\" decoding=\"async\" src=\"data:image\/gif;base64,R0lGODlhAQABAAAAACH5BAEKAAEALAAAAAABAAEAAAICTAEAOw==\" alt=\"\" class=\"wp-image-3525 lazyload\" width=\"546\" height=\"272\" sizes=\"(max-width: 546px) 100vw, 546px\" data-src=\"https:\/\/biovegen.org\/wp-content\/uploads\/2020\/05\/CONGRESOS.jpg\" data-srcset=\"https:\/\/biovegen.org\/wp-content\/uploads\/2020\/05\/CONGRESOS.jpg 790w, https:\/\/biovegen.org\/wp-content\/uploads\/2020\/05\/CONGRESOS-600x299.jpg 600w, https:\/\/biovegen.org\/wp-content\/uploads\/2020\/05\/CONGRESOS-300x150.jpg 300w, https:\/\/biovegen.org\/wp-content\/uploads\/2020\/05\/CONGRESOS-768x383.jpg 768w\"><\/figure><\/div>\n\n\n\n<p><strong>BIOVEGEN&nbsp;<\/strong>participates in numerous scientific conferences promoting science-business collaboration and encouraging the generation of R&amp;D projects. To this end, BIOVEGEN participates and\/or organizes science-business sessions that facilitate the presence of the industrial sector in the context of these conferences. Furthermore, the&nbsp;<strong><a rel=\"noreferrer noopener\" href=\"https:\/\/biovegen.org\/category\/socios\/\" target=\"_blank\">BIOVEGEN partners<\/a><\/strong>&nbsp;They have special conditions for participation in these events through discounted prices and\/or facilities to participate as speakers.<\/p>\n\n\n\n<div style=\"height:25px\" aria-hidden=\"true\" class=\"wp-block-spacer\"><\/div>\n\n\n\n<h2 class=\"wp-block-heading\"><strong>Congresses held<\/strong><\/h2>","protected":false},"excerpt":{"rendered":"<p>BIOVEGEN&nbsp;participa en numerosos congresos cient\u00edficos promoviendo la colaboraci\u00f3n ciencia-empresa y fomentando la generaci\u00f3n de proyectos de I+D. Para ello, BIOVEGEN participa y\/o organiza sesiones ciencia-empresa que facilitan la presencia del sector industrial en el contexto de estos congresos. Adem\u00e1s, los&nbsp;socios de BIOVEGEN&nbsp;cuentan con condiciones especiales de participaci\u00f3n en estos eventos a trav\u00e9s precios bonificados y\/o [&hellip;]<\/p>\n","protected":false},"author":1,"featured_media":0,"parent":418,"menu_order":3,"comment_status":"closed","ping_status":"closed","template":"","meta":{"_acf_changed":false,"inline_featured_image":false,"footnotes":""},"categories":[30,20],"class_list":["post-467","page","type-page","status-publish","hentry","category-congresos-cientificos","category-eventos"],"acf":[],"_links":{"self":[{"href":"https:\/\/biovegen.org\/en\/wp-json\/wp\/v2\/pages\/467","targetHints":{"allow":["GET"]}}],"collection":[{"href":"https:\/\/biovegen.org\/en\/wp-json\/wp\/v2\/pages"}],"about":[{"href":"https:\/\/biovegen.org\/en\/wp-json\/wp\/v2\/types\/page"}],"author":[{"embeddable":true,"href":"https:\/\/biovegen.org\/en\/wp-json\/wp\/v2\/users\/1"}],"replies":[{"embeddable":true,"href":"https:\/\/biovegen.org\/en\/wp-json\/wp\/v2\/comments?post=467"}],"version-history":[{"count":0,"href":"https:\/\/biovegen.org\/en\/wp-json\/wp\/v2\/pages\/467\/revisions"}],"up":[{"embeddable":true,"href":"https:\/\/biovegen.org\/en\/wp-json\/wp\/v2\/pages\/418"}],"wp:attachment":[{"href":"https:\/\/biovegen.org\/en\/wp-json\/wp\/v2\/media?parent=467"}],"wp:term":[{"taxonomy":"category","embeddable":true,"href":"https:\/\/biovegen.org\/en\/wp-json\/wp\/v2\/categories?post=467"}],"curies":[{"name":"wp","href":"https:\/\/api.w.org\/{rel}","templated":true}]}}