{"id":4635,"date":"2020-05-07T12:08:48","date_gmt":"2020-05-07T12:08:48","guid":{"rendered":"https:\/\/biovegen.org\/?page_id=4635"},"modified":"2020-05-12T07:38:10","modified_gmt":"2020-05-12T07:38:10","slug":"suscribete-ya-a-nuestros-boletines","status":"publish","type":"page","link":"https:\/\/biovegen.org\/en\/contacto\/suscribete-ya-a-nuestros-boletines\/","title":{"rendered":"SUBSCRIBE TO OUR NEWSLETTERS NOW!"},"content":{"rendered":"\n<div class=\"wp-block-image\"><figure class=\"aligncenter size-large\"><img decoding=\"async\" width=\"250\" height=\"120\" src=\"data:image\/gif;base64,R0lGODlhAQABAAAAACH5BAEKAAEALAAAAAABAAEAAAICTAEAOw==\" alt=\"\" class=\"wp-image-4807 lazyload\" data-src=\"https:\/\/biovegen.org\/wp-content\/uploads\/2020\/05\/bols-1.jpg\"><\/figure><\/div>\n\n\n\n<div style=\"height:25px\" aria-hidden=\"true\" class=\"wp-block-spacer\"><\/div>\n\n\n\n<p>BIOVEGEN ofrece un servicio de difusi\u00f3n de informaci\u00f3n de inter\u00e9s para el sector agroalimentario que incluye:<\/p>\n\n\n\n<ul class=\"wp-block-list\"><li><a href=\"https:\/\/biovegen.org\/actividades\/publicaciones\/boletin-biovegen-de-propuestas-id\/\" target=\"_blank\" rel=\"noreferrer noopener\"><strong>Boletines BIOVEGEN de Propuestas I+D<\/strong><\/a><\/li><li><a href=\"https:\/\/biovegen.org\/actividades\/publicaciones\/boletin-biovegen-de-oferta-y-demanda-de-empleo\/\" target=\"_blank\" rel=\"noreferrer noopener\"><strong>Boletines BIOVEGEN de Oferta y Demanda de Empleo<\/strong><\/a><\/li><li><strong><a href=\"https:\/\/biovegen.org\/evento\/\" target=\"_blank\" rel=\"noreferrer noopener\">Eventos del sector agroalimentario<\/a><\/strong><\/li><li>y mucha m\u00e1s informaci\u00f3n de inter\u00e9s&#8230;<\/li><\/ul>\n\n\n\n<blockquote class=\"wp-block-quote is-layout-flow wp-block-quote-is-layout-flow\"><p>Si est\u00e1 interesado en mantenerse informado, solo debe rellenar el siguiente formulario para&nbsp;comenzar&nbsp;a recibir todas las novedades BIOVEGEN en materia de I+D+i!<\/p><\/blockquote>\n\n\n\n<div style=\"height:25px\" aria-hidden=\"true\" class=\"wp-block-spacer\"><\/div>\n\n\n<div class=\"wpforms-container wpforms-container-full wpforms-block\" id=\"wpforms-4623\"><form id=\"wpforms-form-4623\" class=\"wpforms-validate wpforms-form\" data-formid=\"4623\" method=\"post\" enctype=\"multipart\/form-data\" action=\"\/en\/wp-json\/wp\/v2\/pages\/4635\" data-token=\"8911c3dab98471c1ee79adf1a0046080\" data-token-time=\"1776502859\"><noscript class=\"wpforms-error-noscript\">Please enable JavaScript in your browser to complete this form.<\/noscript><div class=\"wpforms-field-container\"><div id=\"wpforms-4623-field_1-container\" class=\"wpforms-field wpforms-field-name\" data-field-id=\"1\"><label class=\"wpforms-field-label\">Nombre <span class=\"wpforms-required-label\">*<\/span><\/label><div class=\"wpforms-field-row wpforms-field-medium\"><div class=\"wpforms-field-row-block wpforms-first wpforms-one-half\"><input type=\"text\" id=\"wpforms-4623-field_1\" class=\"wpforms-field-name-first wpforms-field-required\" name=\"wpforms[fields][1][first]\" required><label for=\"wpforms-4623-field_1\" class=\"wpforms-field-sublabel after\">First<\/label><\/div><div class=\"wpforms-field-row-block wpforms-one-half\"><input type=\"text\" id=\"wpforms-4623-field_1-last\" class=\"wpforms-field-name-last wpforms-field-required\" name=\"wpforms[fields][1][last]\" required><label for=\"wpforms-4623-field_1-last\" class=\"wpforms-field-sublabel after\">Last<\/label><\/div><\/div><\/div><div id=\"wpforms-4623-field_2-container\" class=\"wpforms-field wpforms-field-text\" data-field-id=\"2\"><label class=\"wpforms-field-label\" for=\"wpforms-4623-field_2\">Entidad <span class=\"wpforms-required-label\">*<\/span><\/label><input type=\"text\" id=\"wpforms-4623-field_2\" class=\"wpforms-field-medium wpforms-field-required\" name=\"wpforms[fields][2]\" required><\/div><div id=\"wpforms-4623-field_3-container\" class=\"wpforms-field wpforms-field-text\" data-field-id=\"3\"><label class=\"wpforms-field-label\" for=\"wpforms-4623-field_3\">Cargo <span class=\"wpforms-required-label\">*<\/span><\/label><input type=\"text\" id=\"wpforms-4623-field_3\" class=\"wpforms-field-medium wpforms-field-required\" name=\"wpforms[fields][3]\" required><\/div><div id=\"wpforms-4623-field_4-container\" class=\"wpforms-field wpforms-field-select wpforms-field-select-style-classic\" data-field-id=\"4\"><label class=\"wpforms-field-label\" for=\"wpforms-4623-field_4\">Provincia <span class=\"wpforms-required-label\">*<\/span><\/label><select id=\"wpforms-4623-field_4\" class=\"wpforms-field-medium wpforms-field-required\" name=\"wpforms[fields][4]\" required=\"required\"><option value=\"Otros\"  selected='selected' class=\"choice-1 depth-1\"  >Otros<\/option><option value=\"\u00c1lava\"  class=\"choice-53 depth-1\"  >\u00c1lava<\/option><option value=\"Albacete\"  class=\"choice-17 depth-1\"  >Albacete<\/option><option value=\"Alicante\"  class=\"choice-16 depth-1\"  >Alicante<\/option><option value=\"Almer\u00eda\"  class=\"choice-15 depth-1\"  >Almer\u00eda<\/option><option value=\"Asturias\"  class=\"choice-14 depth-1\"  >Asturias<\/option><option value=\"\u00c1vila\"  class=\"choice-13 depth-1\"  >\u00c1vila<\/option><option value=\"Badajoz\"  class=\"choice-12 depth-1\"  >Badajoz<\/option><option value=\"Barcelona\"  class=\"choice-11 depth-1\"  >Barcelona<\/option><option value=\"Burgos\"  class=\"choice-10 depth-1\"  >Burgos<\/option><option value=\"C\u00e1ceres\"  class=\"choice-9 depth-1\"  >C\u00e1ceres<\/option><option value=\"C\u00e1diz\"  class=\"choice-8 depth-1\"  >C\u00e1diz<\/option><option value=\"Cantabria\"  class=\"choice-7 depth-1\"  >Cantabria<\/option><option value=\"Castell\u00f3n\"  class=\"choice-6 depth-1\"  >Castell\u00f3n<\/option><option value=\"Ceuta\"  class=\"choice-5 depth-1\"  >Ceuta<\/option><option value=\"Ciudad Real\"  class=\"choice-4 depth-1\"  >Ciudad Real<\/option><option value=\"C\u00f3rdoba\"  class=\"choice-2 depth-1\"  >C\u00f3rdoba<\/option><option value=\"Cuenca\"  class=\"choice-3 depth-1\"  >Cuenca<\/option><option value=\"Gerona\"  class=\"choice-35 depth-1\"  >Gerona<\/option><option value=\"Granada\"  class=\"choice-34 depth-1\"  >Granada<\/option><option value=\"Guadalajara\"  class=\"choice-33 depth-1\"  >Guadalajara<\/option><option value=\"Guip\u00fazcoa\"  class=\"choice-32 depth-1\"  >Guip\u00fazcoa<\/option><option value=\"Huelva\"  class=\"choice-31 depth-1\"  >Huelva<\/option><option value=\"Huesca\"  class=\"choice-30 depth-1\"  >Huesca<\/option><option value=\"Islas Baleares\"  class=\"choice-29 depth-1\"  >Islas Baleares<\/option><option value=\"Ja\u00e9n\"  class=\"choice-28 depth-1\"  >Ja\u00e9n<\/option><option value=\"La Coru\u00f1a\"  class=\"choice-27 depth-1\"  >La Coru\u00f1a<\/option><option value=\"Las Palmas\"  class=\"choice-26 depth-1\"  >Las Palmas<\/option><option value=\"La Rioja\"  class=\"choice-25 depth-1\"  >La Rioja<\/option><option value=\"Le\u00f3n\"  class=\"choice-24 depth-1\"  >Le\u00f3n<\/option><option value=\"L\u00e9rida\"  class=\"choice-23 depth-1\"  >L\u00e9rida<\/option><option value=\"Lugo\"  class=\"choice-22 depth-1\"  >Lugo<\/option><option value=\"Madrid\"  class=\"choice-21 depth-1\"  >Madrid<\/option><option value=\"M\u00e1laga\"  class=\"choice-20 depth-1\"  >M\u00e1laga<\/option><option value=\"Melilla\"  class=\"choice-19 depth-1\"  >Melilla<\/option><option value=\"Murcia\"  class=\"choice-18 depth-1\"  >Murcia<\/option><option value=\"Navarra\"  class=\"choice-41 depth-1\"  >Navarra<\/option><option value=\"Orense\"  class=\"choice-40 depth-1\"  >Orense<\/option><option value=\"Palencia\"  class=\"choice-39 depth-1\"  >Palencia<\/option><option value=\"Pontevedra\"  class=\"choice-38 depth-1\"  >Pontevedra<\/option><option value=\"Salamanca\"  class=\"choice-37 depth-1\"  >Salamanca<\/option><option value=\"Segovia\"  class=\"choice-36 depth-1\"  >Segovia<\/option><option value=\"Sevilla\"  class=\"choice-46 depth-1\"  >Sevilla<\/option><option value=\"Soria\"  class=\"choice-45 depth-1\"  >Soria<\/option><option value=\"Tarragona\"  class=\"choice-44 depth-1\"  >Tarragona<\/option><option value=\"Sta. Cruz de Tenerife\"  class=\"choice-43 depth-1\"  >Sta. Cruz de Tenerife<\/option><option value=\"Teruel\"  class=\"choice-42 depth-1\"  >Teruel<\/option><option value=\"Toledo\"  class=\"choice-50 depth-1\"  >Toledo<\/option><option value=\"Valencia\"  class=\"choice-49 depth-1\"  >Valencia<\/option><option value=\"Valladolid\"  class=\"choice-48 depth-1\"  >Valladolid<\/option><option value=\"Vizcaya\"  class=\"choice-47 depth-1\"  >Vizcaya<\/option><option value=\"Zamora\"  class=\"choice-52 depth-1\"  >Zamora<\/option><option value=\"Zaragoza\"  class=\"choice-51 depth-1\"  >Zaragoza<\/option><\/select><\/div><div id=\"wpforms-4623-field_7-container\" class=\"wpforms-field wpforms-field-text\" data-field-id=\"7\"><label class=\"wpforms-field-label\" for=\"wpforms-4623-field_7\">Tel\u00e9fono<\/label><input type=\"text\" id=\"wpforms-4623-field_7\" class=\"wpforms-field-medium\" name=\"wpforms[fields][7]\" ><\/div><div id=\"wpforms-4623-field_6-container\" class=\"wpforms-field wpforms-field-email\" data-field-id=\"6\"><label class=\"wpforms-field-label\" for=\"wpforms-4623-field_6\">Correo electr\u00f3nico <span class=\"wpforms-required-label\">*<\/span><\/label><input type=\"email\" id=\"wpforms-4623-field_6\" class=\"wpforms-field-medium wpforms-field-required\" name=\"wpforms[fields][6]\" spellcheck=\"false\" required><\/div><\/div><!-- .wpforms-field-container --><div class=\"wpforms-field wpforms-field-hp\"><label for=\"wpforms-4623-field-hp\" class=\"wpforms-field-label\">Name<\/label><input type=\"text\" name=\"wpforms[hp]\" id=\"wpforms-4623-field-hp\" class=\"wpforms-field-medium\"><\/div><div class=\"wpforms-recaptcha-container wpforms-is-recaptcha wpforms-is-recaptcha-type-v2\" ><div class=\"g-recaptcha\" data-sitekey=\"6Lcgy_MUAAAAAI0u7ZkW1RApV6nOxonEv6CdnJKG\"><\/div><input type=\"text\" name=\"g-recaptcha-hidden\" class=\"wpforms-recaptcha-hidden\" style=\"position:absolute!important;clip:rect(0,0,0,0)!important;height:1px!important;width:1px!important;border:0!important;overflow:hidden!important;padding:0!important;margin:0!important;\" data-rule-recaptcha=\"1\"><\/div><div class=\"wpforms-submit-container\" ><input type=\"hidden\" name=\"wpforms[id]\" value=\"4623\"><input type=\"hidden\" name=\"page_title\" value=\"\"><input type=\"hidden\" name=\"page_url\" value=\"https:\/\/biovegen.org\/en\/wp-json\/wp\/v2\/pages\/4635\"><input type=\"hidden\" name=\"url_referer\" value=\"\"><button type=\"submit\" name=\"wpforms[submit]\" id=\"wpforms-submit-4623\" class=\"wpforms-submit\" data-alt-text=\"Enviando...\" data-submit-text=\"\u00a1Suscribirse!\" aria-live=\"assertive\" value=\"wpforms-submit\">\u00a1Suscribirse!<\/button><\/div><\/form><\/div>  <!-- .wpforms-container -->\n\n\n<p><\/p>\n","protected":false},"excerpt":{"rendered":"<p>BIOVEGEN ofrece un servicio de difusi\u00f3n de informaci\u00f3n de inter\u00e9s para el sector agroalimentario que incluye: Boletines BIOVEGEN de Propuestas I+D Boletines BIOVEGEN de Oferta y Demanda de Empleo Eventos del sector agroalimentario y mucha m\u00e1s informaci\u00f3n de inter\u00e9s&#8230; Si est\u00e1 interesado en mantenerse informado, solo debe rellenar el siguiente formulario para&nbsp;comenzar&nbsp;a recibir todas las [&hellip;]<\/p>\n","protected":false},"author":1,"featured_media":0,"parent":53,"menu_order":1,"comment_status":"closed","ping_status":"closed","template":"","meta":{"_acf_changed":false,"inline_featured_image":false,"footnotes":""},"categories":[],"class_list":["post-4635","page","type-page","status-publish","hentry"],"acf":[],"_links":{"self":[{"href":"https:\/\/biovegen.org\/en\/wp-json\/wp\/v2\/pages\/4635","targetHints":{"allow":["GET"]}}],"collection":[{"href":"https:\/\/biovegen.org\/en\/wp-json\/wp\/v2\/pages"}],"about":[{"href":"https:\/\/biovegen.org\/en\/wp-json\/wp\/v2\/types\/page"}],"author":[{"embeddable":true,"href":"https:\/\/biovegen.org\/en\/wp-json\/wp\/v2\/users\/1"}],"replies":[{"embeddable":true,"href":"https:\/\/biovegen.org\/en\/wp-json\/wp\/v2\/comments?post=4635"}],"version-history":[{"count":0,"href":"https:\/\/biovegen.org\/en\/wp-json\/wp\/v2\/pages\/4635\/revisions"}],"up":[{"embeddable":true,"href":"https:\/\/biovegen.org\/en\/wp-json\/wp\/v2\/pages\/53"}],"wp:attachment":[{"href":"https:\/\/biovegen.org\/en\/wp-json\/wp\/v2\/media?parent=4635"}],"wp:term":[{"taxonomy":"category","embeddable":true,"href":"https:\/\/biovegen.org\/en\/wp-json\/wp\/v2\/categories?post=4635"}],"curies":[{"name":"wp","href":"https:\/\/api.w.org\/{rel}","templated":true}]}}