{"id":462,"date":"2020-03-31T09:14:24","date_gmt":"2020-03-31T09:14:24","guid":{"rendered":"https:\/\/biovegen.org\/?page_id=462"},"modified":"2020-04-27T17:41:56","modified_gmt":"2020-04-27T17:41:56","slug":"biovegen-kaudal-mecenazgo-tecnologico","status":"publish","type":"page","link":"https:\/\/biovegen.org\/en\/actividades\/colaboraciones\/biovegen-kaudal-mecenazgo-tecnologico\/","title":{"rendered":"BIOVEGEN-KAUDAL: Technological patronage"},"content":{"rendered":"<div class=\"wp-block-image\"><figure class=\"aligncenter size-large\"><img fetchpriority=\"high\" decoding=\"async\" width=\"597\" height=\"115\" src=\"data:image\/gif;base64,R0lGODlhAQABAAAAACH5BAEKAAEALAAAAAABAAEAAAICTAEAOw==\" alt=\"\" class=\"wp-image-941 lazyload\" sizes=\"(max-width: 597px) 100vw, 597px\" data-src=\"https:\/\/biovegen.org\/wp-content\/uploads\/2020\/04\/KAUDAL.jpg\" data-srcset=\"https:\/\/biovegen.org\/wp-content\/uploads\/2020\/04\/KAUDAL.jpg 597w, https:\/\/biovegen.org\/wp-content\/uploads\/2020\/04\/KAUDAL-300x58.jpg 300w\"><\/figure><\/div>\n\n\n\n<p>BIOVEGEN and\u00a0<strong><a rel=\"noreferrer noopener\" href=\"https:\/\/www.kaudal.es\/\" target=\"_blank\">KAUDAL<\/a><\/strong>, a company specialized in financing companies that are committed to Research and Development (R&amp;D), have collaborated together since June 2019 to promote the\u00a0<strong><em>Technological Patronage<\/em><\/strong>\u00a0in the plant production sector.<\/p>\n\n\n\n<p>He&nbsp;<strong><em>Technological Patronage<\/em><\/strong>&nbsp;It is a financing tool that allows companies that develop R&amp;D to carry out their projects and make them a reality in accordance with their objectives. This financing model allows, with non-refundable contributions and without guarantees, to promote projects in a period of less than 3 months, putting companies that carry out research and development in contact with companies that believe in R&amp;D and want to support transformative projects. of the society.<\/p>\n\n\n\n<p>This agreement favors synergies between BIOVEGEN and KAUDAL in their common objective of supporting and promoting investment in R&amp;D in the agri-food sector in Spain.<\/p>","protected":false},"excerpt":{"rendered":"<p>BIOVEGEN y\u00a0KAUDAL, compa\u00f1\u00eda especializada en la financiaci\u00f3n de empresas que apuestan por la Investigaci\u00f3n y Desarrollo (I+D), colaboran juntas desde junio de 2019 para promover el\u00a0Mecenazgo Tecnol\u00f3gico\u00a0en el sector de la producci\u00f3n vegetal. El&nbsp;Mecenazgo Tecnol\u00f3gico&nbsp;es una herramienta de financiaci\u00f3n que permite a empresas que desarrollan I+D llevar a cabo sus proyectos y hacerlos realidad de [&hellip;]<\/p>\n","protected":false},"author":1,"featured_media":0,"parent":413,"menu_order":6,"comment_status":"closed","ping_status":"closed","template":"","meta":{"_acf_changed":false,"inline_featured_image":false,"footnotes":""},"categories":[],"class_list":["post-462","page","type-page","status-publish","hentry"],"acf":[],"_links":{"self":[{"href":"https:\/\/biovegen.org\/en\/wp-json\/wp\/v2\/pages\/462","targetHints":{"allow":["GET"]}}],"collection":[{"href":"https:\/\/biovegen.org\/en\/wp-json\/wp\/v2\/pages"}],"about":[{"href":"https:\/\/biovegen.org\/en\/wp-json\/wp\/v2\/types\/page"}],"author":[{"embeddable":true,"href":"https:\/\/biovegen.org\/en\/wp-json\/wp\/v2\/users\/1"}],"replies":[{"embeddable":true,"href":"https:\/\/biovegen.org\/en\/wp-json\/wp\/v2\/comments?post=462"}],"version-history":[{"count":0,"href":"https:\/\/biovegen.org\/en\/wp-json\/wp\/v2\/pages\/462\/revisions"}],"up":[{"embeddable":true,"href":"https:\/\/biovegen.org\/en\/wp-json\/wp\/v2\/pages\/413"}],"wp:attachment":[{"href":"https:\/\/biovegen.org\/en\/wp-json\/wp\/v2\/media?parent=462"}],"wp:term":[{"taxonomy":"category","embeddable":true,"href":"https:\/\/biovegen.org\/en\/wp-json\/wp\/v2\/categories?post=462"}],"curies":[{"name":"wp","href":"https:\/\/api.w.org\/{rel}","templated":true}]}}