{"id":4618,"date":"2020-05-07T11:05:09","date_gmt":"2020-05-07T11:05:09","guid":{"rendered":"https:\/\/biovegen.org\/?page_id=4618"},"modified":"2020-06-03T09:56:51","modified_gmt":"2020-06-03T09:56:51","slug":"mapa-web","status":"publish","type":"page","link":"https:\/\/biovegen.org\/en\/mapa-web\/","title":{"rendered":"Web map"},"content":{"rendered":"<ul class=\"wp-block-list\"><li><strong><a rel=\"noreferrer noopener\" href=\"https:\/\/biovegen.org\/\" target=\"_blank\">Start<\/a><\/strong><\/li><li><strong>Biovegen<\/strong><ul><li><a rel=\"noreferrer noopener\" href=\"https:\/\/biovegen.org\/biovegen\/que-es-biovegen\/\" target=\"_blank\">What is BIOVEGEN?<\/a><\/li><li><a rel=\"noreferrer noopener\" href=\"https:\/\/biovegen.org\/biovegen\/asociacion-invegen\/\" target=\"_blank\">INVEGEN Association<\/a><\/li><li><a rel=\"noreferrer noopener\" href=\"https:\/\/biovegen.org\/biovegen\/servicios-2\/\" target=\"_blank\">Services<\/a><\/li><li><a rel=\"noreferrer noopener\" href=\"https:\/\/biovegen.org\/biovegen\/que-es-la-biotecnologia-vegetal-y-su-importancia\/\" target=\"_blank\">What is plant biotechnology and its importance<\/a><\/li><\/ul><\/li><li><strong>Partners<\/strong><ul><li><a rel=\"noreferrer noopener\" href=\"\/category\/socios\/\" target=\"_blank\">Biovegen Partners<\/a><\/li><li><a rel=\"noreferrer noopener\" href=\"https:\/\/biovegen.org\/socios-2\/quienes-somos\/\" target=\"_blank\">About us?<\/a><\/li><li><a rel=\"noreferrer noopener\" href=\"https:\/\/biovegen.org\/socios-2\/como-asociarse-2\/\" target=\"_blank\">How to join?<\/a><\/li><\/ul><\/li><li><strong>Activities<\/strong><ul><li><strong>R&amp;D&amp;i projects<\/strong><ul><li><a rel=\"noreferrer noopener\" href=\"https:\/\/biovegen.org\/actividades\/proyectos-idi\/proyectos-dinamizados\/\" target=\"_blank\">Dynamized projects<\/a><\/li><li><a rel=\"noreferrer noopener\" href=\"\/actividades\/proyectos-idi\/proyectos-biovegen\/\" target=\"_blank\">Projects with BIOVEGEN participation<\/a><ul><li><a rel=\"noreferrer noopener\" href=\"https:\/\/biovegen.org\/actividades\/proyectos-idi\/proyectos-biovegen\/meicom-project\/\" target=\"_blank\">MEICOM PROJECT<\/a><\/li><li><a rel=\"noreferrer noopener\" href=\"https:\/\/biovegen.org\/actividades\/proyectos-idi\/proyectos-biovegen\/bet-project\/\" target=\"_blank\">BET PROJECT<\/a><\/li><li><a rel=\"noreferrer noopener\" href=\"https:\/\/biovegen.org\/actividades\/proyectos-idi\/proyectos-biovegen\/proyecto-biobridges\/\" target=\"_blank\">BIOBRIDGES PROJECT<\/a><\/li><li><a rel=\"noreferrer noopener\" href=\"https:\/\/biovegen.org\/actividades\/proyectos-idi\/grupos-operativos-supra-autonomicos\/grupos-operativos-biovegen\/\" target=\"_blank\">BIOVEGEN Operational Groups<\/a><\/li><\/ul><\/li><\/ul><\/li><\/ul><ul><li><strong>Operational Groups<\/strong><ul><li><a rel=\"noreferrer noopener\" href=\"https:\/\/biovegen.org\/actividades\/proyectos-idi\/grupos-operativos-supra-autonomicos\/grupos-operativos-biovegen\/\" target=\"_blank\">BIOVEGEN Operational Groups<\/a><\/li><li><a rel=\"noreferrer noopener\" href=\"https:\/\/biovegen.org\/actividades\/proyectos-idi\/grupos-operativos-supra-autonomicos\/gocitrus\/\" target=\"_blank\">GO CITRUS<\/a><\/li><li><a rel=\"noreferrer noopener\" href=\"https:\/\/biovegen.org\/actividades\/proyectos-idi\/grupos-operativos-supra-autonomicos\/go-pistacia\/\" target=\"_blank\">GO PISTACIA<\/a><\/li><li><a rel=\"noreferrer noopener\" href=\"https:\/\/biovegen.org\/actividades\/proyectos-idi\/grupos-operativos-supra-autonomicos\/go-agrirefin\/\" target=\"_blank\">GO AGRIREFIN<\/a><\/li><li><a rel=\"noreferrer noopener\" href=\"https:\/\/biovegen.org\/actividades\/proyectos-idi\/grupos-operativos-supra-autonomicos\/go-canamo\/\" target=\"_blank\">GO HEMP<\/a><\/li><\/ul><\/li><li><strong>Strategic innovation agenda<\/strong><ul><li><a rel=\"noreferrer noopener\" href=\"https:\/\/biovegen.org\/actividades\/agenda-estrategica-de-innovacion\/biovegen-y-la-estrategia-espanola-de-ciencia-tecnologia-e-innovacion-2013-2020\/\" target=\"_blank\">BIOVEGEN and the Spanish Science, Technology and Innovation Strategy<\/a><\/li><li><a rel=\"noreferrer noopener\" href=\"https:\/\/biovegen.org\/actividades\/agenda-estrategica-de-innovacion\/documento-de-vision-biovegen\/\" target=\"_blank\">BIOVEGEN Vision Document<\/a><\/li><li><a rel=\"noreferrer noopener\" href=\"https:\/\/biovegen.org\/actividades\/agenda-estrategica-de-innovacion\/aportaciones-biovegen\/\" target=\"_blank\">BIOVEGEN Contributions<\/a><\/li><li><a rel=\"noreferrer noopener\" href=\"https:\/\/biovegen.org\/actividades\/publicaciones\/biovegen-en-los-medios\/\" target=\"_blank\">BIOVEGEN in the media<\/a><\/li><\/ul><\/li><\/ul><ul><li><strong>Events<\/strong><ul><li><a rel=\"noreferrer noopener\" href=\"\/evento\/\" target=\"_blank\">All events<\/a><\/li><\/ul><ul><li><a rel=\"noreferrer noopener\" href=\"https:\/\/biovegen.org\/actividades\/eventos\/conferencias-internacionales\/\" target=\"_blank\">International conferences<\/a><\/li><\/ul><ul><li><a rel=\"noreferrer noopener\" href=\"https:\/\/biovegen.org\/actividades\/eventos\/congresos-cientificos\/\" target=\"_blank\">Scientific conferences<\/a><\/li><li><a rel=\"noreferrer noopener\" href=\"https:\/\/biovegen.org\/actividades\/eventos\/jornadas-biovegen-csic\/\" target=\"_blank\">BIOVEGEN-CSIC Conference<\/a><\/li><li><a rel=\"noreferrer noopener\" href=\"https:\/\/biovegen.org\/actividades\/eventos\/jornadas-biovegen-inia\/\" target=\"_blank\">BIOVEGEN-INIA Conference<\/a><\/li><li><a rel=\"noreferrer noopener\" href=\"https:\/\/biovegen.org\/actividades\/eventos\/jornadas-cajamar-biovegen\/\" target=\"_blank\">BIOVEGEN-CAJAMAR Conference<\/a><\/li><li><a rel=\"noreferrer noopener\" href=\"\/actividades\/eventos\/fruit-attraction\/\" target=\"_blank\">FRUIT ATTRACTION<\/a><ul><li><a rel=\"noreferrer noopener\" href=\"https:\/\/biovegen.org\/actividades\/eventos\/fruit-attraction\/fruit-attraction-2015\/\" target=\"_blank\">FRUIT ATTRACTION 2015<\/a><\/li><li><a rel=\"noreferrer noopener\" href=\"https:\/\/biovegen.org\/actividades\/eventos\/fruit-attraction\/fruit-attraction-2016\/\" target=\"_blank\">FRUIT ATTRACTION 2016<\/a><\/li><li><a rel=\"noreferrer noopener\" href=\"https:\/\/biovegen.org\/actividades\/eventos\/fruit-attraction\/fruit-attraction-2017\/\" target=\"_blank\">FRUIT ATTRACTION 2017<\/a><\/li><li><a rel=\"noreferrer noopener\" href=\"https:\/\/biovegen.org\/actividades\/eventos\/fruit-attraction\/fruit-attraction-2018\/\" target=\"_blank\">FRUIT ATTRACTION 2018<\/a><\/li><li><a rel=\"noreferrer noopener\" href=\"https:\/\/biovegen.org\/actividades\/eventos\/fruit-attraction\/fruit-attraction-2019\/\" target=\"_blank\">FRUIT ATTRACTION 2019<\/a><\/li><\/ul><\/li><\/ul><ul><li><a rel=\"noreferrer noopener\" href=\"https:\/\/biovegen.org\/actividades\/eventos\/foro-transfiere\/\" target=\"_blank\">Transfer Forum<\/a><\/li><li><a rel=\"noreferrer noopener\" href=\"https:\/\/biovegen.org\/actividades\/eventos\/smart-agrifood-summit\/\" target=\"_blank\">Smart Agrifood Summit<\/a><\/li><\/ul><\/li><li><strong>Publications<\/strong><ul><li><a rel=\"noreferrer noopener\" href=\"\/category\/publicaciones\/\" target=\"_blank\">All publications<\/a><\/li><\/ul><ul><li><a rel=\"noreferrer noopener\" href=\"https:\/\/biovegen.org\/actividades\/publicaciones\/boletin-de-noticias-biovegen\/\" target=\"_blank\">BIOVEGEN Newsletter<\/a><\/li><li><a rel=\"noreferrer noopener\" href=\"\/actividades\/publicaciones\/boletin-biovegen-de-propuestas-id\/\" target=\"_blank\">BIOVEGEN Bulletin of R&amp;D Proposals<\/a><ul><li><a rel=\"noreferrer noopener\" href=\"https:\/\/biovegen.org\/actividades\/publicaciones\/boletin-biovegen-de-propuestas-id\/ficha-para-la-movilizacion-de-propuestas-id\/\" target=\"_blank\">FORM for the mobilization of R&amp;D Proposals<\/a><\/li><li><a rel=\"noreferrer noopener\" href=\"https:\/\/biovegen.org\/actividades\/publicaciones\/boletin-biovegen-de-propuestas-id\/expresiones-de-interes-en-propuestas-id\/\" target=\"_blank\">Expressions of interest in R&amp;D proposals<\/a><\/li><\/ul><\/li><li><a rel=\"noreferrer noopener\" href=\"https:\/\/biovegen.org\/actividades\/publicaciones\/boletin-biovegen-de-oferta-y-demanda-de-empleo\/\" target=\"_blank\">BIOVEGEN Employment Supply and Demand Bulletin<\/a><ul><li><a rel=\"noreferrer noopener\" href=\"https:\/\/biovegen.org\/actividades\/publicaciones\/boletin-biovegen-de-oferta-y-demanda-de-empleo\/ficha-para-la-movilizacion-de-ofertas-de-empleo\/?_id=5179&amp;_nonce=302b1a1eeb&amp;=true\" target=\"_blank\">FORM for the mobilization of Job Offers<\/a><\/li><li><a rel=\"noreferrer noopener\" href=\"https:\/\/biovegen.org\/actividades\/publicaciones\/boletin-biovegen-de-oferta-y-demanda-de-empleo\/ficha-para-la-movilizacion-de-demandas-de-empleo\/?_id=5188&amp;_nonce=bd9c01250f&amp;=true\" target=\"_blank\">FORM for the mobilization of Employment Demands<\/a><\/li><\/ul><\/li><li><a rel=\"noreferrer noopener\" href=\"https:\/\/biovegen.org\/actividades\/publicaciones\/informes-biovegen\/\" target=\"_blank\">BIOVEGEN Reports<\/a><\/li><\/ul><\/li><\/ul><ul><li><strong>Collaborations<\/strong><ul><li><a rel=\"noreferrer noopener\" href=\"\/actividades\/colaboraciones\/grupos-de-trabajo\/\" target=\"_blank\">Work groups<\/a><ul><li><a rel=\"noreferrer noopener\" href=\"https:\/\/biovegen.org\/actividades\/colaboraciones\/grupos-de-trabajo\/grupo-de-trabajo-interplataformas-de-economia-circular\/\" target=\"_blank\">Circular Economy InterPlatform Working Group<\/a><\/li><li><a rel=\"noreferrer noopener\" href=\"https:\/\/biovegen.org\/actividades\/colaboraciones\/grupos-de-trabajo\/grupo-de-trabajo-de-plataformas-alimentarias\/\" target=\"_blank\">Food Platforms Working Group<\/a><\/li><li><a rel=\"noreferrer noopener\" href=\"https:\/\/biovegen.org\/actividades\/colaboraciones\/grupos-de-trabajo\/grupo-de-trabajo-sector-hortofruticola\/\" target=\"_blank\">Food for Life Spain Working Groups<\/a><\/li><li><a rel=\"noreferrer noopener\" href=\"https:\/\/biovegen.org\/actividades\/colaboraciones\/grupos-de-trabajo\/grupo-consultivo-veti\/\" target=\"_blank\">Vet+I Consultative Group<\/a><\/li><\/ul><\/li><li><a rel=\"noreferrer noopener\" href=\"https:\/\/biovegen.org\/actividades\/colaboraciones\/proyeccion-internacional\/\" target=\"_blank\">International projection<\/a><\/li><li><a rel=\"noreferrer noopener\" href=\"https:\/\/biovegen.org\/actividades\/colaboraciones\/biovegen-cdti-red-pidi\/\" target=\"_blank\">BIOVEGEN-CDTI: pIDi Network<\/a><\/li><li><a rel=\"noreferrer noopener\" href=\"https:\/\/biovegen.org\/actividades\/colaboraciones\/oficina-espanola-de-patentes-y-marcas-opem\/\" target=\"_blank\">BIOVEGEN-OEPM: Technological alerts<\/a><\/li><li><a rel=\"noreferrer noopener\" href=\"https:\/\/biovegen.org\/actividades\/colaboraciones\/biovegen-incotec\/\" target=\"_blank\">Consulting services<\/a><\/li><\/ul><ul><li><a rel=\"noreferrer noopener\" href=\"https:\/\/biovegen.org\/actividades\/colaboraciones\/biovegen-kaudal-mecenazgo-tecnologico\/\" target=\"_blank\">BIOVEGEN-KAUDAL: Technological patronage<\/a><\/li><li><a rel=\"noreferrer noopener\" href=\"https:\/\/biovegen.org\/actividades\/colaboraciones\/fascination-of-plants-day\/\" target=\"_blank\">Fascination of Plants Day<\/a><\/li><\/ul><\/li><\/ul><\/li><li><strong><a rel=\"noreferrer noopener\" href=\"\/category\/actualidad\/noticias\/\" target=\"_blank\">News<\/a><\/strong><\/li><li><strong><a rel=\"noreferrer noopener\" href=\"https:\/\/biovegen.org\/contacto\/\" target=\"_blank\">Contact<\/a><\/strong><\/li><\/ul>\n\n\n\n<p><\/p>\n\n\n\n<ul class=\"wp-block-list\"><li><a href=\"https:\/\/biovegen.org\/aviso-legal\/\">Legal warning<\/a><\/li><li><a href=\"https:\/\/biovegen.org\/politica-de-cookies\/\">Cookies policy<\/a><\/li><li><a href=\"https:\/\/biovegen.org\/politica-privacidad\/\">Privacy Policy<\/a><\/li><li><a href=\"https:\/\/biovegen.org\/mapa-web\/\">Web map<\/a><\/li><\/ul>","protected":false},"excerpt":{"rendered":"<p>Inicio Biovegen \u00bfQu\u00e9 es BIOVEGEN? Asociaci\u00f3n INVEGEN Servicios Qu\u00e9 es la biotecnolog\u00eda vegetal y su importancia Socios Socios de Biovegen \u00bfQui\u00e9nes somos? \u00bfC\u00f3mo asociarse? Actividades Proyectos I+D+i Proyectos dinamizados Proyectos con participaci\u00f3n BIOVEGEN MEICOM PROJECT BET PROJECT BIOBRIDGES PROJECT Grupos Operativos BIOVEGEN Grupos Operativos Grupos Operativos BIOVEGEN GO CITRUS GO PISTACIA GO AGRIREFIN GO C\u00c1\u00d1AMO [&hellip;]<\/p>\n","protected":false},"author":1,"featured_media":0,"parent":0,"menu_order":10000,"comment_status":"closed","ping_status":"closed","template":"","meta":{"_acf_changed":false,"inline_featured_image":false,"footnotes":""},"categories":[],"class_list":["post-4618","page","type-page","status-publish","hentry"],"acf":[],"_links":{"self":[{"href":"https:\/\/biovegen.org\/en\/wp-json\/wp\/v2\/pages\/4618","targetHints":{"allow":["GET"]}}],"collection":[{"href":"https:\/\/biovegen.org\/en\/wp-json\/wp\/v2\/pages"}],"about":[{"href":"https:\/\/biovegen.org\/en\/wp-json\/wp\/v2\/types\/page"}],"author":[{"embeddable":true,"href":"https:\/\/biovegen.org\/en\/wp-json\/wp\/v2\/users\/1"}],"replies":[{"embeddable":true,"href":"https:\/\/biovegen.org\/en\/wp-json\/wp\/v2\/comments?post=4618"}],"version-history":[{"count":0,"href":"https:\/\/biovegen.org\/en\/wp-json\/wp\/v2\/pages\/4618\/revisions"}],"wp:attachment":[{"href":"https:\/\/biovegen.org\/en\/wp-json\/wp\/v2\/media?parent=4618"}],"wp:term":[{"taxonomy":"category","embeddable":true,"href":"https:\/\/biovegen.org\/en\/wp-json\/wp\/v2\/categories?post=4618"}],"curies":[{"name":"wp","href":"https:\/\/api.w.org\/{rel}","templated":true}]}}