{"id":4548,"date":"2020-05-06T23:10:42","date_gmt":"2020-05-06T23:10:42","guid":{"rendered":"https:\/\/biovegen.org\/?page_id=4548"},"modified":"2020-05-07T10:39:31","modified_gmt":"2020-05-07T10:39:31","slug":"bet-project","status":"publish","type":"page","link":"https:\/\/biovegen.org\/en\/actividades\/proyectos-idi\/proyectos-biovegen\/bet-project\/","title":{"rendered":"BET PROJECT"},"content":{"rendered":"<div class=\"wp-block-image\"><figure class=\"aligncenter size-large\"><img fetchpriority=\"high\" decoding=\"async\" width=\"256\" height=\"256\" src=\"data:image\/gif;base64,R0lGODlhAQABAAAAACH5BAEKAAEALAAAAAABAAEAAAICTAEAOw==\" alt=\"\" class=\"wp-image-4553 lazyload\" sizes=\"(max-width: 256px) 100vw, 256px\" data-src=\"https:\/\/biovegen.org\/wp-content\/uploads\/2020\/05\/bet-copia.png\" data-srcset=\"https:\/\/biovegen.org\/wp-content\/uploads\/2020\/05\/bet-copia.png 256w, https:\/\/biovegen.org\/wp-content\/uploads\/2020\/05\/bet-copia-100x100.png 100w, https:\/\/biovegen.org\/wp-content\/uploads\/2020\/05\/bet-copia-150x150.png 150w\"><\/figure><\/div>\n\n\n\n<ul class=\"wp-block-list\"><li><strong>Full title:<\/strong> Biocontrol E-training project (BET)<\/li><li><strong>Announcement: <\/strong>ERASMUS+<\/li><li><strong>Participants:<\/strong><ul><li>2 Companies<\/li><li>1 IPOs<\/li><li>2 Universities<\/li><li>2 Associations<\/li><li>1 Technological Platform<\/li><\/ul><\/li><li><strong>Aim: <\/strong>The Biocontrol Networked Training (BET) project includes 4 partners in France, Italy and Spain and aims to promote Biocontrol skills and knowledge in the EU with innovative and easily accessible e-learning content.<\/li><\/ul>\n\n\n\n<figure class=\"wp-block-image size-large\"><img decoding=\"async\" width=\"647\" height=\"478\" src=\"data:image\/gif;base64,R0lGODlhAQABAAAAACH5BAEKAAEALAAAAAABAAEAAAICTAEAOw==\" alt=\"La imagen tiene un atributo ALT vac\u00edo; su nombre de archivo es MEICOM.jpg\" class=\"wp-image-4611 lazyload\" sizes=\"(max-width: 647px) 100vw, 647px\" data-src=\"https:\/\/biovegen.org\/wp-content\/uploads\/2020\/05\/BET.jpg\" data-srcset=\"https:\/\/biovegen.org\/wp-content\/uploads\/2020\/05\/BET.jpg 647w, https:\/\/biovegen.org\/wp-content\/uploads\/2020\/05\/BET-600x443.jpg 600w, https:\/\/biovegen.org\/wp-content\/uploads\/2020\/05\/BET-300x222.jpg 300w\"><\/figure>\n\n\n\n<div style=\"height:25px\" aria-hidden=\"true\" class=\"wp-block-spacer\"><\/div>\n\n\n\n<blockquote class=\"wp-block-quote is-layout-flow wp-block-quote-is-layout-flow\"><p><strong><em><a rel=\"noreferrer noopener\" href=\"http:\/\/www.e-biocontrol.com\/\" target=\"_blank\">BET PROJECT website<\/a><\/em><\/strong><\/p><\/blockquote>\n\n\n\n<div style=\"height:25px\" aria-hidden=\"true\" class=\"wp-block-spacer\"><\/div>\n\n\n\n<h2 class=\"wp-block-heading\"><strong>News about the BET project<\/strong><\/h2>","protected":false},"excerpt":{"rendered":"<p>T\u00edtulo completo: Biocontrol E-training project (BET) Convocatoria: ERASMUS+ Participantes: 2 Empresas 1 OPIs 2 Universidades 2 Asociaciones 1 Plataforma Tecnol\u00f3gica Objetivo: el proyecto de formaci\u00f3n en red (BET) en Biocontrol incluye 4 socios en Francia, Italia y Espa\u00f1a y su objetivo es promover las habilidades y el conocimiento ene Biocontrol en la UE con contenido [&hellip;]<\/p>\n","protected":false},"author":1,"featured_media":0,"parent":330,"menu_order":0,"comment_status":"closed","ping_status":"closed","template":"","meta":{"_acf_changed":false,"inline_featured_image":false,"footnotes":""},"categories":[43],"class_list":["post-4548","page","type-page","status-publish","hentry","category-betproject"],"acf":[],"_links":{"self":[{"href":"https:\/\/biovegen.org\/en\/wp-json\/wp\/v2\/pages\/4548","targetHints":{"allow":["GET"]}}],"collection":[{"href":"https:\/\/biovegen.org\/en\/wp-json\/wp\/v2\/pages"}],"about":[{"href":"https:\/\/biovegen.org\/en\/wp-json\/wp\/v2\/types\/page"}],"author":[{"embeddable":true,"href":"https:\/\/biovegen.org\/en\/wp-json\/wp\/v2\/users\/1"}],"replies":[{"embeddable":true,"href":"https:\/\/biovegen.org\/en\/wp-json\/wp\/v2\/comments?post=4548"}],"version-history":[{"count":0,"href":"https:\/\/biovegen.org\/en\/wp-json\/wp\/v2\/pages\/4548\/revisions"}],"up":[{"embeddable":true,"href":"https:\/\/biovegen.org\/en\/wp-json\/wp\/v2\/pages\/330"}],"wp:attachment":[{"href":"https:\/\/biovegen.org\/en\/wp-json\/wp\/v2\/media?parent=4548"}],"wp:term":[{"taxonomy":"category","embeddable":true,"href":"https:\/\/biovegen.org\/en\/wp-json\/wp\/v2\/categories?post=4548"}],"curies":[{"name":"wp","href":"https:\/\/api.w.org\/{rel}","templated":true}]}}