{"id":409,"date":"2020-03-30T14:56:23","date_gmt":"2020-03-30T14:56:23","guid":{"rendered":"https:\/\/biovegen.org\/?page_id=409"},"modified":"2021-03-15T20:56:49","modified_gmt":"2021-03-15T20:56:49","slug":"documento-de-vision-biovegen","status":"publish","type":"page","link":"https:\/\/biovegen.org\/en\/actividades\/agenda-estrategica-de-innovacion\/documento-de-vision-biovegen\/","title":{"rendered":"BIOVEGEN Vision Document"},"content":{"rendered":"<h2 class=\"wp-block-heading\"><strong>Analysis of the agri-food sector and proposals for improvement in R&amp;D<\/strong><\/h2>\n\n\n\n<div class=\"wp-block-columns is-layout-flex wp-container-core-columns-is-layout-9d6595d7 wp-block-columns-is-layout-flex\">\n<div class=\"wp-block-column is-layout-flow wp-block-column-is-layout-flow\">\n<p>He&nbsp;<strong><a href=\"https:\/\/biovegen.org\/wp-content\/uploads\/2020\/04\/Documento_Vision_BIOVEGEN_2018.pdf\" target=\"_blank\" rel=\"noreferrer noopener\">\u00abBIOVEGEN Vision Document: analysis of the agri-food sector and proposals for improvement in R&amp;D\u201d<\/a><\/strong>&nbsp;Its objective is to carry out an analysis of the situation of the R&amp;D sector in plant production, the technological topics of greatest interest in plant biology and the improvement proposals to stimulate innovation in plant production in a more effective way.<\/p>\n<\/div>\n\n\n\n<div class=\"wp-block-column is-layout-flow wp-block-column-is-layout-flow\">\n<div class=\"wp-block-image\"><figure class=\"aligncenter size-large is-resized\"><a href=\"https:\/\/biovegen.org\/wp-content\/uploads\/2020\/04\/Documento_Vision_BIOVEGEN_2018.pdf\" target=\"_blank\" rel=\"noopener noreferrer\"><img fetchpriority=\"high\" decoding=\"async\" src=\"data:image\/gif;base64,R0lGODlhAQABAAAAACH5BAEKAAEALAAAAAABAAEAAAICTAEAOw==\" alt=\"\" class=\"wp-image-5010 lazyload\" width=\"214\" height=\"301\" sizes=\"(max-width: 214px) 100vw, 214px\" data-src=\"https:\/\/biovegen.org\/wp-content\/uploads\/2020\/05\/Portada_Documento_Vision_BIOVEGEN.jpg\" data-srcset=\"https:\/\/biovegen.org\/wp-content\/uploads\/2020\/05\/Portada_Documento_Vision_BIOVEGEN.jpg 427w, https:\/\/biovegen.org\/wp-content\/uploads\/2020\/05\/Portada_Documento_Vision_BIOVEGEN-213x300.jpg 213w\"><\/a><\/figure><\/div>\n<\/div>\n<\/div>\n\n\n\n<p>After the presentation of the first edition of the Document in 2017, BIOVEGEN has completed and enriched its content through the detailed analysis of documents and reports from the agri-food sector, the receipt of&nbsp;<em>inputs&nbsp;<\/em>and suggestions from the Platform partners, and the analysis of the themes and development of the project proposals mobilized by BIOVEGEN.<\/p>\n\n\n\n<p>Thus, the enriched version (2.0) of the BIOVEGEN Vision Document has been presented during the&nbsp;<strong>BIOVEGEN Colloquium \u00abTECHNOLOGY ATTRACTION: the agriculture of the future\u00bb<\/strong>, held on Wednesday, October 24, 2018 in the context of the international Fruit Attraction 2018 fair.<\/p>\n\n\n\n<p>The BIOVEGEN Vision Document aims to be a useful tool when it comes to contributing to the design of R&amp;D promotion tools adapted to the needs and characteristics of the agri-food sector, contributing to an improvement in the boundary conditions that make the relationship more effective. Science-Business-Administration, and thus stimulating the competitiveness of the Spanish agri-food sector through the incorporation of new technologies based on Plant Biology.<\/p>\n\n\n\n<hr class=\"wp-block-separator\"\/>\n\n\n\n<p>More information:<\/p>\n\n\n\n<figure class=\"wp-block-image size-large is-resized\"><a href=\"https:\/\/biovegen.org\/wp-content\/uploads\/2020\/04\/Documento_Vision_BIOVEGEN_2018.pdf\" target=\"_blank\" rel=\"noopener noreferrer\"><img decoding=\"async\" src=\"data:image\/gif;base64,R0lGODlhAQABAAAAACH5BAEKAAEALAAAAAABAAEAAAICTAEAOw==\" alt=\"\" class=\"wp-image-5010 lazyload\" width=\"282\" height=\"398\" sizes=\"(max-width: 282px) 100vw, 282px\" data-src=\"https:\/\/biovegen.org\/wp-content\/uploads\/2020\/05\/Portada_Documento_Vision_BIOVEGEN.jpg\" data-srcset=\"https:\/\/biovegen.org\/wp-content\/uploads\/2020\/05\/Portada_Documento_Vision_BIOVEGEN.jpg 427w, https:\/\/biovegen.org\/wp-content\/uploads\/2020\/05\/Portada_Documento_Vision_BIOVEGEN-213x300.jpg 213w\"><\/a><figcaption><em><a href=\"https:\/\/biovegen.org\/wp-content\/uploads\/2020\/04\/Documento_Vision_BIOVEGEN_2018.pdf\" target=\"_blank\" rel=\"noreferrer noopener\">BIOVEGEN 2018 Vision Document<\/a><\/em><\/figcaption><\/figure>","protected":false},"excerpt":{"rendered":"<p>An\u00e1lisis del sector agroalimentario y propuestas de mejora en I+D El&nbsp;\u00abDocumento de Visi\u00f3n BIOVEGEN: an\u00e1lisis del sector agroalimentario y propuestas de mejora en I+D\u201d&nbsp;tiene como objetivo realizar&nbsp;un an\u00e1lisis&nbsp;de la situaci\u00f3n del sector I+D en producci\u00f3n vegetal, de las tem\u00e1ticas tecnol\u00f3gicas de mayor inter\u00e9s en biolog\u00eda vegetal y de las propuestas de mejora para estimular la [&hellip;]<\/p>\n","protected":false},"author":1,"featured_media":0,"parent":400,"menu_order":2,"comment_status":"closed","ping_status":"closed","template":"","meta":{"_acf_changed":false,"inline_featured_image":false,"footnotes":""},"categories":[],"class_list":["post-409","page","type-page","status-publish","hentry"],"acf":[],"_links":{"self":[{"href":"https:\/\/biovegen.org\/en\/wp-json\/wp\/v2\/pages\/409","targetHints":{"allow":["GET"]}}],"collection":[{"href":"https:\/\/biovegen.org\/en\/wp-json\/wp\/v2\/pages"}],"about":[{"href":"https:\/\/biovegen.org\/en\/wp-json\/wp\/v2\/types\/page"}],"author":[{"embeddable":true,"href":"https:\/\/biovegen.org\/en\/wp-json\/wp\/v2\/users\/1"}],"replies":[{"embeddable":true,"href":"https:\/\/biovegen.org\/en\/wp-json\/wp\/v2\/comments?post=409"}],"version-history":[{"count":0,"href":"https:\/\/biovegen.org\/en\/wp-json\/wp\/v2\/pages\/409\/revisions"}],"up":[{"embeddable":true,"href":"https:\/\/biovegen.org\/en\/wp-json\/wp\/v2\/pages\/400"}],"wp:attachment":[{"href":"https:\/\/biovegen.org\/en\/wp-json\/wp\/v2\/media?parent=409"}],"wp:term":[{"taxonomy":"category","embeddable":true,"href":"https:\/\/biovegen.org\/en\/wp-json\/wp\/v2\/categories?post=409"}],"curies":[{"name":"wp","href":"https:\/\/api.w.org\/{rel}","templated":true}]}}