{"id":3971,"date":"2018-09-04T00:00:00","date_gmt":"2018-09-04T00:00:00","guid":{"rendered":"https:\/\/biovegen.org\/?page_id=3971"},"modified":"2020-05-12T07:32:06","modified_gmt":"2020-05-12T07:32:06","slug":"fruit-attraction-2018","status":"publish","type":"page","link":"https:\/\/biovegen.org\/en\/actividades\/eventos\/fruit-attraction\/fruit-attraction-2018\/","title":{"rendered":"FRUIT ATTRACTION 2018"},"content":{"rendered":"<h2 class=\"wp-block-heading\"><strong><span style=\"color:#5d8719\" class=\"has-inline-color\">Important presence of BIOVEGEN at Fruit Attraction 2018. October 23-25. Madrid<\/span><\/strong><\/h2>\n\n\n\n<p>Once again, BIOVEGEN had an important presence during the FRUIT ATTRACTION 2018 Fair, which was held at IFEMA in Madrid from October 23 to 25, 2018 in pavilions 3, 5, 6, 7, 8, 9 and 10. The Platform had a corporate stand and organized the Colloquium \u201cTECHNOLOGY ATTRACTION: agriculture of the future\u201d within the framework of the Fair.&nbsp;<\/p>\n\n\n\n<p>The&nbsp;<strong><a href=\"http:\/\/www.ifema.es\/fruitattraction_01\/\" target=\"_blank\" rel=\"noreferrer noopener\">International Fair of the Fruit and Vegetable Sector \u201cFruit Attraction\u201d<\/a><\/strong>&nbsp;It is an international reference event that brings together a large part of the producing, marketing and auxiliary industry in the field of horticultural and fruit production.<\/p>\n\n\n\n<div class=\"wp-block-image\"><figure class=\"aligncenter size-large\"><img fetchpriority=\"high\" decoding=\"async\" width=\"746\" height=\"161\" src=\"data:image\/gif;base64,R0lGODlhAQABAAAAACH5BAEKAAEALAAAAAABAAEAAAICTAEAOw==\" alt=\"\" class=\"wp-image-3976 lazyload\" sizes=\"(max-width: 746px) 100vw, 746px\" data-src=\"https:\/\/biovegen.org\/wp-content\/uploads\/2020\/05\/FA03.jpg\" data-srcset=\"https:\/\/biovegen.org\/wp-content\/uploads\/2020\/05\/FA03.jpg 746w, https:\/\/biovegen.org\/wp-content\/uploads\/2020\/05\/FA03-600x129.jpg 600w, https:\/\/biovegen.org\/wp-content\/uploads\/2020\/05\/FA03-300x65.jpg 300w\"><\/figure><\/div>\n\n\n\n<p>The event, which showcases technological developments and innovations related to the sector, was attended by more than 1,500 exhibiting companies and more than 70,000 professional participants from more than 100 countries in the 2017 edition.<\/p>\n\n\n\n<blockquote class=\"wp-block-quote is-layout-flow wp-block-quote-is-layout-flow\"><p><strong>Thus, BIOVEGEN was present carrying out the following actions:&nbsp;<\/strong><\/p><\/blockquote>\n\n\n\n<div style=\"height:25px\" aria-hidden=\"true\" class=\"wp-block-spacer\"><\/div>\n\n\n\n<h2 class=\"wp-block-heading\"><strong><span style=\"color:#5d8719\" class=\"has-inline-color\">BIOVEGEN Stand<\/span><\/strong><\/h2>\n\n\n\n<p>BIOVEGEN once again had a stand&nbsp;<strong>(Hall 6, stand 6A03)<\/strong>&nbsp;in which all the entities and interested parties who wanted to meet us were attended to. As a special service to partners, BIOVEGEN offered the possibility of using the stand in the following ways:<\/p>\n\n\n\n<div class=\"wp-block-image\"><figure class=\"aligncenter size-large\"><img decoding=\"async\" width=\"1005\" height=\"271\" src=\"data:image\/gif;base64,R0lGODlhAQABAAAAACH5BAEKAAEALAAAAAABAAEAAAICTAEAOw==\" alt=\"\" class=\"wp-image-3982 lazyload\" sizes=\"(max-width: 1005px) 100vw, 1005px\" data-src=\"https:\/\/biovegen.org\/wp-content\/uploads\/2020\/05\/Servicios-socios.jpg\" data-srcset=\"https:\/\/biovegen.org\/wp-content\/uploads\/2020\/05\/Servicios-socios.jpg 1005w, https:\/\/biovegen.org\/wp-content\/uploads\/2020\/05\/Servicios-socios-600x162.jpg 600w, https:\/\/biovegen.org\/wp-content\/uploads\/2020\/05\/Servicios-socios-300x81.jpg 300w, https:\/\/biovegen.org\/wp-content\/uploads\/2020\/05\/Servicios-socios-768x207.jpg 768w\"><\/figure><\/div>\n\n\n\n<div class=\"wp-block-image\"><figure class=\"aligncenter size-large\"><img decoding=\"async\" width=\"1024\" height=\"639\" src=\"data:image\/gif;base64,R0lGODlhAQABAAAAACH5BAEKAAEALAAAAAABAAEAAAICTAEAOw==\" alt=\"\" class=\"wp-image-4036 lazyload\" sizes=\"(max-width: 1024px) 100vw, 1024px\" data-src=\"https:\/\/biovegen.org\/wp-content\/uploads\/2020\/05\/Stand-BIOVEGEN-copia-1024x639.jpg\" data-srcset=\"https:\/\/biovegen.org\/wp-content\/uploads\/2020\/05\/Stand-BIOVEGEN-copia-1024x639.jpg 1024w, https:\/\/biovegen.org\/wp-content\/uploads\/2020\/05\/Stand-BIOVEGEN-copia-600x374.jpg 600w, https:\/\/biovegen.org\/wp-content\/uploads\/2020\/05\/Stand-BIOVEGEN-copia-300x187.jpg 300w, https:\/\/biovegen.org\/wp-content\/uploads\/2020\/05\/Stand-BIOVEGEN-copia-768x479.jpg 768w, https:\/\/biovegen.org\/wp-content\/uploads\/2020\/05\/Stand-BIOVEGEN-copia-1536x958.jpg 1536w, https:\/\/biovegen.org\/wp-content\/uploads\/2020\/05\/Stand-BIOVEGEN-copia.jpg 1600w\"><\/figure><\/div>\n\n\n\n<div style=\"height:50px\" aria-hidden=\"true\" class=\"wp-block-spacer\"><\/div>\n\n\n\n<h2 class=\"wp-block-heading\"><strong><span style=\"color:#5d8719\" class=\"has-inline-color\"><a href=\"https:\/\/biovegen.org\/otros\/la-jornada-technology-attraction-2018\/\" target=\"_blank\" rel=\"noreferrer noopener\">BIOVEGEN Colloquium \u00abTECHNOLOGY ATTRACTION: the agriculture of the future\u00bb<\/a><\/span><\/strong><\/h2>\n\n\n\n<div class=\"wp-block-image\"><figure class=\"aligncenter size-large\"><a href=\"https:\/\/biovegen.org\/otros\/la-jornada-technology-attraction-2018\/\" target=\"_blank\" rel=\"noopener noreferrer\"><img loading=\"lazy\" decoding=\"async\" width=\"1024\" height=\"293\" src=\"data:image\/gif;base64,R0lGODlhAQABAAAAACH5BAEKAAEALAAAAAABAAEAAAICTAEAOw==\" alt=\"\" class=\"wp-image-4041 lazyload\" sizes=\"(max-width: 1024px) 100vw, 1024px\" data-src=\"https:\/\/biovegen.org\/wp-content\/uploads\/2020\/05\/FA2018-2-1024x293.jpg\" data-srcset=\"https:\/\/biovegen.org\/wp-content\/uploads\/2020\/05\/FA2018-2-1024x293.jpg 1024w, https:\/\/biovegen.org\/wp-content\/uploads\/2020\/05\/FA2018-2-600x172.jpg 600w, https:\/\/biovegen.org\/wp-content\/uploads\/2020\/05\/FA2018-2-300x86.jpg 300w, https:\/\/biovegen.org\/wp-content\/uploads\/2020\/05\/FA2018-2-768x220.jpg 768w, https:\/\/biovegen.org\/wp-content\/uploads\/2020\/05\/FA2018-2.jpg 1284w\"><\/a><\/figure><\/div>\n\n\n\n<div style=\"height:50px\" aria-hidden=\"true\" class=\"wp-block-spacer\"><\/div>\n\n\n\n<h2 class=\"wp-block-heading\"><strong><span style=\"color:#5d8719\" class=\"has-inline-color\">BIOVEGEN Annual Assembly 2018<\/span> <\/strong><\/h2>\n\n\n\n<div class=\"wp-block-image\"><figure class=\"aligncenter size-large\"><img loading=\"lazy\" decoding=\"async\" width=\"1024\" height=\"550\" src=\"data:image\/gif;base64,R0lGODlhAQABAAAAACH5BAEKAAEALAAAAAABAAEAAAICTAEAOw==\" alt=\"\" class=\"wp-image-4039 lazyload\" sizes=\"(max-width: 1024px) 100vw, 1024px\" data-src=\"https:\/\/biovegen.org\/wp-content\/uploads\/2020\/05\/IMG_0004-1024x550.jpg\" data-srcset=\"https:\/\/biovegen.org\/wp-content\/uploads\/2020\/05\/IMG_0004-1024x550.jpg 1024w, https:\/\/biovegen.org\/wp-content\/uploads\/2020\/05\/IMG_0004-scaled-600x323.jpg 600w, https:\/\/biovegen.org\/wp-content\/uploads\/2020\/05\/IMG_0004-300x161.jpg 300w, https:\/\/biovegen.org\/wp-content\/uploads\/2020\/05\/IMG_0004-768x413.jpg 768w, https:\/\/biovegen.org\/wp-content\/uploads\/2020\/05\/IMG_0004-1536x826.jpg 1536w, https:\/\/biovegen.org\/wp-content\/uploads\/2020\/05\/IMG_0004-2048x1101.jpg 2048w\"><\/figure><\/div>","protected":false},"excerpt":{"rendered":"<p>Importante presencia de BIOVEGEN en Fruit Attraction 2018. 23-25 de octubre. Madrid Un a\u00f1o m\u00e1s BIOVEGEN cont\u00f3&nbsp;de nuevo con una importante presencia durante la&nbsp;Feria FRUIT ATTRACTION 2018,&nbsp;que se celebr\u00f3 en el IFEMA de Madrid del 23&nbsp;al 25&nbsp;de octubre de 2018&nbsp;en los pabellones 3, 5, 6, 7, 8, 9 y 10. La Plataforma cont\u00f3&nbsp;con un stand [&hellip;]<\/p>\n","protected":false},"author":1,"featured_media":0,"parent":309,"menu_order":4,"comment_status":"closed","ping_status":"closed","template":"","meta":{"_acf_changed":false,"inline_featured_image":false,"footnotes":""},"categories":[],"class_list":["post-3971","page","type-page","status-publish","hentry"],"acf":[],"_links":{"self":[{"href":"https:\/\/biovegen.org\/en\/wp-json\/wp\/v2\/pages\/3971","targetHints":{"allow":["GET"]}}],"collection":[{"href":"https:\/\/biovegen.org\/en\/wp-json\/wp\/v2\/pages"}],"about":[{"href":"https:\/\/biovegen.org\/en\/wp-json\/wp\/v2\/types\/page"}],"author":[{"embeddable":true,"href":"https:\/\/biovegen.org\/en\/wp-json\/wp\/v2\/users\/1"}],"replies":[{"embeddable":true,"href":"https:\/\/biovegen.org\/en\/wp-json\/wp\/v2\/comments?post=3971"}],"version-history":[{"count":0,"href":"https:\/\/biovegen.org\/en\/wp-json\/wp\/v2\/pages\/3971\/revisions"}],"up":[{"embeddable":true,"href":"https:\/\/biovegen.org\/en\/wp-json\/wp\/v2\/pages\/309"}],"wp:attachment":[{"href":"https:\/\/biovegen.org\/en\/wp-json\/wp\/v2\/media?parent=3971"}],"wp:term":[{"taxonomy":"category","embeddable":true,"href":"https:\/\/biovegen.org\/en\/wp-json\/wp\/v2\/categories?post=3971"}],"curies":[{"name":"wp","href":"https:\/\/api.w.org\/{rel}","templated":true}]}}