{"id":3918,"date":"2015-09-01T00:00:00","date_gmt":"2015-09-01T00:00:00","guid":{"rendered":"https:\/\/biovegen.org\/?page_id=3918"},"modified":"2020-05-12T07:31:00","modified_gmt":"2020-05-12T07:31:00","slug":"fruit-attraction-2015","status":"publish","type":"page","link":"https:\/\/biovegen.org\/en\/actividades\/eventos\/fruit-attraction\/fruit-attraction-2015\/","title":{"rendered":"FRUIT ATTRACTION 2015"},"content":{"rendered":"<h2 class=\"wp-block-heading\"><strong><span style=\"color:#5d8719\" class=\"has-inline-color\">Important presence of BIOVEGEN at Fruit Attraction 2015. October 28-30. Madrid<\/span><\/strong><\/h2>\n\n\n\n<p>BIOVEGEN had an important presence during the FRUIT ATTRACTION 2015 Fair, which was held at the IFEMA in Madrid from October 28 to 30, 2015 in pavilions 7, 8, 9 and 10. The Platform had a corporate stand, organized the Conference \u201cInnovation and economic impact of plant varieties\u201d and held its annual Assembly within the framework of the Fair.&nbsp;<\/p>\n\n\n\n<p>The&nbsp;<strong><a href=\"http:\/\/www.ifema.es\/fruitattraction_01\/\" target=\"_blank\" rel=\"noreferrer noopener\">International Fair of the Fruit and Vegetable Sector \u201cFruit Attraction\u201d<\/a>&nbsp;<\/strong>It is an international reference event that brings together a large part of the producing, marketing and auxiliary industry in the field of horticultural and fruit production.<\/p>\n\n\n\n<div class=\"wp-block-image\"><figure class=\"aligncenter size-large\"><img fetchpriority=\"high\" decoding=\"async\" width=\"746\" height=\"161\" src=\"data:image\/gif;base64,R0lGODlhAQABAAAAACH5BAEKAAEALAAAAAABAAEAAAICTAEAOw==\" alt=\"\" class=\"wp-image-3976 lazyload\" sizes=\"(max-width: 746px) 100vw, 746px\" data-src=\"https:\/\/biovegen.org\/wp-content\/uploads\/2020\/05\/FA03.jpg\" data-srcset=\"https:\/\/biovegen.org\/wp-content\/uploads\/2020\/05\/FA03.jpg 746w, https:\/\/biovegen.org\/wp-content\/uploads\/2020\/05\/FA03-600x129.jpg 600w, https:\/\/biovegen.org\/wp-content\/uploads\/2020\/05\/FA03-300x65.jpg 300w\"><\/figure><\/div>\n\n\n\n<p>The event, in which technological developments and innovations related to the sector are shown, had in the 2015 edition the presence of 1,028 exhibiting companies (49,367 professional participants from 100 countries) and an increase of 22% of contracted space.&nbsp;<\/p>\n\n\n\n<blockquote class=\"wp-block-quote is-layout-flow wp-block-quote-is-layout-flow\"><p><strong>Thus, BIOVEGEN was present carrying out the following actions:&nbsp;<\/strong><\/p><\/blockquote>\n\n\n\n<div style=\"height:25px\" aria-hidden=\"true\" class=\"wp-block-spacer\"><\/div>\n\n\n\n<h2 class=\"wp-block-heading\"><strong><span style=\"color:#5d8719\" class=\"has-inline-color\">BIOVEGEN Stand<\/span><\/strong><\/h2>\n\n\n\n<p>BIOVEGEN had a stand (<strong>Hall 9, stand 9F10B<\/strong>) in which all entities and interested in learning about the Platform were attended to. As a special service to partners, BIOVEGEN offered the possibility of using the stand in the following ways:<\/p>\n\n\n\n<div class=\"wp-block-image\"><figure class=\"aligncenter size-large\"><img decoding=\"async\" width=\"1005\" height=\"271\" src=\"data:image\/gif;base64,R0lGODlhAQABAAAAACH5BAEKAAEALAAAAAABAAEAAAICTAEAOw==\" alt=\"\" class=\"wp-image-3982 lazyload\" sizes=\"(max-width: 1005px) 100vw, 1005px\" data-src=\"https:\/\/biovegen.org\/wp-content\/uploads\/2020\/05\/Servicios-socios.jpg\" data-srcset=\"https:\/\/biovegen.org\/wp-content\/uploads\/2020\/05\/Servicios-socios.jpg 1005w, https:\/\/biovegen.org\/wp-content\/uploads\/2020\/05\/Servicios-socios-600x162.jpg 600w, https:\/\/biovegen.org\/wp-content\/uploads\/2020\/05\/Servicios-socios-300x81.jpg 300w, https:\/\/biovegen.org\/wp-content\/uploads\/2020\/05\/Servicios-socios-768x207.jpg 768w\"><\/figure><\/div>\n\n\n\n<div class=\"wp-block-image\"><figure class=\"aligncenter size-large\"><img decoding=\"async\" width=\"1024\" height=\"548\" src=\"data:image\/gif;base64,R0lGODlhAQABAAAAACH5BAEKAAEALAAAAAABAAEAAAICTAEAOw==\" alt=\"\" class=\"wp-image-4005 lazyload\" sizes=\"(max-width: 1024px) 100vw, 1024px\" data-src=\"https:\/\/biovegen.org\/wp-content\/uploads\/2020\/05\/IMG-20151029-WA0004-1-1024x548.jpg\" data-srcset=\"https:\/\/biovegen.org\/wp-content\/uploads\/2020\/05\/IMG-20151029-WA0004-1-1024x548.jpg 1024w, https:\/\/biovegen.org\/wp-content\/uploads\/2020\/05\/IMG-20151029-WA0004-1-600x321.jpg 600w, https:\/\/biovegen.org\/wp-content\/uploads\/2020\/05\/IMG-20151029-WA0004-1-300x161.jpg 300w, https:\/\/biovegen.org\/wp-content\/uploads\/2020\/05\/IMG-20151029-WA0004-1-768x411.jpg 768w, https:\/\/biovegen.org\/wp-content\/uploads\/2020\/05\/IMG-20151029-WA0004-1-1536x822.jpg 1536w, https:\/\/biovegen.org\/wp-content\/uploads\/2020\/05\/IMG-20151029-WA0004-1.jpg 1600w\"><\/figure><\/div>\n\n\n\n<div style=\"height:50px\" aria-hidden=\"true\" class=\"wp-block-spacer\"><\/div>\n\n\n\n<h2 class=\"wp-block-heading\"><strong><span style=\"color:#5d8719\" class=\"has-inline-color\"><a href=\"https:\/\/biovegen.org\/otros\/4314\/\" target=\"_blank\" rel=\"noreferrer noopener\">Conference \u201cInnovation and economic impact of plant varieties\u201d<\/a><\/span><\/strong><\/h2>\n\n\n\n<div class=\"wp-block-image\"><figure class=\"aligncenter size-large\"><a href=\"https:\/\/biovegen.org\/otros\/4314\/\" target=\"_blank\" rel=\"noopener noreferrer\"><img loading=\"lazy\" decoding=\"async\" width=\"784\" height=\"387\" src=\"data:image\/gif;base64,R0lGODlhAQABAAAAACH5BAEKAAEALAAAAAABAAEAAAICTAEAOw==\" alt=\"\" class=\"wp-image-4014 lazyload\" sizes=\"(max-width: 784px) 100vw, 784px\" data-src=\"https:\/\/biovegen.org\/wp-content\/uploads\/2020\/05\/Foto-jornada-ponentes-juntos-1.jpg\" data-srcset=\"https:\/\/biovegen.org\/wp-content\/uploads\/2020\/05\/Foto-jornada-ponentes-juntos-1.jpg 784w, https:\/\/biovegen.org\/wp-content\/uploads\/2020\/05\/Foto-jornada-ponentes-juntos-1-600x296.jpg 600w, https:\/\/biovegen.org\/wp-content\/uploads\/2020\/05\/Foto-jornada-ponentes-juntos-1-300x148.jpg 300w, https:\/\/biovegen.org\/wp-content\/uploads\/2020\/05\/Foto-jornada-ponentes-juntos-1-768x379.jpg 768w\"><\/a><\/figure><\/div>\n\n\n\n<div style=\"height:50px\" aria-hidden=\"true\" class=\"wp-block-spacer\"><\/div>\n\n\n\n<h2 class=\"wp-block-heading\"><strong><span style=\"color:#5d8719\" class=\"has-inline-color\">BIOVEGEN Annual Assembly 2015<\/span> <\/strong><\/h2>\n\n\n\n<div class=\"wp-block-image\"><figure class=\"aligncenter size-large\"><img loading=\"lazy\" decoding=\"async\" width=\"1024\" height=\"469\" src=\"data:image\/gif;base64,R0lGODlhAQABAAAAACH5BAEKAAEALAAAAAABAAEAAAICTAEAOw==\" alt=\"\" class=\"wp-image-4016 lazyload\" sizes=\"(max-width: 1024px) 100vw, 1024px\" data-src=\"https:\/\/biovegen.org\/wp-content\/uploads\/2020\/05\/20151029_174537-2-1024x469.jpg\" data-srcset=\"https:\/\/biovegen.org\/wp-content\/uploads\/2020\/05\/20151029_174537-2-1024x469.jpg 1024w, https:\/\/biovegen.org\/wp-content\/uploads\/2020\/05\/20151029_174537-2-600x275.jpg 600w, https:\/\/biovegen.org\/wp-content\/uploads\/2020\/05\/20151029_174537-2-300x137.jpg 300w, https:\/\/biovegen.org\/wp-content\/uploads\/2020\/05\/20151029_174537-2-768x352.jpg 768w, https:\/\/biovegen.org\/wp-content\/uploads\/2020\/05\/20151029_174537-2-1536x703.jpg 1536w, https:\/\/biovegen.org\/wp-content\/uploads\/2020\/05\/20151029_174537-2-2048x938.jpg 2048w\"><\/figure><\/div>\n\n\n\n<p><\/p>","protected":false},"excerpt":{"rendered":"<p>Importante presencia de BIOVEGEN en Fruit Attraction 2015. 28-30 de octubre. Madrid BIOVEGEN cont\u00f3&nbsp;con una importante presencia durante la Feria FRUIT ATTRACTION 2015, que se celebr\u00f3&nbsp;en el IFEMA de Madrid del 28 al 30 de octubre de 2015 en los pabellones 7, 8, 9 y 10. La Plataforma cont\u00f3&nbsp;con un stand corporativo, organiz\u00f3&nbsp;la Jornada \u201cInnovaci\u00f3n [&hellip;]<\/p>\n","protected":false},"author":1,"featured_media":0,"parent":309,"menu_order":1,"comment_status":"closed","ping_status":"closed","template":"","meta":{"_acf_changed":false,"inline_featured_image":false,"footnotes":""},"categories":[],"class_list":["post-3918","page","type-page","status-publish","hentry"],"acf":[],"_links":{"self":[{"href":"https:\/\/biovegen.org\/en\/wp-json\/wp\/v2\/pages\/3918","targetHints":{"allow":["GET"]}}],"collection":[{"href":"https:\/\/biovegen.org\/en\/wp-json\/wp\/v2\/pages"}],"about":[{"href":"https:\/\/biovegen.org\/en\/wp-json\/wp\/v2\/types\/page"}],"author":[{"embeddable":true,"href":"https:\/\/biovegen.org\/en\/wp-json\/wp\/v2\/users\/1"}],"replies":[{"embeddable":true,"href":"https:\/\/biovegen.org\/en\/wp-json\/wp\/v2\/comments?post=3918"}],"version-history":[{"count":0,"href":"https:\/\/biovegen.org\/en\/wp-json\/wp\/v2\/pages\/3918\/revisions"}],"up":[{"embeddable":true,"href":"https:\/\/biovegen.org\/en\/wp-json\/wp\/v2\/pages\/309"}],"wp:attachment":[{"href":"https:\/\/biovegen.org\/en\/wp-json\/wp\/v2\/media?parent=3918"}],"wp:term":[{"taxonomy":"category","embeddable":true,"href":"https:\/\/biovegen.org\/en\/wp-json\/wp\/v2\/categories?post=3918"}],"curies":[{"name":"wp","href":"https:\/\/api.w.org\/{rel}","templated":true}]}}