{"id":322,"date":"2020-03-19T12:24:25","date_gmt":"2020-03-19T12:24:25","guid":{"rendered":"https:\/\/biovegen.org\/?page_id=322"},"modified":"2020-06-03T10:02:26","modified_gmt":"2020-06-03T10:02:26","slug":"biovegen-consultoria","status":"publish","type":"page","link":"https:\/\/biovegen.org\/en\/actividades\/colaboraciones\/biovegen-consultoria\/","title":{"rendered":"Consulting services"},"content":{"rendered":"<div class=\"wp-block-image\"><figure class=\"aligncenter size-large is-resized\"><img decoding=\"async\" src=\"data:image\/gif;base64,R0lGODlhAQABAAAAACH5BAEKAAEALAAAAAABAAEAAAICTAEAOw==\" alt=\"\" class=\"wp-image-4358 lazyload\" width=\"248\" height=\"124\" sizes=\"(max-width: 248px) 100vw, 248px\" data-src=\"https:\/\/biovegen.org\/wp-content\/uploads\/2008\/07\/Logo-BIOVEGEN-1.jpg\" data-srcset=\"https:\/\/biovegen.org\/wp-content\/uploads\/2008\/07\/Logo-BIOVEGEN-1.jpg 342w, https:\/\/biovegen.org\/wp-content\/uploads\/2008\/07\/Logo-BIOVEGEN-1-300x150.jpg 300w\"><\/figure><\/div>\n\n\n\n<div style=\"height:25px\" aria-hidden=\"true\" class=\"wp-block-spacer\"><\/div>\n\n\n\n<p>BIOVEGEN maintains collaboration agreements with different consulting firms to facilitate the innovation activities of the Platform partners by offering special conditions and tailored services. These services include:<\/p>\n\n\n\n<ul class=\"wp-block-list\"><li>Tax Deductions for R&amp;D&amp;i \/ Environment<\/li><li>Valuation of Intangible Assets<\/li><li>Technology Transfer Consulting<\/li><li>Investment management or aid for R&amp;D&amp;I and energy efficiency<\/li><li>Management of international consortia<\/li><\/ul>","protected":false},"excerpt":{"rendered":"<p>BIOVEGEN mantiene acuerdos de colaboraci\u00f3n con diferentes consultoras para facilitar las actividades de innovaci\u00f3n de los socios de la Plataforma ofreciendo condiciones especiales y servicios a medida. Estos servicios incluyen: Deducciones Fiscales por I+D+i \/ Medio Ambiente Valorizaci\u00f3n de Activos Intangibles Consultor\u00eda de Transferencia Tecnol\u00f3gica Gesti\u00f3n de inversiones o ayudas a la I+D+i y eficiencia [&hellip;]<\/p>\n","protected":false},"author":1,"featured_media":0,"parent":413,"menu_order":5,"comment_status":"closed","ping_status":"closed","template":"","meta":{"_acf_changed":false,"inline_featured_image":false,"footnotes":""},"categories":[],"class_list":["post-322","page","type-page","status-publish","hentry"],"acf":[],"_links":{"self":[{"href":"https:\/\/biovegen.org\/en\/wp-json\/wp\/v2\/pages\/322","targetHints":{"allow":["GET"]}}],"collection":[{"href":"https:\/\/biovegen.org\/en\/wp-json\/wp\/v2\/pages"}],"about":[{"href":"https:\/\/biovegen.org\/en\/wp-json\/wp\/v2\/types\/page"}],"author":[{"embeddable":true,"href":"https:\/\/biovegen.org\/en\/wp-json\/wp\/v2\/users\/1"}],"replies":[{"embeddable":true,"href":"https:\/\/biovegen.org\/en\/wp-json\/wp\/v2\/comments?post=322"}],"version-history":[{"count":0,"href":"https:\/\/biovegen.org\/en\/wp-json\/wp\/v2\/pages\/322\/revisions"}],"up":[{"embeddable":true,"href":"https:\/\/biovegen.org\/en\/wp-json\/wp\/v2\/pages\/413"}],"wp:attachment":[{"href":"https:\/\/biovegen.org\/en\/wp-json\/wp\/v2\/media?parent=322"}],"wp:term":[{"taxonomy":"category","embeddable":true,"href":"https:\/\/biovegen.org\/en\/wp-json\/wp\/v2\/categories?post=322"}],"curies":[{"name":"wp","href":"https:\/\/api.w.org\/{rel}","templated":true}]}}