{"id":319,"date":"2020-03-19T12:23:39","date_gmt":"2020-03-19T12:23:39","guid":{"rendered":"https:\/\/biovegen.org\/?page_id=319"},"modified":"2020-04-27T17:38:47","modified_gmt":"2020-04-27T17:38:47","slug":"biovegen-cdti-red-pidi","status":"publish","type":"page","link":"https:\/\/biovegen.org\/en\/actividades\/colaboraciones\/biovegen-cdti-red-pidi\/","title":{"rendered":"BIOVEGEN-CDTI: pIDi Network"},"content":{"rendered":"<div class=\"wp-block-image\"><figure class=\"aligncenter size-large\"><img fetchpriority=\"high\" decoding=\"async\" width=\"465\" height=\"142\" src=\"data:image\/gif;base64,R0lGODlhAQABAAAAACH5BAEKAAEALAAAAAABAAEAAAICTAEAOw==\" alt=\"\" class=\"wp-image-934 lazyload\" sizes=\"(max-width: 465px) 100vw, 465px\" data-src=\"https:\/\/biovegen.org\/wp-content\/uploads\/2020\/04\/RedPIDI.jpg\" data-srcset=\"https:\/\/biovegen.org\/wp-content\/uploads\/2020\/04\/RedPIDI.jpg 465w, https:\/\/biovegen.org\/wp-content\/uploads\/2020\/04\/RedPIDI-300x92.jpg 300w\"><\/figure><\/div>\n\n\n\n<p>BIOVEGEN has signed a Collaboration Agreement with the&nbsp;<strong><a href=\"https:\/\/www.cdti.es\/\" target=\"_blank\" rel=\"noreferrer noopener\">CDTI (Center for Industrial Technological Development)<\/a><\/strong>, by which BIOVEGEN becomes part of the pI+D+i Network, the Network of Information Points on R+D+i.<\/p>\n\n\n\n<div style=\"height:25px\" aria-hidden=\"true\" class=\"wp-block-spacer\"><\/div>\n\n\n\n<h2 class=\"wp-block-heading\"><strong>What is the pI+D+i Network?\u00a0<\/strong><\/h2>\n\n\n\n<p>It is a public information service and&nbsp;<strong>advice&nbsp;<\/strong>personalized on instruments&nbsp;<strong>R&amp;D&amp;I financing<\/strong>&nbsp;at regional, national and international levels.<\/p>\n\n\n\n<div style=\"height:25px\" aria-hidden=\"true\" class=\"wp-block-spacer\"><\/div>\n\n\n\n<h2 class=\"wp-block-heading\"><strong>Who can benefit from your services?<\/strong><\/h2>\n\n\n\n<p><strong>Companies and entrepreneurs<\/strong>&nbsp;who are addressing or will address an R&amp;D&amp;i activity and require specialized support to identify the financing mechanisms that best adapt to their needs<\/p>\n\n\n\n<div style=\"height:25px\" aria-hidden=\"true\" class=\"wp-block-spacer\"><\/div>\n\n\n\n<h2 class=\"wp-block-heading\"><strong>How is this service used?<\/strong><\/h2>\n\n\n\n<p>If you are a company or an entrepreneur with innovative ideas and want to know how to obtain public financing for your project, please&nbsp;<strong>fill out the following form<\/strong>:<\/p>\n\n\n\n<div class=\"wp-block-image\"><figure class=\"aligncenter size-large\"><a href=\"http:\/\/www.cdti.es\/index.asp?MP=8&amp;MS=777&amp;MN=2&amp;r=1920*1200\" target=\"_blank\" rel=\"noopener noreferrer\"><img decoding=\"async\" width=\"468\" height=\"60\" src=\"data:image\/gif;base64,R0lGODlhAQABAAAAACH5BAEKAAEALAAAAAABAAEAAAICTAEAOw==\" alt=\"\" class=\"wp-image-935 lazyload\" sizes=\"(max-width: 468px) 100vw, 468px\" data-src=\"https:\/\/biovegen.org\/wp-content\/uploads\/2020\/04\/RedPIDI02.jpg\" data-srcset=\"https:\/\/biovegen.org\/wp-content\/uploads\/2020\/04\/RedPIDI02.jpg 468w, https:\/\/biovegen.org\/wp-content\/uploads\/2020\/04\/RedPIDI02-300x38.jpg 300w\"><\/a><\/figure><\/div>","protected":false},"excerpt":{"rendered":"<p>BIOVEGEN ha firmado un Convenio de Colaboraci\u00f3n con el&nbsp;CDTI&nbsp;(Centro para el Desarrollo Tecnol\u00f3gico Industrial), por el cual BIOVEGEN pasa a formar parte de la Red pI+D+i, la Red de Puntos de Informaci\u00f3n sobre I+D+i. \u00bfQu\u00e9 es la Red pI+D+i?\u00a0 Es un servicio p\u00fablico de&nbsp;informaci\u00f3n y&nbsp;asesoramiento&nbsp;personalizado sobre los instrumentos de&nbsp;financiaci\u00f3n a la I+D+i&nbsp;a nivel regional, nacional [&hellip;]<\/p>\n","protected":false},"author":1,"featured_media":0,"parent":413,"menu_order":3,"comment_status":"closed","ping_status":"closed","template":"","meta":{"_acf_changed":false,"inline_featured_image":false,"footnotes":""},"categories":[],"class_list":["post-319","page","type-page","status-publish","hentry"],"acf":[],"_links":{"self":[{"href":"https:\/\/biovegen.org\/en\/wp-json\/wp\/v2\/pages\/319","targetHints":{"allow":["GET"]}}],"collection":[{"href":"https:\/\/biovegen.org\/en\/wp-json\/wp\/v2\/pages"}],"about":[{"href":"https:\/\/biovegen.org\/en\/wp-json\/wp\/v2\/types\/page"}],"author":[{"embeddable":true,"href":"https:\/\/biovegen.org\/en\/wp-json\/wp\/v2\/users\/1"}],"replies":[{"embeddable":true,"href":"https:\/\/biovegen.org\/en\/wp-json\/wp\/v2\/comments?post=319"}],"version-history":[{"count":0,"href":"https:\/\/biovegen.org\/en\/wp-json\/wp\/v2\/pages\/319\/revisions"}],"up":[{"embeddable":true,"href":"https:\/\/biovegen.org\/en\/wp-json\/wp\/v2\/pages\/413"}],"wp:attachment":[{"href":"https:\/\/biovegen.org\/en\/wp-json\/wp\/v2\/media?parent=319"}],"wp:term":[{"taxonomy":"category","embeddable":true,"href":"https:\/\/biovegen.org\/en\/wp-json\/wp\/v2\/categories?post=319"}],"curies":[{"name":"wp","href":"https:\/\/api.w.org\/{rel}","templated":true}]}}