{"id":315,"date":"2020-03-19T12:22:43","date_gmt":"2020-03-19T12:22:43","guid":{"rendered":"https:\/\/biovegen.org\/?page_id=315"},"modified":"2020-05-21T17:40:24","modified_gmt":"2020-05-21T17:40:24","slug":"oficina-espanola-de-patentes-y-marcas-opem","status":"publish","type":"page","link":"https:\/\/biovegen.org\/en\/actividades\/colaboraciones\/oficina-espanola-de-patentes-y-marcas-opem\/","title":{"rendered":"BIOVEGEN-OEPM: Technological alerts"},"content":{"rendered":"<div class=\"wp-block-image\"><figure class=\"aligncenter size-large\"><img fetchpriority=\"high\" decoding=\"async\" width=\"551\" height=\"97\" src=\"data:image\/gif;base64,R0lGODlhAQABAAAAACH5BAEKAAEALAAAAAABAAEAAAICTAEAOw==\" alt=\"OEPM\" class=\"wp-image-937 lazyload\" sizes=\"(max-width: 551px) 100vw, 551px\" data-src=\"https:\/\/biovegen.org\/wp-content\/uploads\/2020\/04\/OEPM.jpg\" data-srcset=\"https:\/\/biovegen.org\/wp-content\/uploads\/2020\/04\/OEPM.jpg 551w, https:\/\/biovegen.org\/wp-content\/uploads\/2020\/04\/OEPM-300x53.jpg 300w\"><\/figure><\/div>\n\n\n\n<p>BIOVEGEN, within its framework of collaboration with the&nbsp;<a href=\"http:\/\/www.oepm.es\/es\/index.html\" target=\"_blank\" rel=\"noreferrer noopener\"><strong>Spanish Patent and Trademark Office (OEPM)<\/strong><\/a>, includes on its website the&nbsp;<a href=\"http:\/\/www.oepm.es\/es\/informacion_tecnologica\/informacion_gratuita\/Alertas_Tecnologicas\/\" target=\"_blank\" rel=\"noreferrer noopener\"><strong>information service on Technological Alerts<\/strong><\/a>&nbsp;of the OEPM.<\/p>\n\n\n\n<ul class=\"wp-block-list\"><li><strong>What are the OEPM Technology Alerts?<\/strong><ul><li>They are a service&nbsp;<strong>gratuitous&nbsp;<\/strong>Information (surveillance) Technological<\/li><li>They provide up-to-date information on the&nbsp;<strong>most recent patents&nbsp;<\/strong>that are being published in the world in relation to a specific technical topic:<ul><li>Your bibliographic data and most relevant image<\/li><li>Direct access to the patent<\/li><li>The list of patents can be&nbsp;<strong>export&nbsp;<\/strong>to a pdf<\/li><\/ul><\/li><\/ul><\/li><\/ul>\n\n\n\n<p>The OEPM has launched a new Technology Alert on\u00a0<em><strong>Biocides and plant growth regulators of biological origin<\/strong><\/em>:<\/p>\n\n\n\n<p><\/p>\n\n\n\n<p><\/p>\n\n\n\n<iframe style=\"border: 1px solid #ddd;\" src=\"about:blank\" width=\"100%\" height=\"250\" frameborder=\"0\" scrolling=\"no\" align=\"middle\" class=\"lazyload\" data-src=\"\/\/www.oepm.es\/es\/informacion_tecnologica\/informacion_gratuita\/Alertas_Tecnologicas\/widget.html?atid=100\"><\/iframe>","protected":false},"excerpt":{"rendered":"<p>BIOVEGEN, dentro de su marco de colaboraci\u00f3n con la&nbsp;Oficina Espa\u00f1ola de Patentes y Marcas&nbsp;(OEPM), incluye en su p\u00e1gina web el&nbsp;servicio de informaci\u00f3n sobre Alertas Tecnol\u00f3gicas&nbsp;de la OEPM. \u00bfQu\u00e9 son las Alertas Tecnol\u00f3gicas de la OEPM? Son un servicio&nbsp;gratuito&nbsp;de Informaci\u00f3n (vigilancia) Tecnol\u00f3gica Proporcionan informaci\u00f3n actualizada sobre las&nbsp;patentes m\u00e1s recientes&nbsp;que se est\u00e1n publicando en el mundo en [&hellip;]<\/p>\n","protected":false},"author":1,"featured_media":0,"parent":413,"menu_order":4,"comment_status":"closed","ping_status":"closed","template":"","meta":{"_acf_changed":false,"inline_featured_image":false,"footnotes":""},"categories":[],"class_list":["post-315","page","type-page","status-publish","hentry"],"acf":[],"_links":{"self":[{"href":"https:\/\/biovegen.org\/en\/wp-json\/wp\/v2\/pages\/315","targetHints":{"allow":["GET"]}}],"collection":[{"href":"https:\/\/biovegen.org\/en\/wp-json\/wp\/v2\/pages"}],"about":[{"href":"https:\/\/biovegen.org\/en\/wp-json\/wp\/v2\/types\/page"}],"author":[{"embeddable":true,"href":"https:\/\/biovegen.org\/en\/wp-json\/wp\/v2\/users\/1"}],"replies":[{"embeddable":true,"href":"https:\/\/biovegen.org\/en\/wp-json\/wp\/v2\/comments?post=315"}],"version-history":[{"count":0,"href":"https:\/\/biovegen.org\/en\/wp-json\/wp\/v2\/pages\/315\/revisions"}],"up":[{"embeddable":true,"href":"https:\/\/biovegen.org\/en\/wp-json\/wp\/v2\/pages\/413"}],"wp:attachment":[{"href":"https:\/\/biovegen.org\/en\/wp-json\/wp\/v2\/media?parent=315"}],"wp:term":[{"taxonomy":"category","embeddable":true,"href":"https:\/\/biovegen.org\/en\/wp-json\/wp\/v2\/categories?post=315"}],"curies":[{"name":"wp","href":"https:\/\/api.w.org\/{rel}","templated":true}]}}