{"id":309,"date":"2020-03-19T12:20:56","date_gmt":"2020-03-19T12:20:56","guid":{"rendered":"https:\/\/biovegen.org\/?page_id=309"},"modified":"2026-02-02T17:29:58","modified_gmt":"2026-02-02T16:29:58","slug":"fruit-attraction","status":"publish","type":"page","link":"https:\/\/biovegen.org\/en\/actividades\/eventos\/fruit-attraction\/","title":{"rendered":"FRUIT ATTRACTION"},"content":{"rendered":"<div class=\"wp-block-columns is-layout-flex wp-container-core-columns-is-layout-9d6595d7 wp-block-columns-is-layout-flex\">\n<div class=\"wp-block-column is-layout-flow wp-block-column-is-layout-flow\" style=\"flex-basis:66.66%\">\n<p>The&nbsp;<strong><a rel=\"noreferrer noopener\" href=\"http:\/\/www.ifema.es\/fruitattraction_01\/\" target=\"_blank\">International Fair of the Fruit and Vegetable Sector \u201cFruit Attraction\u201d <\/a><\/strong>It is an international reference event that brings together a large part of the producing, marketing and auxiliary industry in the field of horticultural and fruit production.<\/p>\n<\/div>\n\n\n\n<div class=\"wp-block-column is-layout-flow wp-block-column-is-layout-flow\" style=\"flex-basis:33.33%\">\n<figure class=\"wp-block-image size-full\"><img fetchpriority=\"high\" decoding=\"async\" width=\"512\" height=\"288\" src=\"data:image\/gif;base64,R0lGODlhAQABAAAAACH5BAEKAAEALAAAAAABAAEAAAICTAEAOw==\" alt=\"\" class=\"wp-image-3908 lazyload\" sizes=\"(max-width: 512px) 100vw, 512px\" data-src=\"https:\/\/biovegen.org\/wp-content\/uploads\/2020\/05\/FA.jpg\" data-srcset=\"https:\/\/biovegen.org\/wp-content\/uploads\/2020\/05\/FA.jpg 512w, https:\/\/biovegen.org\/wp-content\/uploads\/2020\/05\/FA-300x169.jpg 300w\"><\/figure>\n<\/div>\n<\/div>\n\n\n\n<h2 class=\"wp-block-heading\"><strong>DATA SHEET<\/strong><\/h2>\n\n\n\n<ul class=\"wp-block-list\">\n<li><strong>Name:<\/strong>&nbsp;International Fair of the Fruit and Vegetable Sector&nbsp;<\/li>\n\n\n\n<li><strong>Organizers:<\/strong>&nbsp;<a rel=\"noreferrer noopener\" href=\"http:\/\/www.ifema.es\/Institucional_01\/\" target=\"_blank\"><strong>IFEMA&nbsp;<\/strong><\/a>and&nbsp;<a rel=\"noreferrer noopener\" href=\"http:\/\/www.fepex.es\/inicio.aspx\" target=\"_blank\"><strong>FEPEX<\/strong><\/a><\/li>\n\n\n\n<li><strong>Date:<\/strong>&nbsp;October<\/li>\n\n\n\n<li><strong>Editions:<\/strong>\u00a017 <em>(until 2025)<\/em><\/li>\n\n\n\n<li><strong>Place:&nbsp;<\/strong>IFEMA \u2013 MADRID FAIR. Avenida del Parthenon 5 (28042) Madrid&nbsp;<\/li>\n<\/ul>\n\n\n\n<div style=\"height:25px\" aria-hidden=\"true\" class=\"wp-block-spacer\"><\/div>\n\n\n\n<h2 class=\"wp-block-heading\"><strong>THE FAIR IN FIGURES<\/strong><\/h2>\n\n\n<div class=\"wp-block-image\">\n<figure class=\"aligncenter size-large is-resized\"><img decoding=\"async\" width=\"1024\" height=\"183\" src=\"data:image\/gif;base64,R0lGODlhAQABAAAAACH5BAEKAAEALAAAAAABAAEAAAICTAEAOw==\" alt=\"\" class=\"wp-image-24800 lazyload\" style=\"aspect-ratio:6.082474226804123;width:736px;height:auto\" sizes=\"(max-width: 1024px) 100vw, 1024px\" data-src=\"https:\/\/biovegen.org\/wp-content\/uploads\/2026\/02\/Captura-de-pantalla-2026-02-02-172906-1024x183.png\" data-srcset=\"https:\/\/biovegen.org\/wp-content\/uploads\/2026\/02\/Captura-de-pantalla-2026-02-02-172906-1024x183.png 1024w, https:\/\/biovegen.org\/wp-content\/uploads\/2026\/02\/Captura-de-pantalla-2026-02-02-172906-300x53.png 300w, https:\/\/biovegen.org\/wp-content\/uploads\/2026\/02\/Captura-de-pantalla-2026-02-02-172906-768x137.png 768w, https:\/\/biovegen.org\/wp-content\/uploads\/2026\/02\/Captura-de-pantalla-2026-02-02-172906-18x3.png 18w, https:\/\/biovegen.org\/wp-content\/uploads\/2026\/02\/Captura-de-pantalla-2026-02-02-172906-600x107.png 600w, https:\/\/biovegen.org\/wp-content\/uploads\/2026\/02\/Captura-de-pantalla-2026-02-02-172906.png 1077w\"><\/figure>\n<\/div>\n\n\n<div style=\"height:50px\" aria-hidden=\"true\" class=\"wp-block-spacer\"><\/div>\n\n\n\n<h2 class=\"wp-block-heading\"><strong>INVOLVEMENT OF BIOVEGEN<\/strong><\/h2>\n\n\n<div class=\"wp-block-image\">\n<figure class=\"aligncenter size-large is-resized\"><img decoding=\"async\" width=\"1024\" height=\"252\" src=\"data:image\/gif;base64,R0lGODlhAQABAAAAACH5BAEKAAEALAAAAAABAAEAAAICTAEAOw==\" alt=\"\" class=\"wp-image-16524 lazyload\" style=\"width:385px;height:94px\" sizes=\"(max-width: 1024px) 100vw, 1024px\" data-src=\"https:\/\/biovegen.org\/wp-content\/uploads\/2023\/04\/Logo-BA2023-1024x252.png\" data-srcset=\"https:\/\/biovegen.org\/wp-content\/uploads\/2023\/04\/Logo-BA2023-1024x252.png 1024w, https:\/\/biovegen.org\/wp-content\/uploads\/2023\/04\/Logo-BA2023-600x147.png 600w, https:\/\/biovegen.org\/wp-content\/uploads\/2023\/04\/Logo-BA2023-300x74.png 300w, https:\/\/biovegen.org\/wp-content\/uploads\/2023\/04\/Logo-BA2023-768x189.png 768w, https:\/\/biovegen.org\/wp-content\/uploads\/2023\/04\/Logo-BA2023-1536x377.png 1536w, https:\/\/biovegen.org\/wp-content\/uploads\/2023\/04\/Logo-BA2023-2048x503.png 2048w\"><\/figure>\n<\/div>\n\n\n<div style=\"height:20px\" aria-hidden=\"true\" class=\"wp-block-spacer\"><\/div>\n\n\n\n<p>BIOVEGEN has actively participated in the last<strong> 10 editions<\/strong> of Fruit Attraction through different actions and has increased its presence at the fair year after year. Since 2020, BIOVEGEN co-organizes the area\u00a0<strong>BIOTECH ATTRACTION: the\u00a0<em>hub\u00a0<\/em>plant innovation<\/strong>, a space dedicated to bringing together and promoting technological innovation and business development opportunities based on innovation. The area is aimed at all those entities involved in the development of related activities. This zone is made up of different areas, all of them located in pavilion 5 of IFEMA-Madrid: <strong>stands, presentation forum and meeting space<\/strong>.<\/p>\n\n\n\n<div style=\"height:25px\" aria-hidden=\"true\" class=\"wp-block-spacer\"><\/div>\n\n\n\n<h2 class=\"wp-block-heading\"><strong>PARTICIPATION OF BIOVEGEN IN PREVIOUS EDITIONS<\/strong><\/h2>\n\n\n<div class=\"wp-block-image\">\n<figure class=\"aligncenter size-large\"><img loading=\"lazy\" decoding=\"async\" width=\"1024\" height=\"576\" src=\"data:image\/gif;base64,R0lGODlhAQABAAAAACH5BAEKAAEALAAAAAABAAEAAAICTAEAOw==\" alt=\"\" class=\"wp-image-16545 lazyload\" sizes=\"(max-width: 1024px) 100vw, 1024px\" data-src=\"https:\/\/biovegen.org\/wp-content\/uploads\/2023\/04\/FA-BA-BIOVEGEN-1024x576.jpg\" data-srcset=\"https:\/\/biovegen.org\/wp-content\/uploads\/2023\/04\/FA-BA-BIOVEGEN-1024x576.jpg 1024w, https:\/\/biovegen.org\/wp-content\/uploads\/2023\/04\/FA-BA-BIOVEGEN-600x338.jpg 600w, https:\/\/biovegen.org\/wp-content\/uploads\/2023\/04\/FA-BA-BIOVEGEN-300x169.jpg 300w, https:\/\/biovegen.org\/wp-content\/uploads\/2023\/04\/FA-BA-BIOVEGEN-768x432.jpg 768w, https:\/\/biovegen.org\/wp-content\/uploads\/2023\/04\/FA-BA-BIOVEGEN-1536x864.jpg 1536w, https:\/\/biovegen.org\/wp-content\/uploads\/2023\/04\/FA-BA-BIOVEGEN.jpg 1920w\"><\/figure>\n<\/div>\n\n\n<div class=\"wp-block-columns is-layout-flex wp-container-core-columns-is-layout-9d6595d7 wp-block-columns-is-layout-flex\">\n<div class=\"wp-block-column is-layout-flow wp-block-column-is-layout-flow\">\n<ul class=\"wp-block-list\">\n<li><a href=\"https:\/\/biovegen.org\/fruit-attraction-2025\/\"><strong>2025<\/strong><\/a><\/li>\n\n\n\n<li><strong><a href=\"https:\/\/biovegen.org\/actividades\/eventos\/fruit-attraction\/fruit-attraction-2024\/\" data-type=\"link\" data-id=\"https:\/\/biovegen.org\/actividades\/eventos\/fruit-attraction\/fruit-attraction-2024\/\" target=\"_blank\" rel=\"noreferrer noopener\">2024<\/a><\/strong><\/li>\n\n\n\n<li><strong><a href=\"https:\/\/biovegen.org\/actividades\/eventos\/fruit-attraction\/fruit-attraction-2023\/\" target=\"_blank\" rel=\"noreferrer noopener\">2023<\/a><\/strong><\/li>\n\n\n\n<li><strong><a href=\"https:\/\/biovegen.org\/actividades\/eventos\/fruit-attraction\/biotech-attraction\/\" target=\"_blank\" rel=\"noreferrer noopener\">2022<\/a><\/strong><\/li>\n<\/ul>\n<\/div>\n\n\n\n<div class=\"wp-block-column is-layout-flow wp-block-column-is-layout-flow\">\n<ul class=\"wp-block-list\">\n<li><strong><a href=\"https:\/\/biovegen.org\/actividades\/eventos\/fruit-attraction\/importante-presencia-de-biovegen-en-fruit-attraction-2021-5-7-de-octubre-madrid\/\" target=\"_blank\" rel=\"noreferrer noopener\">2021<\/a><\/strong><\/li>\n\n\n\n<li><strong><a href=\"https:\/\/biovegen.org\/actividades\/eventos\/fruit-attraction\/fruit-attraction-2020\/?_id=8119&amp;_nonce=71a2b3a237&amp;=true\" target=\"_blank\" rel=\"noreferrer noopener\">2020<\/a><\/strong><\/li>\n\n\n\n<li><strong><a href=\"https:\/\/biovegen.org\/actividades\/eventos\/fruit-attraction\/fruit-attraction-2019\/\" target=\"_blank\" rel=\"noreferrer noopener\">2019<\/a><\/strong><\/li>\n\n\n\n<li><strong><a href=\"https:\/\/biovegen.org\/actividades\/eventos\/fruit-attraction\/fruit-attraction-2018\/\" target=\"_blank\" rel=\"noreferrer noopener\">2018<\/a><\/strong><\/li>\n<\/ul>\n<\/div>\n\n\n\n<div class=\"wp-block-column is-layout-flow wp-block-column-is-layout-flow\">\n<ul class=\"wp-block-list\">\n<li><strong><a href=\"https:\/\/biovegen.org\/actividades\/eventos\/fruit-attraction\/fruit-attraction-2017\/\" target=\"_blank\" rel=\"noreferrer noopener\">2017<\/a><\/strong><\/li>\n\n\n\n<li><strong><a href=\"https:\/\/biovegen.org\/actividades\/eventos\/fruit-attraction\/fruit-attraction-2016\/\" target=\"_blank\" rel=\"noreferrer noopener\">2016<\/a><\/strong><\/li>\n\n\n\n<li><strong><a href=\"https:\/\/biovegen.org\/actividades\/eventos\/fruit-attraction\/fruit-attraction-2015\/\" target=\"_blank\" rel=\"noreferrer noopener\">2015<\/a><\/strong><\/li>\n<\/ul>\n<\/div>\n<\/div>","protected":false},"excerpt":{"rendered":"<p>La&nbsp;Feria Internacional del Sector de Frutas y Hortalizas \u201cFruit Attraction\u201d es un evento de referencia a nivel internacional que re\u00fane a gran parte del sector productor, comercializador e industria auxiliar en el \u00e1mbito de la producci\u00f3n hort\u00edcola y frut\u00edcola. FICHA T\u00c9CNICA LA FERIA EN CIFRAS INVOLUCRACI\u00d3N DE BIOVEGEN BIOVEGEN ha participado activamente en las \u00faltimas [&hellip;]<\/p>\n","protected":false},"author":1,"featured_media":0,"parent":418,"menu_order":7,"comment_status":"closed","ping_status":"closed","template":"","meta":{"_acf_changed":false,"inline_featured_image":false,"footnotes":""},"categories":[],"class_list":["post-309","page","type-page","status-publish","hentry"],"acf":[],"_links":{"self":[{"href":"https:\/\/biovegen.org\/en\/wp-json\/wp\/v2\/pages\/309","targetHints":{"allow":["GET"]}}],"collection":[{"href":"https:\/\/biovegen.org\/en\/wp-json\/wp\/v2\/pages"}],"about":[{"href":"https:\/\/biovegen.org\/en\/wp-json\/wp\/v2\/types\/page"}],"author":[{"embeddable":true,"href":"https:\/\/biovegen.org\/en\/wp-json\/wp\/v2\/users\/1"}],"replies":[{"embeddable":true,"href":"https:\/\/biovegen.org\/en\/wp-json\/wp\/v2\/comments?post=309"}],"version-history":[{"count":0,"href":"https:\/\/biovegen.org\/en\/wp-json\/wp\/v2\/pages\/309\/revisions"}],"up":[{"embeddable":true,"href":"https:\/\/biovegen.org\/en\/wp-json\/wp\/v2\/pages\/418"}],"wp:attachment":[{"href":"https:\/\/biovegen.org\/en\/wp-json\/wp\/v2\/media?parent=309"}],"wp:term":[{"taxonomy":"category","embeddable":true,"href":"https:\/\/biovegen.org\/en\/wp-json\/wp\/v2\/categories?post=309"}],"curies":[{"name":"wp","href":"https:\/\/api.w.org\/{rel}","templated":true}]}}