{"id":305,"date":"2020-03-19T12:19:40","date_gmt":"2020-03-19T12:19:40","guid":{"rendered":"https:\/\/biovegen.org\/?page_id=305"},"modified":"2020-05-05T16:56:03","modified_gmt":"2020-05-05T16:56:03","slug":"jornadas-cajamar-biovegen","status":"publish","type":"page","link":"https:\/\/biovegen.org\/en\/actividades\/eventos\/jornadas-cajamar-biovegen\/","title":{"rendered":"BIOVEGEN-CAJAMAR Conference"},"content":{"rendered":"<div class=\"wp-block-image\"><figure class=\"aligncenter size-large\"><img fetchpriority=\"high\" decoding=\"async\" width=\"1024\" height=\"210\" src=\"data:image\/gif;base64,R0lGODlhAQABAAAAACH5BAEKAAEALAAAAAABAAEAAAICTAEAOw==\" alt=\"\" class=\"wp-image-2157 lazyload\" sizes=\"(max-width: 1024px) 100vw, 1024px\" data-src=\"https:\/\/biovegen.org\/wp-content\/uploads\/2020\/04\/BIOVEGEN-CAJAMAR-1024x210.jpg\" data-srcset=\"https:\/\/biovegen.org\/wp-content\/uploads\/2020\/04\/BIOVEGEN-CAJAMAR-1024x210.jpg 1024w, https:\/\/biovegen.org\/wp-content\/uploads\/2020\/04\/BIOVEGEN-CAJAMAR-600x123.jpg 600w, https:\/\/biovegen.org\/wp-content\/uploads\/2020\/04\/BIOVEGEN-CAJAMAR-300x62.jpg 300w, https:\/\/biovegen.org\/wp-content\/uploads\/2020\/04\/BIOVEGEN-CAJAMAR-768x158.jpg 768w, https:\/\/biovegen.org\/wp-content\/uploads\/2020\/04\/BIOVEGEN-CAJAMAR.jpg 1090w\"><\/figure><\/div>\n\n\n\n<div style=\"height:25px\" aria-hidden=\"true\" class=\"wp-block-spacer\"><\/div>\n\n\n\n<p>The development of technologies from plant biology, such as genetic improvement, is of vital interest for improving the competitiveness of the fruit and vegetable sector. Spain has great scientific and technological potential in this sense, and increasingly has greater support thanks to the work developed by the BIOVEGEN Platform and the public-private collaboration initiatives that are being carried out.<\/p>\n\n\n\n<p>In this context,&nbsp;<strong>BIOVEGEN&nbsp;<\/strong>actively collaborates with&nbsp;<strong>CAJAMAR COOPERATIVE GROUP<\/strong>&nbsp;through the organization of Technical Conferences in which new technological trends in plant biology and their possibilities are shown, the added value that research brings to the economic activity of the private sector of plant production and how this can stimulate the private sector to undertake R&amp;D activities and collaborations with public research centers. At these conferences, different financing and support tools for the development of R&amp;D projects are also presented.&nbsp;<\/p>\n\n\n\n<div style=\"height:25px\" aria-hidden=\"true\" class=\"wp-block-spacer\"><\/div>\n\n\n\n<h2 class=\"wp-block-heading\">Location of BIOVEGEN-CAJAMAR Conferences<\/h2>\n\n\n\n<div class=\"wp-block-image\"><figure class=\"aligncenter size-large\"><img decoding=\"async\" width=\"532\" height=\"430\" src=\"data:image\/gif;base64,R0lGODlhAQABAAAAACH5BAEKAAEALAAAAAABAAEAAAICTAEAOw==\" alt=\"\" class=\"wp-image-2166 lazyload\" sizes=\"(max-width: 532px) 100vw, 532px\" data-src=\"https:\/\/biovegen.org\/wp-content\/uploads\/2020\/04\/Mapa_Jornadas_CAJAMAR_celebradas.jpg\" data-srcset=\"https:\/\/biovegen.org\/wp-content\/uploads\/2020\/04\/Mapa_Jornadas_CAJAMAR_celebradas.jpg 532w, https:\/\/biovegen.org\/wp-content\/uploads\/2020\/04\/Mapa_Jornadas_CAJAMAR_celebradas-300x242.jpg 300w\"><\/figure><\/div>\n\n\n\n<div style=\"height:25px\" aria-hidden=\"true\" class=\"wp-block-spacer\"><\/div>\n\n\n\n<h2 class=\"wp-block-heading\"><strong>Goals<\/strong><\/h2>\n\n\n\n<ul class=\"wp-block-list\"><li>Show new technological trends in plant biology and their possibilities<\/li><li>Show the added value that research brings to the economic activity of the private sector of plant production (fruit, horticultural)<\/li><li>Stimulate the private sector to undertake R&amp;D activities and collaborations with public research centers<\/li><li>Show financing and help tools in the development of R&amp;D projects<\/li><\/ul>\n\n\n\n<div style=\"height:25px\" aria-hidden=\"true\" class=\"wp-block-spacer\"><\/div>\n\n\n\n<h2 class=\"wp-block-heading\"><strong>Days held<\/strong><\/h2>","protected":false},"excerpt":{"rendered":"<p>El desarrollo de tecnolog\u00edas procedentes de la biolog\u00eda vegetal, como es la mejora gen\u00e9tica, resultan de vital inter\u00e9s para la mejora de la competitividad del sector hortofrut\u00edcola. Espa\u00f1a dispone de un gran potencial cient\u00edfico y tecnol\u00f3gico en este sentido, y cada vez cuenta con un mayor apoyo gracias al trabajo desarrollado por la Plataforma BIOVEGEN [&hellip;]<\/p>\n","protected":false},"author":1,"featured_media":0,"parent":418,"menu_order":6,"comment_status":"closed","ping_status":"closed","template":"","meta":{"_acf_changed":false,"inline_featured_image":false,"footnotes":""},"categories":[33],"class_list":["post-305","page","type-page","status-publish","hentry","category-jornadas-biovegen-cajamar"],"acf":[],"_links":{"self":[{"href":"https:\/\/biovegen.org\/en\/wp-json\/wp\/v2\/pages\/305","targetHints":{"allow":["GET"]}}],"collection":[{"href":"https:\/\/biovegen.org\/en\/wp-json\/wp\/v2\/pages"}],"about":[{"href":"https:\/\/biovegen.org\/en\/wp-json\/wp\/v2\/types\/page"}],"author":[{"embeddable":true,"href":"https:\/\/biovegen.org\/en\/wp-json\/wp\/v2\/users\/1"}],"replies":[{"embeddable":true,"href":"https:\/\/biovegen.org\/en\/wp-json\/wp\/v2\/comments?post=305"}],"version-history":[{"count":0,"href":"https:\/\/biovegen.org\/en\/wp-json\/wp\/v2\/pages\/305\/revisions"}],"up":[{"embeddable":true,"href":"https:\/\/biovegen.org\/en\/wp-json\/wp\/v2\/pages\/418"}],"wp:attachment":[{"href":"https:\/\/biovegen.org\/en\/wp-json\/wp\/v2\/media?parent=305"}],"wp:term":[{"taxonomy":"category","embeddable":true,"href":"https:\/\/biovegen.org\/en\/wp-json\/wp\/v2\/categories?post=305"}],"curies":[{"name":"wp","href":"https:\/\/api.w.org\/{rel}","templated":true}]}}