{"id":297,"date":"2020-03-19T12:14:00","date_gmt":"2020-03-19T12:14:00","guid":{"rendered":"https:\/\/biovegen.org\/?page_id=297"},"modified":"2026-04-20T12:11:31","modified_gmt":"2026-04-20T10:11:31","slug":"quienes-somos","status":"publish","type":"page","link":"https:\/\/biovegen.org\/en\/socios-2\/quienes-somos\/","title":{"rendered":"About us?"},"content":{"rendered":"<div style=\"height:50px\" aria-hidden=\"true\" class=\"wp-block-spacer\"><\/div>\n\n\n<div class=\"wp-block-image is-style-default\">\n<figure class=\"aligncenter size-full\"><img fetchpriority=\"high\" decoding=\"async\" width=\"1587\" height=\"2245\" src=\"data:image\/gif;base64,R0lGODlhAQABAAAAACH5BAEKAAEALAAAAAABAAEAAAICTAEAOw==\" alt=\"\" class=\"wp-image-25323 lazyload\" sizes=\"(max-width: 1587px) 100vw, 1587px\" data-src=\"https:\/\/biovegen.org\/wp-content\/uploads\/2026\/04\/185-SOCIOS_vertical_v.20.04.2026.png\" data-srcset=\"https:\/\/biovegen.org\/wp-content\/uploads\/2026\/04\/185-SOCIOS_vertical_v.20.04.2026.png 1587w, https:\/\/biovegen.org\/wp-content\/uploads\/2026\/04\/185-SOCIOS_vertical_v.20.04.2026-212x300.png 212w, https:\/\/biovegen.org\/wp-content\/uploads\/2026\/04\/185-SOCIOS_vertical_v.20.04.2026-724x1024.png 724w, https:\/\/biovegen.org\/wp-content\/uploads\/2026\/04\/185-SOCIOS_vertical_v.20.04.2026-768x1086.png 768w, https:\/\/biovegen.org\/wp-content\/uploads\/2026\/04\/185-SOCIOS_vertical_v.20.04.2026-1086x1536.png 1086w, https:\/\/biovegen.org\/wp-content\/uploads\/2026\/04\/185-SOCIOS_vertical_v.20.04.2026-1448x2048.png 1448w, https:\/\/biovegen.org\/wp-content\/uploads\/2026\/04\/185-SOCIOS_vertical_v.20.04.2026-8x12.png 8w, https:\/\/biovegen.org\/wp-content\/uploads\/2026\/04\/185-SOCIOS_vertical_v.20.04.2026-600x849.png 600w\"><\/figure>\n<\/div>\n\n\n<div style=\"height:30px\" aria-hidden=\"true\" class=\"wp-block-spacer\"><\/div>\n\n\n\n<p class=\"has-text-align-left\"><strong>The Spanish Technological Platform for Plant Biotechnology \u2013 BIOVEGEN&nbsp;<\/strong>BIOVEGEN is a public-private entity whose objective is to improve the competitiveness of the agricultural sector through the development of technologies derived from plant biology. It connects entities within the Spanish agri-food sector, linking the supply and demand for technology and generating business opportunities through science-industry collaboration. It acts as an interface between the scientific and business communities and the government, offering tools that facilitate the R&amp;D&amp;I activities of its members. Currently, it has 185 member entities: 147 companies, 38 research organizations, and the Ministry of Science and Innovation, which supports and co-finances the initiative. BIOVEGEN is open to collaborations with other entities in the sector.<\/p>\n\n\n\n<div style=\"height:25px\" aria-hidden=\"true\" class=\"wp-block-spacer\"><\/div>\n\n\n\n<h2 class=\"wp-block-heading\"><strong>Currently, BIOVEGEN has 185 member entities <\/strong><\/h2>\n\n\n\n<ul class=\"wp-block-list\">\n<li><strong>147 Companies<\/strong><\/li>\n\n\n\n<li><strong>12 Private Associations \/ Foundations<\/strong><\/li>\n\n\n\n<li><strong>26 Public Research Centers<\/strong><\/li>\n<\/ul>\n\n\n\n<div style=\"height:25px\" aria-hidden=\"true\" class=\"wp-block-spacer\"><\/div>\n\n\n\n<h2 class=\"wp-block-heading\"><strong>BIOVEGEN Partner Activity (%)<\/strong><\/h2>\n\n\n<div class=\"wp-block-image\">\n<figure class=\"aligncenter size-large is-resized\"><img decoding=\"async\" width=\"1024\" height=\"692\" src=\"data:image\/gif;base64,R0lGODlhAQABAAAAACH5BAEKAAEALAAAAAABAAEAAAICTAEAOw==\" alt=\"\" class=\"wp-image-21271 lazyload\" style=\"width:554px;height:auto\" sizes=\"(max-width: 1024px) 100vw, 1024px\" data-src=\"https:\/\/biovegen.org\/wp-content\/uploads\/2024\/08\/Diagrama-sectores-Empresas_OPIs_Asoaciaciones-1024x692.png\" data-srcset=\"https:\/\/biovegen.org\/wp-content\/uploads\/2024\/08\/Diagrama-sectores-Empresas_OPIs_Asoaciaciones-1024x692.png 1024w, https:\/\/biovegen.org\/wp-content\/uploads\/2024\/08\/Diagrama-sectores-Empresas_OPIs_Asoaciaciones-300x203.png 300w, https:\/\/biovegen.org\/wp-content\/uploads\/2024\/08\/Diagrama-sectores-Empresas_OPIs_Asoaciaciones-768x519.png 768w, https:\/\/biovegen.org\/wp-content\/uploads\/2024\/08\/Diagrama-sectores-Empresas_OPIs_Asoaciaciones-18x12.png 18w, https:\/\/biovegen.org\/wp-content\/uploads\/2024\/08\/Diagrama-sectores-Empresas_OPIs_Asoaciaciones-600x406.png 600w, https:\/\/biovegen.org\/wp-content\/uploads\/2024\/08\/Diagrama-sectores-Empresas_OPIs_Asoaciaciones.png 1284w\"><\/figure>\n<\/div>\n\n\n<div style=\"height:50px\" aria-hidden=\"true\" class=\"wp-block-spacer\"><\/div>\n\n\n\n<h2 class=\"wp-block-heading\"><strong>Characterization of BIOVEGEN partners<\/strong><\/h2>\n\n\n\n<figure class=\"wp-block-image size-large\"><img decoding=\"async\" width=\"1024\" height=\"705\" src=\"data:image\/gif;base64,R0lGODlhAQABAAAAACH5BAEKAAEALAAAAAABAAEAAAICTAEAOw==\" alt=\"\" class=\"wp-image-21270 lazyload\" sizes=\"(max-width: 1024px) 100vw, 1024px\" data-src=\"https:\/\/biovegen.org\/wp-content\/uploads\/2024\/08\/Diagrama-sectores-Clasificacion-socios-BIOVEGEN-1024x705.png\" data-srcset=\"https:\/\/biovegen.org\/wp-content\/uploads\/2024\/08\/Diagrama-sectores-Clasificacion-socios-BIOVEGEN-1024x705.png 1024w, https:\/\/biovegen.org\/wp-content\/uploads\/2024\/08\/Diagrama-sectores-Clasificacion-socios-BIOVEGEN-300x207.png 300w, https:\/\/biovegen.org\/wp-content\/uploads\/2024\/08\/Diagrama-sectores-Clasificacion-socios-BIOVEGEN-768x529.png 768w, https:\/\/biovegen.org\/wp-content\/uploads\/2024\/08\/Diagrama-sectores-Clasificacion-socios-BIOVEGEN-1536x1057.png 1536w, https:\/\/biovegen.org\/wp-content\/uploads\/2024\/08\/Diagrama-sectores-Clasificacion-socios-BIOVEGEN-18x12.png 18w, https:\/\/biovegen.org\/wp-content\/uploads\/2024\/08\/Diagrama-sectores-Clasificacion-socios-BIOVEGEN-600x413.png 600w, https:\/\/biovegen.org\/wp-content\/uploads\/2024\/08\/Diagrama-sectores-Clasificacion-socios-BIOVEGEN.png 1566w\"><\/figure>\n\n\n\n<div style=\"height:50px\" aria-hidden=\"true\" class=\"wp-block-spacer\"><\/div>\n\n\n\n<h2 class=\"wp-block-heading\"><strong>BIOVEGEN partner location<\/strong><\/h2>\n\n\n\n<div class=\"embed-responsive embed-responsive-16by9\">\n<iframe src=\"about:blank\" class=\"lazyload\" data-src=\"https:\/\/www.google.com\/maps\/d\/u\/0\/embed?mid=1mX5U9g_uGvrthAPfVZIxNp72pbJHTodX\"><\/iframe>\n<\/div>\n\n\n\n<p><\/p>","protected":false},"excerpt":{"rendered":"<p>La Plataforma Tecnol\u00f3gica Espa\u00f1ola de Biotecnolog\u00eda Vegetal &#8211;&nbsp;BIOVEGEN&nbsp;es una entidad p\u00fablico-privada cuyo objetivo es la mejora de la competitividad del sector a trav\u00e9s del desarrollo de tecnolog\u00edas procedentes de la Biolog\u00eda Vegetal. Articula a entidades del sector agroalimentario espa\u00f1ol, poniendo en contacto la oferta y demanda de tecnolog\u00eda, y generando oportunidades de negocio a trav\u00e9s [&hellip;]<\/p>\n","protected":false},"author":1,"featured_media":0,"parent":76,"menu_order":2,"comment_status":"closed","ping_status":"closed","template":"","meta":{"_acf_changed":false,"inline_featured_image":false,"footnotes":""},"categories":[],"class_list":["post-297","page","type-page","status-publish","hentry"],"acf":[],"_links":{"self":[{"href":"https:\/\/biovegen.org\/en\/wp-json\/wp\/v2\/pages\/297","targetHints":{"allow":["GET"]}}],"collection":[{"href":"https:\/\/biovegen.org\/en\/wp-json\/wp\/v2\/pages"}],"about":[{"href":"https:\/\/biovegen.org\/en\/wp-json\/wp\/v2\/types\/page"}],"author":[{"embeddable":true,"href":"https:\/\/biovegen.org\/en\/wp-json\/wp\/v2\/users\/1"}],"replies":[{"embeddable":true,"href":"https:\/\/biovegen.org\/en\/wp-json\/wp\/v2\/comments?post=297"}],"version-history":[{"count":6,"href":"https:\/\/biovegen.org\/en\/wp-json\/wp\/v2\/pages\/297\/revisions"}],"predecessor-version":[{"id":25327,"href":"https:\/\/biovegen.org\/en\/wp-json\/wp\/v2\/pages\/297\/revisions\/25327"}],"up":[{"embeddable":true,"href":"https:\/\/biovegen.org\/en\/wp-json\/wp\/v2\/pages\/76"}],"wp:attachment":[{"href":"https:\/\/biovegen.org\/en\/wp-json\/wp\/v2\/media?parent=297"}],"wp:term":[{"taxonomy":"category","embeddable":true,"href":"https:\/\/biovegen.org\/en\/wp-json\/wp\/v2\/categories?post=297"}],"curies":[{"name":"wp","href":"https:\/\/api.w.org\/{rel}","templated":true}]}}