{"id":288,"date":"2020-03-19T12:10:42","date_gmt":"2020-03-19T12:10:42","guid":{"rendered":"https:\/\/biovegen.org\/?page_id=288"},"modified":"2025-08-08T13:13:34","modified_gmt":"2025-08-08T11:13:34","slug":"biovegen-y-la-estrategia-espanola-de-ciencia-tecnologia-e-innovacion-2013-2020","status":"publish","type":"page","link":"https:\/\/biovegen.org\/en\/actividades\/agenda-estrategica-de-innovacion\/biovegen-y-la-estrategia-espanola-de-ciencia-tecnologia-e-innovacion-2013-2020\/","title":{"rendered":"BIOVEGEN and the Spanish Science, Technology and Innovation Strategy"},"content":{"rendered":"<div class=\"wp-block-image\">\n<figure class=\"aligncenter size-large is-resized\"><img fetchpriority=\"high\" decoding=\"async\" width=\"1024\" height=\"159\" src=\"data:image\/gif;base64,R0lGODlhAQABAAAAACH5BAEKAAEALAAAAAABAAEAAAICTAEAOw==\" alt=\"\" class=\"wp-image-23643 lazyload\" style=\"width:675px;height:auto\" sizes=\"(max-width: 1024px) 100vw, 1024px\" data-src=\"https:\/\/biovegen.org\/wp-content\/uploads\/2025\/08\/Logos-1024x159.jpg\" data-srcset=\"https:\/\/biovegen.org\/wp-content\/uploads\/2025\/08\/Logos-1024x159.jpg 1024w, https:\/\/biovegen.org\/wp-content\/uploads\/2025\/08\/Logos-300x47.jpg 300w, https:\/\/biovegen.org\/wp-content\/uploads\/2025\/08\/Logos-768x119.jpg 768w, https:\/\/biovegen.org\/wp-content\/uploads\/2025\/08\/Logos-1536x239.jpg 1536w, https:\/\/biovegen.org\/wp-content\/uploads\/2025\/08\/Logos-2048x319.jpg 2048w, https:\/\/biovegen.org\/wp-content\/uploads\/2025\/08\/Logos-18x3.jpg 18w, https:\/\/biovegen.org\/wp-content\/uploads\/2025\/08\/Logos-600x93.jpg 600w\"><\/figure>\n<\/div>\n\n\n<div style=\"height:50px\" aria-hidden=\"true\" class=\"wp-block-spacer\"><\/div>\n\n\n\n<p>The&nbsp;<strong><a rel=\"noreferrer noopener\" href=\"https:\/\/www.ciencia.gob.es\/dam\/jcr:e8183a4d-3164-4f30-ac5f-d75f1ad55059\/EECTI-2021-2027.pdf\" data-type=\"URL\" data-id=\"https:\/\/www.ciencia.gob.es\/dam\/jcr:e8183a4d-3164-4f30-ac5f-d75f1ad55059\/EECTI-2021-2027.pdf\" target=\"_blank\">Spanish Science, Technology and Innovation Strategy 2021-2027<\/a><\/strong>&nbsp;It has been designed to maximise coordination between state and regional planning and programming and to facilitate the articulation of our R&amp;D&amp;I policy with the EU science and innovation framework programme, Horizon Europe (2021-2027).&nbsp;<\/p>\n\n\n\n<p>It includes activities aimed at solving the problems caused by COVID-19, which is why it shows special emphasis on the health area in the first two years of the plan (2021-2022). It also highlights the importance of consolidating and promoting science and innovation as a tool for the social, economic and industrial reconstruction of our country.&nbsp;<\/p>\n\n\n\n<p><strong>Main objectives:<\/strong> strengthening public-private collaboration, promoting the transfer of knowledge, improving the situation of research staff and institutions, enhancing Spain&#039;s capacity to attract, recover and retain talent and ensuring the application of the principle of real equality between women and men in R&amp;D&amp;I.&nbsp;<\/p>\n\n\n\n<p>With the implementation of this Strategy, it is expected to double the sum of public and private investments, until reaching the European average in 2027 (from 1.24 % of GDP in investment in R&amp;D&amp;I registered in 2018, to 2 .12 % in 2027).&nbsp;<\/p>\n\n\n\n<p>The national strategic lines are framed in the thematic groups of Horizon Europe:&nbsp;<\/p>\n\n\n\n<ol class=\"wp-block-list\">\n<li>health,<\/li>\n\n\n\n<li>culture, creativity and inclusive society,&nbsp;<\/li>\n\n\n\n<li>security for society,<\/li>\n\n\n\n<li>digital world, industry, space and defense,<\/li>\n\n\n\n<li>climate, energy and mobility,<\/li>\n\n\n\n<li>food, bioeconomy, natural resources and environment.&nbsp;<\/li>\n<\/ol>\n\n\n\n<div style=\"height:25px\" aria-hidden=\"true\" class=\"wp-block-spacer\"><\/div>\n\n\n\n<p>This Strategy is implemented through the&nbsp;<strong><a rel=\"noreferrer noopener\" href=\"https:\/\/www.ciencia.gob.es\/dam\/jcr:11aba6bb-ac4c-4f48-b99f-f7034a6ed675\/PEICTI_2021_2023.pdf\" data-type=\"URL\" data-id=\"https:\/\/www.ciencia.gob.es\/dam\/jcr:11aba6bb-ac4c-4f48-b99f-f7034a6ed675\/PEICTI_2021_2023.pdf\" target=\"_blank\">State Plan for Scientific and Technical Research and Innovation 2021-2023<\/a><\/strong>. One of the revitalization actions contemplated in this Plan are the&nbsp;<strong>Technological and Innovation Platforms<\/strong>&nbsp;(PTIs).<\/p>\n\n\n\n<div style=\"height:25px\" aria-hidden=\"true\" class=\"wp-block-spacer\"><\/div>\n\n\n\n<h2 class=\"wp-block-heading\"><strong>What are Technology Platforms?<\/strong><\/h2>\n\n\n\n<blockquote class=\"wp-block-quote is-layout-flow wp-block-quote-is-layout-flow\">\n<p><em>Technological Platforms are an essential agent to promote dialogue and public-private collaboration, and constitute an instrument of R&amp;D&amp;I policy; Driven by the business fabric, they are an important actor in defining R&amp;D&amp;I priorities, both sectoral and intersectoral. The aid contemplated in this PEICTI is intended for technological platforms with the objectives of (1) promoting the incorporation of all agents in the value chain; and (2) identify applied research and experimental development agendas that, responding to sectoral demands, allow scientific-technical challenges to be addressed. To satisfy these objectives, it is necessary to consider the convergence of technologies and knowledge and promote collaboration between platforms.<\/em><\/p>\n<cite><strong><a href=\"https:\/\/www.ciencia.gob.es\/dam\/jcr:6e566243-bcb5-45d8-ab77-5cfe533060f2\/PEICTI2024_2027.pdf\" data-type=\"link\" data-id=\"https:\/\/www.ciencia.gob.es\/dam\/jcr:6e566243-bcb5-45d8-ab77-5cfe533060f2\/PEICTI2024_2027.pdf\" target=\"_blank\" rel=\"noopener\">State Plan for Scientific and Technical Research and Innovation 2024-2027<\/a><\/strong><\/cite><\/blockquote>\n\n\n\n<div style=\"height:25px\" aria-hidden=\"true\" class=\"wp-block-spacer\"><\/div>\n\n\n\n<h2 class=\"wp-block-heading\"><strong>Network of Technological Platforms<\/strong><\/h2>\n\n\n\n<p>The Technological Platforms are grouped in a&nbsp;<strong><a href=\"https:\/\/www.guiah2020.es\/ciencia\/plataformas-tecnologicas-espanolas\/\" data-type=\"URL\" data-id=\"https:\/\/www.guiah2020.es\/ciencia\/plataformas-tecnologicas-espanolas\/\" target=\"_blank\" rel=\"noreferrer noopener\">National Network supported by the Ministry of Science and Innovation<\/a><\/strong>.<\/p>\n\n\n\n<hr class=\"wp-block-separator has-css-opacity is-style-default\"\/>\n\n\n\n<div style=\"height:25px\" aria-hidden=\"true\" class=\"wp-block-spacer\"><\/div>\n\n\n\n<p>More information:<\/p>\n\n\n\n<div class=\"wp-block-columns is-layout-flex wp-container-core-columns-is-layout-9d6595d7 wp-block-columns-is-layout-flex\">\n<div class=\"wp-block-column is-layout-flow wp-block-column-is-layout-flow\"><div class=\"wp-block-image is-resized\">\n<figure class=\"aligncenter size-large\"><a href=\"https:\/\/www.ciencia.gob.es\/dam\/jcr:e8183a4d-3164-4f30-ac5f-d75f1ad55059\/EECTI-2021-2027.pdf\" target=\"_blank\" rel=\"noopener\"><img decoding=\"async\" width=\"614\" height=\"870\" src=\"data:image\/gif;base64,R0lGODlhAQABAAAAACH5BAEKAAEALAAAAAABAAEAAAICTAEAOw==\" alt=\"\" class=\"wp-image-10979 lazyload\" style=\"width:215px;height:auto\" sizes=\"(max-width: 614px) 100vw, 614px\" data-src=\"https:\/\/biovegen.org\/wp-content\/uploads\/2021\/08\/Portada-EECTI.jpg\" data-srcset=\"https:\/\/biovegen.org\/wp-content\/uploads\/2021\/08\/Portada-EECTI.jpg 614w, https:\/\/biovegen.org\/wp-content\/uploads\/2021\/08\/Portada-EECTI-600x850.jpg 600w, https:\/\/biovegen.org\/wp-content\/uploads\/2021\/08\/Portada-EECTI-212x300.jpg 212w\"><\/a><figcaption class=\"wp-element-caption\"><em><a href=\"https:\/\/www.ciencia.gob.es\/dam\/jcr:e8183a4d-3164-4f30-ac5f-d75f1ad55059\/EECTI-2021-2027.pdf\" data-type=\"URL\" data-id=\"https:\/\/www.ciencia.gob.es\/dam\/jcr:e8183a4d-3164-4f30-ac5f-d75f1ad55059\/EECTI-2021-2027.pdf\" target=\"_blank\" rel=\"noreferrer noopener\">Spanish Science, Technology and Innovation Strategy 2021-2027<\/a><\/em><\/figcaption><\/figure>\n<\/div><\/div>\n\n\n\n<div class=\"wp-block-column is-layout-flow wp-block-column-is-layout-flow\"><div class=\"wp-block-image is-resized\">\n<figure class=\"aligncenter size-full\"><a href=\"https:\/\/www.ciencia.gob.es\/dam\/jcr:6e566243-bcb5-45d8-ab77-5cfe533060f2\/PEICTI2024_2027.pdf\" target=\"_blank\" rel=\"noopener\"><img decoding=\"async\" width=\"688\" height=\"927\" src=\"data:image\/gif;base64,R0lGODlhAQABAAAAACH5BAEKAAEALAAAAAABAAEAAAICTAEAOw==\" alt=\"\" class=\"wp-image-21595 lazyload\" style=\"width:227px;height:auto\" sizes=\"(max-width: 688px) 100vw, 688px\" data-src=\"https:\/\/biovegen.org\/wp-content\/uploads\/2024\/10\/peicti.jpg\" data-srcset=\"https:\/\/biovegen.org\/wp-content\/uploads\/2024\/10\/peicti.jpg 688w, https:\/\/biovegen.org\/wp-content\/uploads\/2024\/10\/peicti-223x300.jpg 223w, https:\/\/biovegen.org\/wp-content\/uploads\/2024\/10\/peicti-9x12.jpg 9w, https:\/\/biovegen.org\/wp-content\/uploads\/2024\/10\/peicti-600x808.jpg 600w\"><\/a><figcaption class=\"wp-element-caption\"><a href=\"https:\/\/www.ciencia.gob.es\/dam\/jcr:6e566243-bcb5-45d8-ab77-5cfe533060f2\/PEICTI2024_2027.pdf\" data-type=\"URL\" data-id=\"https:\/\/www.ciencia.gob.es\/dam\/jcr:11aba6bb-ac4c-4f48-b99f-f7034a6ed675\/PEICTI_2021_2023.pdf\" target=\"_blank\" rel=\"noreferrer noopener\"><em>State Research Plan<\/em> <em>Scientific and Technical and<\/em> <em>Innovation 2024-2027<\/em><\/a><\/figcaption><\/figure>\n<\/div><\/div>\n<\/div>","protected":false},"excerpt":{"rendered":"<p>La&nbsp;Estrategia Espa\u00f1ola de Ciencia y Tecnolog\u00eda y de Innovaci\u00f3n 2021-2027&nbsp;ha sido dise\u00f1ada para maximizar la&nbsp;coordinaci\u00f3n entre la planificaci\u00f3n y programaci\u00f3n estatal y auton\u00f3mica&nbsp;y para facilitar la&nbsp;articulaci\u00f3n de nuestra pol\u00edtica de I+D+I&nbsp;con el programa marco de ciencia e innovaci\u00f3n de la UE, Horizonte Europa (2021-2027).&nbsp; Incluye actividades dirigidas a&nbsp;solventar los problemas causados por la COVID-19, por [&hellip;]<\/p>\n","protected":false},"author":1,"featured_media":0,"parent":400,"menu_order":1,"comment_status":"closed","ping_status":"closed","template":"","meta":{"_acf_changed":false,"inline_featured_image":false,"footnotes":""},"categories":[],"class_list":["post-288","page","type-page","status-publish","hentry"],"acf":[],"_links":{"self":[{"href":"https:\/\/biovegen.org\/en\/wp-json\/wp\/v2\/pages\/288","targetHints":{"allow":["GET"]}}],"collection":[{"href":"https:\/\/biovegen.org\/en\/wp-json\/wp\/v2\/pages"}],"about":[{"href":"https:\/\/biovegen.org\/en\/wp-json\/wp\/v2\/types\/page"}],"author":[{"embeddable":true,"href":"https:\/\/biovegen.org\/en\/wp-json\/wp\/v2\/users\/1"}],"replies":[{"embeddable":true,"href":"https:\/\/biovegen.org\/en\/wp-json\/wp\/v2\/comments?post=288"}],"version-history":[{"count":0,"href":"https:\/\/biovegen.org\/en\/wp-json\/wp\/v2\/pages\/288\/revisions"}],"up":[{"embeddable":true,"href":"https:\/\/biovegen.org\/en\/wp-json\/wp\/v2\/pages\/400"}],"wp:attachment":[{"href":"https:\/\/biovegen.org\/en\/wp-json\/wp\/v2\/media?parent=288"}],"wp:term":[{"taxonomy":"category","embeddable":true,"href":"https:\/\/biovegen.org\/en\/wp-json\/wp\/v2\/categories?post=288"}],"curies":[{"name":"wp","href":"https:\/\/api.w.org\/{rel}","templated":true}]}}