{"id":284,"date":"2020-03-19T12:09:53","date_gmt":"2020-03-19T12:09:53","guid":{"rendered":"https:\/\/biovegen.org\/?page_id=284"},"modified":"2024-09-18T09:34:40","modified_gmt":"2024-09-18T07:34:40","slug":"asociacion-invegen","status":"publish","type":"page","link":"https:\/\/biovegen.org\/en\/biovegen\/asociacion-invegen\/","title":{"rendered":"INVEGEN Association"},"content":{"rendered":"<h2 class=\"wp-block-heading\"><strong>INVEGEN \u2013 Association for the Promotion of Technological R&amp;D in Plant Genomics<\/strong><\/h2>\n\n\n<div class=\"wp-block-image\">\n<figure class=\"aligncenter size-large\"><img fetchpriority=\"high\" decoding=\"async\" width=\"330\" height=\"187\" src=\"data:image\/gif;base64,R0lGODlhAQABAAAAACH5BAEKAAEALAAAAAABAAEAAAICTAEAOw==\" alt=\"\" class=\"wp-image-575 lazyload\" sizes=\"(max-width: 330px) 100vw, 330px\" data-src=\"https:\/\/biovegen.org\/wp-content\/uploads\/2020\/03\/Asociaci\u00f3n-INVEGEN.jpg\" data-srcset=\"https:\/\/biovegen.org\/wp-content\/uploads\/2020\/03\/Asociaci\u00f3n-INVEGEN.jpg 330w, https:\/\/biovegen.org\/wp-content\/uploads\/2020\/03\/Asociaci\u00f3n-INVEGEN-300x170.jpg 300w\"><\/figure>\n<\/div>\n\n\n<div style=\"height:50px\" aria-hidden=\"true\" class=\"wp-block-spacer\"><\/div>\n\n\n\n<p>The Asociation&nbsp;<strong>INVEGEN&nbsp;<\/strong>is the entity&nbsp;<strong>promoter and coordinator<\/strong>&nbsp;of BIOVEGEN (Technological Platform for Plant Biotechnology).<\/p>\n\n\n\n<p>INVEGEN was born as a private non-profit association at the end of 2005, as an initiative of a group of companies and research centers, initially catalyzed by the international call for R&amp;D projects in plant biotechnology PLANT-KBBE, as a public-private platform. national analogue to those existing in France (Genoplante) and Germany (GABI).<\/p>\n\n\n\n<p>INVEGEN is registered in the National Registry of Associations of the Ministry of the Interior (group 1, section 1, national number 590537)<\/p>\n\n\n\n<p>Since 2009, INVEGEN coordinates and manages the Technological Platform for Plant Biotechnology (BIOVEGEN), co-financed and supported by the <a href=\"http:\/\/www.ciencia.gob.es\/portal\/site\/MICINN\/\" target=\"_blank\" rel=\"noreferrer noopener\"><strong>Ministry of Science and Innovation<\/strong><\/a>.<\/p>\n\n\n\n<div style=\"height:10px\" aria-hidden=\"true\" class=\"wp-block-spacer\"><\/div>\n\n\n\n<h2 class=\"wp-block-heading\">Governance<\/h2>\n\n\n\n<p>According to the INVEGEN Statutes, the governing bodies of this entity are:<\/p>\n\n\n\n<p>1) <strong>General Assembly:<\/strong> Made up of all members (currently 185 partners), it is the highest governing body of the Association.<\/p>\n\n\n\n<ol class=\"wp-block-list\"><\/ol>\n\n\n\n<ol class=\"wp-block-list\"><\/ol>\n\n\n\n<p>2) <strong>Executive Committee<\/strong>: formed by the President and Executive Secretary of the Association, in addition to up to a maximum of eight members, it is the body responsible for verifying and monitoring the entity&#039;s activities, as well as ensuring compliance with the agreements reached at the General Assembly.<\/p>\n\n\n\n<p>3) <strong>President: <\/strong>is responsible for the management and legal representation of the Association by delegation of the General Assembly and the Executive Committee.<\/p>\n\n\n\n<p>4) <strong>Manager<\/strong>: integrated within the Technical Secretariat, he is the person most responsible for the management of the Association.<\/p>\n\n\n\n<figure class=\"wp-block-image size-large\"><img decoding=\"async\" width=\"1024\" height=\"568\" src=\"data:image\/gif;base64,R0lGODlhAQABAAAAACH5BAEKAAEALAAAAAABAAEAAAICTAEAOw==\" alt=\"\" class=\"wp-image-21359 lazyload\" sizes=\"(max-width: 1024px) 100vw, 1024px\" data-src=\"https:\/\/biovegen.org\/wp-content\/uploads\/2024\/09\/image-1024x568.png\" data-srcset=\"https:\/\/biovegen.org\/wp-content\/uploads\/2024\/09\/image-1024x568.png 1024w, https:\/\/biovegen.org\/wp-content\/uploads\/2024\/09\/image-300x166.png 300w, https:\/\/biovegen.org\/wp-content\/uploads\/2024\/09\/image-768x426.png 768w, https:\/\/biovegen.org\/wp-content\/uploads\/2024\/09\/image-1536x852.png 1536w, https:\/\/biovegen.org\/wp-content\/uploads\/2024\/09\/image-18x10.png 18w, https:\/\/biovegen.org\/wp-content\/uploads\/2024\/09\/image-600x333.png 600w, https:\/\/biovegen.org\/wp-content\/uploads\/2024\/09\/image.png 1909w\"><\/figure>","protected":false},"excerpt":{"rendered":"<p>INVEGEN &#8211; Asociaci\u00f3n para el Fomento de la I+D Tecnol\u00f3gica en Gen\u00f3mica Vegetal La&nbsp;Asociaci\u00f3n&nbsp;INVEGEN&nbsp;es la entidad&nbsp;promotora y coordinadora&nbsp;de BIOVEGEN (Plataforma Tecnol\u00f3gica de Biotecnolog\u00eda Vegetal). INVEGEN naci\u00f3 como asociaci\u00f3n privada sin \u00e1nimo de lucro a finales de 2005, como iniciativa de un grupo de empresas y centros de investigaci\u00f3n, inicialmente catalizada por la convocatoria internacional de [&hellip;]<\/p>\n","protected":false},"author":1,"featured_media":0,"parent":18,"menu_order":2,"comment_status":"closed","ping_status":"closed","template":"","meta":{"_acf_changed":false,"inline_featured_image":false,"footnotes":""},"categories":[],"class_list":["post-284","page","type-page","status-publish","hentry"],"acf":[],"_links":{"self":[{"href":"https:\/\/biovegen.org\/en\/wp-json\/wp\/v2\/pages\/284","targetHints":{"allow":["GET"]}}],"collection":[{"href":"https:\/\/biovegen.org\/en\/wp-json\/wp\/v2\/pages"}],"about":[{"href":"https:\/\/biovegen.org\/en\/wp-json\/wp\/v2\/types\/page"}],"author":[{"embeddable":true,"href":"https:\/\/biovegen.org\/en\/wp-json\/wp\/v2\/users\/1"}],"replies":[{"embeddable":true,"href":"https:\/\/biovegen.org\/en\/wp-json\/wp\/v2\/comments?post=284"}],"version-history":[{"count":0,"href":"https:\/\/biovegen.org\/en\/wp-json\/wp\/v2\/pages\/284\/revisions"}],"up":[{"embeddable":true,"href":"https:\/\/biovegen.org\/en\/wp-json\/wp\/v2\/pages\/18"}],"wp:attachment":[{"href":"https:\/\/biovegen.org\/en\/wp-json\/wp\/v2\/media?parent=284"}],"wp:term":[{"taxonomy":"category","embeddable":true,"href":"https:\/\/biovegen.org\/en\/wp-json\/wp\/v2\/categories?post=284"}],"curies":[{"name":"wp","href":"https:\/\/api.w.org\/{rel}","templated":true}]}}