{"id":282,"date":"2020-03-19T12:09:21","date_gmt":"2020-03-19T12:09:21","guid":{"rendered":"https:\/\/biovegen.org\/?page_id=282"},"modified":"2022-05-25T15:52:23","modified_gmt":"2022-05-25T15:52:23","slug":"que-es-biovegen","status":"publish","type":"page","link":"https:\/\/biovegen.org\/en\/biovegen\/que-es-biovegen\/","title":{"rendered":"What is BIOVEGEN?"},"content":{"rendered":"<h2 class=\"wp-block-heading\"><strong>BIOVEGEN: Plant Biotechnology Technological Platform<\/strong><\/h2>\n\n\n\n<div class=\"wp-block-image\"><figure class=\"aligncenter size-large is-resized\"><img fetchpriority=\"high\" decoding=\"async\" src=\"data:image\/gif;base64,R0lGODlhAQABAAAAACH5BAEKAAEALAAAAAABAAEAAAICTAEAOw==\" alt=\"\" class=\"wp-image-571 lazyload\" width=\"387\" height=\"254\" sizes=\"(max-width: 387px) 100vw, 387px\" data-src=\"https:\/\/biovegen.org\/wp-content\/uploads\/2020\/03\/Qu\u00e9-es-BIOVEGEN.jpg\" data-srcset=\"https:\/\/biovegen.org\/wp-content\/uploads\/2020\/03\/Qu\u00e9-es-BIOVEGEN.jpg 516w, https:\/\/biovegen.org\/wp-content\/uploads\/2020\/03\/Qu\u00e9-es-BIOVEGEN-300x197.jpg 300w\"><\/figure><\/div>\n\n\n\n<p>BIOVEGEN is a public-private association, led by the business sector, that brings together entities from the agri-food sector with interest in plant innovation:<\/p>\n\n\n\n<ul class=\"wp-block-list\"><li><strong>Companies&nbsp;<\/strong>of the agri-food sector:<ul><li>Breeders of plant varieties: intensive and extensive crops<\/li><li>Fertilization and plant nutrition<\/li><li>Plant protection<\/li><li>Agrobiotechnology and R&amp;D management<\/li><\/ul><\/li><li><strong>Public research organizations<\/strong><\/li><li>Administration<\/li><\/ul>\n\n\n\n<div class=\"wp-block-buttons is-layout-flex wp-block-buttons-is-layout-flex\">\n<div class=\"wp-block-button is-style-outline is-style-outline--1\"><a class=\"wp-block-button__link has-text-color has-background no-border-radius\" href=\"https:\/\/biovegen.org\/category\/socios\/\" style=\"background-color:#588e0d;color:#ffffff\" target=\"_blank\" rel=\"noreferrer noopener\"><strong>See BIOVEGEN PARTNERS<\/strong><\/a><\/div>\n<\/div>\n\n\n\n<div style=\"height:25px\" aria-hidden=\"true\" class=\"wp-block-spacer\"><\/div>\n\n\n\n<p>Our goal is to improve the&nbsp;<strong>competitiveness&nbsp;<\/strong>of the Spanish agri-food sector through the incorporation of new technologies based on plant biology:&nbsp;<\/p>\n\n\n\n<ul class=\"wp-block-list\"><li>Generation of joint public-private R&amp;D&amp;i projects<\/li><li>Greater transfer of knowledge and technology to the business sector<\/li><li>Contribute to the design of R&amp;D strategies adapted to the agri-food sector<\/li><li>Promote greater public and private investment in R&amp;D<\/li><\/ul>\n\n\n\n<div style=\"height:25px\" aria-hidden=\"true\" class=\"wp-block-spacer\"><\/div>\n\n\n\n<h2 class=\"wp-block-heading\"><strong>BIOVEGEN Activities<\/strong><\/h2>\n\n\n\n<p>The activities we carry out are grouped into 5 large blocks:<\/p>\n\n\n\n<div class=\"wp-block-columns is-layout-flex wp-container-core-columns-is-layout-9d6595d7 wp-block-columns-is-layout-flex\">\n<div class=\"wp-block-column is-layout-flow wp-block-column-is-layout-flow\">\n<div class=\"wp-block-image\"><figure class=\"aligncenter size-full is-resized\"><img decoding=\"async\" src=\"data:image\/gif;base64,R0lGODlhAQABAAAAACH5BAEKAAEALAAAAAABAAEAAAICTAEAOw==\" alt=\"\" class=\"wp-image-13557 lazyload\" width=\"129\" height=\"193\" sizes=\"(max-width: 129px) 100vw, 129px\" data-src=\"https:\/\/biovegen.org\/wp-content\/uploads\/2022\/05\/proyectos-idi.jpg\" data-srcset=\"https:\/\/biovegen.org\/wp-content\/uploads\/2022\/05\/proyectos-idi.jpg 267w, https:\/\/biovegen.org\/wp-content\/uploads\/2022\/05\/proyectos-idi-200x300.jpg 200w\"><\/figure><\/div>\n<\/div>\n\n\n\n<div class=\"wp-block-column is-layout-flow wp-block-column-is-layout-flow\">\n<div class=\"wp-block-image\"><figure class=\"aligncenter size-full is-resized\"><img decoding=\"async\" src=\"data:image\/gif;base64,R0lGODlhAQABAAAAACH5BAEKAAEALAAAAAABAAEAAAICTAEAOw==\" alt=\"\" class=\"wp-image-13559 lazyload\" width=\"124\" height=\"184\" sizes=\"(max-width: 124px) 100vw, 124px\" data-src=\"https:\/\/biovegen.org\/wp-content\/uploads\/2022\/05\/Agenda-Estrategida-de-investigacion-web.jpg\" data-srcset=\"https:\/\/biovegen.org\/wp-content\/uploads\/2022\/05\/Agenda-Estrategida-de-investigacion-web.jpg 267w, https:\/\/biovegen.org\/wp-content\/uploads\/2022\/05\/Agenda-Estrategida-de-investigacion-web-201x300.jpg 201w\"><\/figure><\/div>\n<\/div>\n\n\n\n<div class=\"wp-block-column is-layout-flow wp-block-column-is-layout-flow\">\n<div class=\"wp-block-image\"><figure class=\"aligncenter size-full is-resized\"><img loading=\"lazy\" decoding=\"async\" src=\"data:image\/gif;base64,R0lGODlhAQABAAAAACH5BAEKAAEALAAAAAABAAEAAAICTAEAOw==\" alt=\"\" class=\"wp-image-13560 lazyload\" width=\"129\" height=\"192\" data-src=\"https:\/\/biovegen.org\/wp-content\/uploads\/2022\/05\/Eventos-web.jpg\"><\/figure><\/div>\n<\/div>\n<\/div>\n\n\n\n<div class=\"wp-block-columns is-layout-flex wp-container-core-columns-is-layout-9d6595d7 wp-block-columns-is-layout-flex\">\n<div class=\"wp-block-column is-layout-flow wp-block-column-is-layout-flow\">\n<div class=\"wp-block-image\"><figure class=\"aligncenter size-full is-resized\"><img loading=\"lazy\" decoding=\"async\" src=\"data:image\/gif;base64,R0lGODlhAQABAAAAACH5BAEKAAEALAAAAAABAAEAAAICTAEAOw==\" alt=\"\" class=\"wp-image-13561 lazyload\" width=\"128\" height=\"193\" sizes=\"(max-width: 128px) 100vw, 128px\" data-src=\"https:\/\/biovegen.org\/wp-content\/uploads\/2022\/05\/publicaciones-web.jpg\" data-srcset=\"https:\/\/biovegen.org\/wp-content\/uploads\/2022\/05\/publicaciones-web.jpg 268w, https:\/\/biovegen.org\/wp-content\/uploads\/2022\/05\/publicaciones-web-200x300.jpg 200w\"><\/figure><\/div>\n<\/div>\n\n\n\n<div class=\"wp-block-column is-layout-flow wp-block-column-is-layout-flow\">\n<div class=\"wp-block-image\"><figure class=\"aligncenter size-full is-resized\"><img loading=\"lazy\" decoding=\"async\" src=\"data:image\/gif;base64,R0lGODlhAQABAAAAACH5BAEKAAEALAAAAAABAAEAAAICTAEAOw==\" alt=\"\" class=\"wp-image-13562 lazyload\" width=\"125\" height=\"186\" sizes=\"(max-width: 125px) 100vw, 125px\" data-src=\"https:\/\/biovegen.org\/wp-content\/uploads\/2022\/05\/colaboraciones-web.jpg\" data-srcset=\"https:\/\/biovegen.org\/wp-content\/uploads\/2022\/05\/colaboraciones-web.jpg 268w, https:\/\/biovegen.org\/wp-content\/uploads\/2022\/05\/colaboraciones-web-201x300.jpg 201w\"><\/figure><\/div>\n<\/div>\n<\/div>","protected":false},"excerpt":{"rendered":"<p>BIOVEGEN: Plataforma Tecnol\u00f3gica de Biotecnolog\u00eda Vegetal BIOVEGEN es una asociaci\u00f3n p\u00fablico-privada, liderada por el sector empresarial, que re\u00fane a entidades del sector agroalimentario con inter\u00e9s en innovaci\u00f3n vegetal: Empresas&nbsp;del sector agroalimentario: Obtentores de variedades vegetales: cultivos intensivos y extensivos Fertilizaci\u00f3n y nutrici\u00f3n vegetal Protecci\u00f3n vegetal Agrobiotecnolog\u00eda y gesti\u00f3n de la I+D Organismos p\u00fablicos de investigaci\u00f3n [&hellip;]<\/p>\n","protected":false},"author":1,"featured_media":0,"parent":18,"menu_order":1,"comment_status":"closed","ping_status":"closed","template":"","meta":{"_acf_changed":false,"inline_featured_image":false,"footnotes":""},"categories":[],"class_list":["post-282","page","type-page","status-publish","hentry"],"acf":[],"_links":{"self":[{"href":"https:\/\/biovegen.org\/en\/wp-json\/wp\/v2\/pages\/282","targetHints":{"allow":["GET"]}}],"collection":[{"href":"https:\/\/biovegen.org\/en\/wp-json\/wp\/v2\/pages"}],"about":[{"href":"https:\/\/biovegen.org\/en\/wp-json\/wp\/v2\/types\/page"}],"author":[{"embeddable":true,"href":"https:\/\/biovegen.org\/en\/wp-json\/wp\/v2\/users\/1"}],"replies":[{"embeddable":true,"href":"https:\/\/biovegen.org\/en\/wp-json\/wp\/v2\/comments?post=282"}],"version-history":[{"count":0,"href":"https:\/\/biovegen.org\/en\/wp-json\/wp\/v2\/pages\/282\/revisions"}],"up":[{"embeddable":true,"href":"https:\/\/biovegen.org\/en\/wp-json\/wp\/v2\/pages\/18"}],"wp:attachment":[{"href":"https:\/\/biovegen.org\/en\/wp-json\/wp\/v2\/media?parent=282"}],"wp:term":[{"taxonomy":"category","embeddable":true,"href":"https:\/\/biovegen.org\/en\/wp-json\/wp\/v2\/categories?post=282"}],"curies":[{"name":"wp","href":"https:\/\/api.w.org\/{rel}","templated":true}]}}