{"id":25177,"date":"2026-03-25T12:45:07","date_gmt":"2026-03-25T11:45:07","guid":{"rendered":"https:\/\/biovegen.org\/?page_id=25177"},"modified":"2026-03-25T12:53:01","modified_gmt":"2026-03-25T11:53:01","slug":"formulario-de-inscripcion-3","status":"publish","type":"page","link":"https:\/\/biovegen.org\/en\/formulario-de-inscripcion-3\/","title":{"rendered":"Registration form"},"content":{"rendered":"\n<figure class=\"wp-block-image size-large is-resized\"><img fetchpriority=\"high\" decoding=\"async\" width=\"1024\" height=\"576\" src=\"data:image\/gif;base64,R0lGODlhAQABAAAAACH5BAEKAAEALAAAAAABAAEAAAICTAEAOw==\" alt=\"\" class=\"wp-image-25179 lazyload\" style=\"width:615px;height:auto\" sizes=\"(max-width: 1024px) 100vw, 1024px\" data-src=\"https:\/\/biovegen.org\/wp-content\/uploads\/2026\/03\/Cartel_JornadaIBMCP2026-1024x576.jpg\" data-srcset=\"https:\/\/biovegen.org\/wp-content\/uploads\/2026\/03\/Cartel_JornadaIBMCP2026-1024x576.jpg 1024w, https:\/\/biovegen.org\/wp-content\/uploads\/2026\/03\/Cartel_JornadaIBMCP2026-300x169.jpg 300w, https:\/\/biovegen.org\/wp-content\/uploads\/2026\/03\/Cartel_JornadaIBMCP2026-768x432.jpg 768w, https:\/\/biovegen.org\/wp-content\/uploads\/2026\/03\/Cartel_JornadaIBMCP2026-1536x864.jpg 1536w, https:\/\/biovegen.org\/wp-content\/uploads\/2026\/03\/Cartel_JornadaIBMCP2026-18x10.jpg 18w, https:\/\/biovegen.org\/wp-content\/uploads\/2026\/03\/Cartel_JornadaIBMCP2026-600x338.jpg 600w, https:\/\/biovegen.org\/wp-content\/uploads\/2026\/03\/Cartel_JornadaIBMCP2026.jpg 1920w\"><\/figure>\n\n\n\n<div style=\"height:25px\" aria-hidden=\"true\" class=\"wp-block-spacer\"><\/div>\n\n\n<div class=\"wpforms-container wpforms-container-full wpforms-block wpforms-block-dcc7254a-ce53-4a20-98cc-d9325c40850d\" id=\"wpforms-25166\"><form id=\"wpforms-form-25166\" class=\"wpforms-validate wpforms-form wpforms-ajax-form\" data-formid=\"25166\" method=\"post\" enctype=\"multipart\/form-data\" action=\"\/en\/wp-json\/wp\/v2\/pages\/25177\" data-token=\"f1d5be8fdf873ae5348aebe48e4898c1\" data-token-time=\"1776742202\"><noscript class=\"wpforms-error-noscript\">Please enable JavaScript in your browser to complete this form.<\/noscript><div class=\"wpforms-field-container\"><div id=\"wpforms-25166-field_1-container\" class=\"wpforms-field wpforms-field-name\" data-field-id=\"1\"><label class=\"wpforms-field-label\">Nombre <span class=\"wpforms-required-label\">*<\/span><\/label><div class=\"wpforms-field-row wpforms-field-medium\"><div class=\"wpforms-field-row-block wpforms-first wpforms-one-half\"><input type=\"text\" id=\"wpforms-25166-field_1\" class=\"wpforms-field-name-first wpforms-field-required\" name=\"wpforms[fields][1][first]\" required><label for=\"wpforms-25166-field_1\" class=\"wpforms-field-sublabel after\">First<\/label><\/div><div class=\"wpforms-field-row-block wpforms-one-half\"><input type=\"text\" id=\"wpforms-25166-field_1-last\" class=\"wpforms-field-name-last wpforms-field-required\" name=\"wpforms[fields][1][last]\" required><label for=\"wpforms-25166-field_1-last\" class=\"wpforms-field-sublabel after\">Last<\/label><\/div><\/div><\/div><div id=\"wpforms-25166-field_2-container\" class=\"wpforms-field wpforms-field-text\" data-field-id=\"2\"><label class=\"wpforms-field-label\" for=\"wpforms-25166-field_2\">Entidad <span class=\"wpforms-required-label\">*<\/span><\/label><input type=\"text\" id=\"wpforms-25166-field_2\" class=\"wpforms-field-medium wpforms-field-required\" name=\"wpforms[fields][2]\" required><\/div><div id=\"wpforms-25166-field_3-container\" class=\"wpforms-field wpforms-field-text\" data-field-id=\"3\"><label class=\"wpforms-field-label\" for=\"wpforms-25166-field_3\">Cargo <span class=\"wpforms-required-label\">*<\/span><\/label><input type=\"text\" id=\"wpforms-25166-field_3\" class=\"wpforms-field-medium wpforms-field-required\" name=\"wpforms[fields][3]\" required><\/div><div id=\"wpforms-25166-field_4-container\" class=\"wpforms-field wpforms-field-email\" data-field-id=\"4\"><label class=\"wpforms-field-label\" for=\"wpforms-25166-field_4\">Correo electr\u00f3nico <span class=\"wpforms-required-label\">*<\/span><\/label><input type=\"email\" id=\"wpforms-25166-field_4\" class=\"wpforms-field-medium wpforms-field-required\" name=\"wpforms[fields][4]\" spellcheck=\"false\" required><\/div><div id=\"wpforms-25166-field_5-container\" class=\"wpforms-field wpforms-field-phone\" data-field-id=\"5\"><label class=\"wpforms-field-label\" for=\"wpforms-25166-field_5\">Tel\u00e9fono <span class=\"wpforms-required-label\">*<\/span><\/label><input type=\"tel\" id=\"wpforms-25166-field_5\" class=\"wpforms-field-medium wpforms-field-required wpforms-smart-phone-field\" data-rule-smart-phone-field=\"true\" name=\"wpforms[fields][5]\" aria-label=\"Tel\u00e9fono\" required><\/div><div id=\"wpforms-25166-field_6-container\" class=\"wpforms-field wpforms-field-textarea\" data-field-id=\"6\"><label class=\"wpforms-field-label\" for=\"wpforms-25166-field_6\">Descripci\u00f3n de su entidad <span class=\"wpforms-required-label\">*<\/span><\/label><textarea id=\"wpforms-25166-field_6\" class=\"wpforms-field-medium wpforms-field-required\" name=\"wpforms[fields][6]\" required><\/textarea><div class=\"wpforms-field-description\">Esta descripci\u00f3n se incluir\u00e1 en el \u00ablistado de entidades asistentes\u00bb con el fin de fomentar la celebraci\u00f3n de reuniones b2b<\/div><\/div>\t\t<div id=\"wpforms-25166-field_8-container\"\n\t\t\tclass=\"wpforms-field wpforms-field-text\"\n\t\t\tdata-field-type=\"text\"\n\t\t\tdata-field-id=\"8\"\n\t\t\t>\n\t\t\t<label class=\"wpforms-field-label\" for=\"wpforms-25166-field_8\" >electr\u00f3nico entidad Nombre<\/label>\n\t\t\t<input type=\"text\" id=\"wpforms-25166-field_8\" class=\"wpforms-field-medium\" name=\"wpforms[fields][8]\" >\n\t\t<\/div>\n\t\t<div id=\"wpforms-25166-field_7-container\" class=\"wpforms-field wpforms-field-text\" data-field-id=\"7\"><label class=\"wpforms-field-label\" for=\"wpforms-25166-field_7\">Localizaci\u00f3n <span class=\"wpforms-required-label\">*<\/span><\/label><input type=\"text\" id=\"wpforms-25166-field_7\" class=\"wpforms-field-medium wpforms-field-required\" name=\"wpforms[fields][7]\" required><div class=\"wpforms-field-description\">Por favor, indique la ubicaci\u00f3n de su entidad<\/div><\/div><script>\n\t\t\t\t( function() {\n\t\t\t\t\tconst style = document.createElement( 'style' );\n\t\t\t\t\tstyle.appendChild( document.createTextNode( '#wpforms-25166-field_8-container { position: absolute !important; overflow: hidden !important; display: inline !important; height: 1px !important; width: 1px !important; z-index: -1000 !important; padding: 0 !important; } #wpforms-25166-field_8-container input { visibility: hidden; } #wpforms-conversational-form-page #wpforms-25166-field_8-container label { counter-increment: none; }' ) );\n\t\t\t\t\tdocument.head.appendChild( style );\n\t\t\t\t\tdocument.currentScript?.remove();\n\t\t\t\t} )();\n\t\t\t<\/script><\/div><!-- .wpforms-field-container --><div class=\"wpforms-recaptcha-container wpforms-is-recaptcha wpforms-is-recaptcha-type-v2\" ><div class=\"g-recaptcha\" data-sitekey=\"6Lcgy_MUAAAAAI0u7ZkW1RApV6nOxonEv6CdnJKG\"><\/div><input type=\"text\" name=\"g-recaptcha-hidden\" class=\"wpforms-recaptcha-hidden\" style=\"position:absolute!important;clip:rect(0,0,0,0)!important;height:1px!important;width:1px!important;border:0!important;overflow:hidden!important;padding:0!important;margin:0!important;\" data-rule-recaptcha=\"1\"><\/div><div class=\"wpforms-submit-container\" ><input type=\"hidden\" name=\"wpforms[id]\" value=\"25166\"><input type=\"hidden\" name=\"page_title\" value=\"\"><input type=\"hidden\" name=\"page_url\" value=\"https:\/\/biovegen.org\/en\/wp-json\/wp\/v2\/pages\/25177\"><input type=\"hidden\" name=\"url_referer\" value=\"\"><button type=\"submit\" name=\"wpforms[submit]\" id=\"wpforms-submit-25166\" class=\"wpforms-submit\" data-alt-text=\"Enviando...\" data-submit-text=\"Enviar\" aria-live=\"assertive\" value=\"wpforms-submit\">Enviar<\/button><img decoding=\"async\" src=\"data:image\/gif;base64,R0lGODlhAQABAAAAACH5BAEKAAEALAAAAAABAAEAAAICTAEAOw==\" class=\"wpforms-submit-spinner lazyload\" style=\"display: none;\" width=\"26\" height=\"26\" alt=\"Loading\" data-src=\"https:\/\/biovegen.org\/wp-content\/plugins\/wpforms\/assets\/images\/submit-spin.svg\"><\/div><\/form><\/div>  <!-- .wpforms-container -->\n\n\n<div style=\"height:25px\" aria-hidden=\"true\" class=\"wp-block-spacer\"><\/div>\n\n\n\n<blockquote class=\"wp-block-quote is-layout-flow wp-block-quote-is-layout-flow\">\n<p><em><strong>Nota<\/strong>: al cumplimentar este formulario consiente que sus datos personales sean tratados por BIOVEGEN para gestionar su participaci\u00f3n en la III Jornada IBMCP-EMPRESAS y recibir informaci\u00f3n relativa a la Plataforma Tecnol\u00f3gica. Si desea modificar o dar de baja sus datos personales, puede hacerlo enviando un email a la direcci\u00f3n de correo electr\u00f3nico\u00a0<a href=\"mailto:dlapuente@invegen.org\" target=\"_blank\" rel=\"noreferrer noopener\">dlapuente@invegen.org<\/a><\/em><\/p>\n<\/blockquote>\n","protected":false},"excerpt":{"rendered":"<p>Nota: al cumplimentar este formulario consiente que sus datos personales sean tratados por BIOVEGEN para gestionar su participaci\u00f3n en la III Jornada IBMCP-EMPRESAS y recibir informaci\u00f3n relativa a la Plataforma Tecnol\u00f3gica. Si desea modificar o dar de baja sus datos personales, puede hacerlo enviando un email a la direcci\u00f3n de correo electr\u00f3nico\u00a0dlapuente@invegen.org<\/p>","protected":false},"author":8,"featured_media":25179,"parent":0,"menu_order":0,"comment_status":"closed","ping_status":"closed","template":"","meta":{"_acf_changed":false,"inline_featured_image":false,"footnotes":""},"categories":[],"class_list":["post-25177","page","type-page","status-publish","has-post-thumbnail","hentry"],"acf":[],"_links":{"self":[{"href":"https:\/\/biovegen.org\/en\/wp-json\/wp\/v2\/pages\/25177","targetHints":{"allow":["GET"]}}],"collection":[{"href":"https:\/\/biovegen.org\/en\/wp-json\/wp\/v2\/pages"}],"about":[{"href":"https:\/\/biovegen.org\/en\/wp-json\/wp\/v2\/types\/page"}],"author":[{"embeddable":true,"href":"https:\/\/biovegen.org\/en\/wp-json\/wp\/v2\/users\/8"}],"replies":[{"embeddable":true,"href":"https:\/\/biovegen.org\/en\/wp-json\/wp\/v2\/comments?post=25177"}],"version-history":[{"count":6,"href":"https:\/\/biovegen.org\/en\/wp-json\/wp\/v2\/pages\/25177\/revisions"}],"predecessor-version":[{"id":25187,"href":"https:\/\/biovegen.org\/en\/wp-json\/wp\/v2\/pages\/25177\/revisions\/25187"}],"wp:featuredmedia":[{"embeddable":true,"href":"https:\/\/biovegen.org\/en\/wp-json\/wp\/v2\/media\/25179"}],"wp:attachment":[{"href":"https:\/\/biovegen.org\/en\/wp-json\/wp\/v2\/media?parent=25177"}],"wp:term":[{"taxonomy":"category","embeddable":true,"href":"https:\/\/biovegen.org\/en\/wp-json\/wp\/v2\/categories?post=25177"}],"curies":[{"name":"wp","href":"https:\/\/api.w.org\/{rel}","templated":true}]}}