{"id":11503,"date":"2021-09-23T18:42:56","date_gmt":"2021-09-23T18:42:56","guid":{"rendered":"https:\/\/biovegen.org\/?page_id=11503"},"modified":"2022-06-09T12:25:39","modified_gmt":"2022-06-09T12:25:39","slug":"foro-de-presentaciones-biotech-attraction","status":"publish","type":"page","link":"https:\/\/biovegen.org\/en\/actividades\/eventos\/fruit-attraction\/importante-presencia-de-biovegen-en-fruit-attraction-2021-5-7-de-octubre-madrid\/foro-de-presentaciones-biotech-attraction\/","title":{"rendered":"BIOTECH ATTRACTION presentation forum"},"content":{"rendered":"<p>In this forum, located in the BIOTECH ATTRACTION area \u2013 Pavilion 5 of IFEMA, numerous presentations will take place on different topics of interest to the agri-food sector. Below you can consult the presentations that will take place during the Fair and register for those that are of interest to you!<\/p>\n\n\n\n<div style=\"height:50px\" aria-hidden=\"true\" class=\"wp-block-spacer\"><\/div>\n\n\n\n<h2 class=\"wp-block-heading\">Presentations Tuesday, October 5, 2021<\/h2>\n\n\n\n<figure class=\"wp-block-image size-large\"><img fetchpriority=\"high\" decoding=\"async\" width=\"1024\" height=\"452\" src=\"data:image\/gif;base64,R0lGODlhAQABAAAAACH5BAEKAAEALAAAAAABAAEAAAICTAEAOw==\" alt=\"\" class=\"wp-image-11542 lazyload\" sizes=\"(max-width: 1024px) 100vw, 1024px\" data-src=\"https:\/\/biovegen.org\/wp-content\/uploads\/2021\/09\/Ponencias01-1024x452.jpg\" data-srcset=\"https:\/\/biovegen.org\/wp-content\/uploads\/2021\/09\/Ponencias01-1024x452.jpg 1024w, https:\/\/biovegen.org\/wp-content\/uploads\/2021\/09\/Ponencias01-600x265.jpg 600w, https:\/\/biovegen.org\/wp-content\/uploads\/2021\/09\/Ponencias01-300x132.jpg 300w, https:\/\/biovegen.org\/wp-content\/uploads\/2021\/09\/Ponencias01-768x339.jpg 768w, https:\/\/biovegen.org\/wp-content\/uploads\/2021\/09\/Ponencias01.jpg 1446w\"><\/figure>\n\n\n\n<div style=\"height:50px\" aria-hidden=\"true\" class=\"wp-block-spacer\"><\/div>\n\n\n\n<h2 class=\"wp-block-heading\">Presentations Wednesday, October 6, 2021<\/h2>\n\n\n\n<figure class=\"wp-block-image size-large\"><img decoding=\"async\" width=\"715\" height=\"1024\" src=\"data:image\/gif;base64,R0lGODlhAQABAAAAACH5BAEKAAEALAAAAAABAAEAAAICTAEAOw==\" alt=\"\" class=\"wp-image-11571 lazyload\" sizes=\"(max-width: 715px) 100vw, 715px\" data-src=\"https:\/\/biovegen.org\/wp-content\/uploads\/2021\/10\/Ponencias02-715x1024.jpg\" data-srcset=\"https:\/\/biovegen.org\/wp-content\/uploads\/2021\/10\/Ponencias02-715x1024.jpg 715w, https:\/\/biovegen.org\/wp-content\/uploads\/2021\/10\/Ponencias02-600x859.jpg 600w, https:\/\/biovegen.org\/wp-content\/uploads\/2021\/10\/Ponencias02-209x300.jpg 209w, https:\/\/biovegen.org\/wp-content\/uploads\/2021\/10\/Ponencias02-768x1100.jpg 768w, https:\/\/biovegen.org\/wp-content\/uploads\/2021\/10\/Ponencias02-1073x1536.jpg 1073w, https:\/\/biovegen.org\/wp-content\/uploads\/2021\/10\/Ponencias02-1430x2048.jpg 1430w, https:\/\/biovegen.org\/wp-content\/uploads\/2021\/10\/Ponencias02.jpg 1449w\"><\/figure>\n\n\n\n<div style=\"height:50px\" aria-hidden=\"true\" class=\"wp-block-spacer\"><\/div>\n\n\n\n<h2 class=\"wp-block-heading\">Presentations Thursday, October 7, 2021<\/h2>\n\n\n\n<figure class=\"wp-block-image size-large\"><img decoding=\"async\" width=\"1024\" height=\"768\" src=\"data:image\/gif;base64,R0lGODlhAQABAAAAACH5BAEKAAEALAAAAAABAAEAAAICTAEAOw==\" alt=\"\" class=\"wp-image-11544 lazyload\" sizes=\"(max-width: 1024px) 100vw, 1024px\" data-src=\"https:\/\/biovegen.org\/wp-content\/uploads\/2021\/09\/Ponencias03-1024x768.jpg\" data-srcset=\"https:\/\/biovegen.org\/wp-content\/uploads\/2021\/09\/Ponencias03-1024x768.jpg 1024w, https:\/\/biovegen.org\/wp-content\/uploads\/2021\/09\/Ponencias03-600x450.jpg 600w, https:\/\/biovegen.org\/wp-content\/uploads\/2021\/09\/Ponencias03-300x225.jpg 300w, https:\/\/biovegen.org\/wp-content\/uploads\/2021\/09\/Ponencias03-768x576.jpg 768w, https:\/\/biovegen.org\/wp-content\/uploads\/2021\/09\/Ponencias03.jpg 1446w\"><\/figure>","protected":false},"excerpt":{"rendered":"<p>En este foro, ubicado en la zona BIOTECH ATTRACTION &#8211; Pabell\u00f3n 5 de IFEMA, tendr\u00e1n lugar numerosas presentaciones de diferentes tem\u00e1ticas de inter\u00e9s para el sector agroalimentario. A continuaci\u00f3n puedes consultar las presentaciones que tendr\u00e1n lugar durante la celebraci\u00f3n de la Feria e inscribirte a las que sean de tu inter\u00e9s! Presentaciones martes 5 de [&hellip;]<\/p>\n","protected":false},"author":1,"featured_media":0,"parent":11627,"menu_order":1,"comment_status":"closed","ping_status":"closed","template":"","meta":{"_acf_changed":false,"inline_featured_image":false,"footnotes":""},"categories":[],"class_list":["post-11503","page","type-page","status-publish","hentry"],"acf":[],"_links":{"self":[{"href":"https:\/\/biovegen.org\/en\/wp-json\/wp\/v2\/pages\/11503","targetHints":{"allow":["GET"]}}],"collection":[{"href":"https:\/\/biovegen.org\/en\/wp-json\/wp\/v2\/pages"}],"about":[{"href":"https:\/\/biovegen.org\/en\/wp-json\/wp\/v2\/types\/page"}],"author":[{"embeddable":true,"href":"https:\/\/biovegen.org\/en\/wp-json\/wp\/v2\/users\/1"}],"replies":[{"embeddable":true,"href":"https:\/\/biovegen.org\/en\/wp-json\/wp\/v2\/comments?post=11503"}],"version-history":[{"count":0,"href":"https:\/\/biovegen.org\/en\/wp-json\/wp\/v2\/pages\/11503\/revisions"}],"up":[{"embeddable":true,"href":"https:\/\/biovegen.org\/en\/wp-json\/wp\/v2\/pages\/11627"}],"wp:attachment":[{"href":"https:\/\/biovegen.org\/en\/wp-json\/wp\/v2\/media?parent=11503"}],"wp:term":[{"taxonomy":"category","embeddable":true,"href":"https:\/\/biovegen.org\/en\/wp-json\/wp\/v2\/categories?post=11503"}],"curies":[{"name":"wp","href":"https:\/\/api.w.org\/{rel}","templated":true}]}}